{"id":197,"date":"2024-11-06T19:44:27","date_gmt":"2024-11-06T19:44:27","guid":{"rendered":"https:\/\/zspmeszna.edu.pl\/przedszkole\/?page_id=197"},"modified":"2026-01-20T07:54:57","modified_gmt":"2026-01-20T07:54:57","slug":"pracownicy-przedszkola","status":"publish","type":"page","link":"https:\/\/zspmeszna.edu.pl\/przedszkole\/?page_id=197","title":{"rendered":"Pracownicy przedszkola"},"content":{"rendered":"<p><img loading=\"lazy\" decoding=\"async\" class=\"aligncenter wp-image-514 size-full\" src=\"https:\/\/zspmeszna.edu.pl\/przedszkole\/wp-content\/uploads\/2025\/01\/4-na-strone.jpg\" alt=\"\" width=\"1500\" height=\"479\" srcset=\"https:\/\/zspmeszna.edu.pl\/przedszkole\/wp-content\/uploads\/2025\/01\/4-na-strone.jpg 1500w, https:\/\/zspmeszna.edu.pl\/przedszkole\/wp-content\/uploads\/2025\/01\/4-na-strone-300x96.jpg 300w, https:\/\/zspmeszna.edu.pl\/przedszkole\/wp-content\/uploads\/2025\/01\/4-na-strone-1024x327.jpg 1024w, https:\/\/zspmeszna.edu.pl\/przedszkole\/wp-content\/uploads\/2025\/01\/4-na-strone-768x245.jpg 768w\" sizes=\"auto, (max-width: 1500px) 100vw, 1500px\" \/><\/p>\n<p><strong>Dyrektor Zespo\u0142u: mgr Jakub Klimczy\u0144ski, psycholog<br \/>\n<\/strong><\/p>\n<p><strong>Wicedyrektor Zespo\u0142u: mgr Michalina Matlak, kieruje bie\u017c\u0105c\u0105 dzia\u0142alno\u015bci\u0105 Przedszkola\u00a0<\/strong><\/p>\n<p><strong>Grono Pedagogiczne Przedszkola:<\/strong><br \/>\nmgr Aleksandra G\u00f3rny \u2013 wychowawca, lider Zespo\u0142u d.s. zapewnienia jako\u015bci pracy przedszkola<br \/>\nmgr Paulina Kania \u2013 wychowawca, lider Zespo\u0142u d.s. profilaktyki, wychowania, spraw socjalnych, kszta\u0142cenia specjalnego<br \/>\nmgr Natalia Kowalkowska \u2013 wychowawca,<br \/>\nmgr Michalina Matlak \u2013 lider Zespo\u0142u d.s. promocji przedszkola<br \/>\nmgr Marta Noga \u2013 wychowawca, lider Zespo\u0142u d.s. bezpiecze\u0144stwa<br \/>\nmgr Julia Biernat \u2013 wychowawca<br \/>\nmgr Anna T\u00f3rz \u2013 wychowawca, lider Zespo\u0142u d.s. nowelizacji dokument\u00f3w<br \/>\nmgr Sabina Urba\u015b-Bednarz \u2013 nauczyciel j\u0119zyka angielskiego<br \/>\nmgr Iwona Kwa\u015bny-Karch \u2013 wychowawca<br \/>\nmgr Magdalena Beskidzka \u2013 wychowawca<br \/>\nmgr Beata Kucharska \u2013 wychowawca<br \/>\nmgr Gra\u017cyna Kubica \u2013 katecheta, nauczyciel wsp\u00f3\u0142organizuj\u0105cy proces kszta\u0142cenia<br \/>\nmgr Sylwia Konior &#8211; nauczyciel wsp\u00f3\u0142organizuj\u0105cy proces kszta\u0142cenia<\/p>\n<p><strong>Psycholog:<\/strong> mgr Ewelina Kostko<\/p>\n<p><strong>Terapeuci pedagogiczni:\u00a0<\/strong>mgr Anna T\u00f3rz, mgr Paulina Kania<\/p>\n<p><strong>Terapeuta integracji sensorycznej:<\/strong>\u00a0mgr Marta Noga<\/p>\n<p><strong>Logopeda:<\/strong>\u00a0mgr Michalina Matlak<\/p>\n<p><strong>Pedagog specjalny:<\/strong>\u00a0mgr Paulina Kania<\/p>\n<p><strong>Personel Przedszkola:<\/strong><br \/>\nKatarzyna Pobo\u017cny \u2013 sekretarz Zespo\u0142u<br \/>\nmgr Monika Sadowska \u2013 intendent i sekretarz Przedszkola<br \/>\nAleksandra Wirska \u2013 starszy kucharz<br \/>\nMagdalena Kowalewska &#8211; pomoc kuchenna<br \/>\nStanis\u0142awa Kubica &#8211; pomoc kuchenna<br \/>\nBogdan Damek \u2013 konserwator<br \/>\nBarbara Laszczak \u2013 starsza wo\u017ana<br \/>\nAnna Pilarz \u2013 starsza wo\u017ana<br \/>\nMa\u0142gorzata Pomper \u2013 starsza wo\u017ana<br \/>\nAgnieszka Okrzesik \u2013 starsza wo\u017ana<br \/>\nMagda Kubica \u2013 starsza wo\u017ana<\/p>\n","protected":false},"excerpt":{"rendered":"<p>Dyrektor Zespo\u0142u: mgr Jakub Klimczy\u0144ski, psycholog Wicedyrektor Zespo\u0142u: mgr Michalina Matlak, kieruje bie\u017c\u0105c\u0105 dzia\u0142alno\u015bci\u0105 Przedszkola\u00a0 Grono Pedagogiczne Przedszkola: mgr Aleksandra G\u00f3rny \u2013 wychowawca, lider Zespo\u0142u d.s. zapewnienia jako\u015bci pracy przedszkola mgr Paulina Kania \u2013 wychowawca, lider Zespo\u0142u d.s. profilaktyki, wychowania, spraw socjalnych, kszta\u0142cenia specjalnego mgr Natalia Kowalkowska \u2013 wychowawca, mgr Michalina Matlak \u2013 lider Zespo\u0142u [&hellip;]<\/p>\n","protected":false},"author":1,"featured_media":0,"parent":0,"menu_order":0,"comment_status":"closed","ping_status":"closed","template":"","meta":{"footnotes":""},"class_list":["post-197","page","type-page","status-publish","hentry"],"_links":{"self":[{"href":"https:\/\/zspmeszna.edu.pl\/przedszkole\/index.php?rest_route=\/wp\/v2\/pages\/197","targetHints":{"allow":["GET"]}}],"collection":[{"href":"https:\/\/zspmeszna.edu.pl\/przedszkole\/index.php?rest_route=\/wp\/v2\/pages"}],"about":[{"href":"https:\/\/zspmeszna.edu.pl\/przedszkole\/index.php?rest_route=\/wp\/v2\/types\/page"}],"author":[{"embeddable":true,"href":"https:\/\/zspmeszna.edu.pl\/przedszkole\/index.php?rest_route=\/wp\/v2\/users\/1"}],"replies":[{"embeddable":true,"href":"https:\/\/zspmeszna.edu.pl\/przedszkole\/index.php?rest_route=%2Fwp%2Fv2%2Fcomments&post=197"}],"version-history":[{"count":7,"href":"https:\/\/zspmeszna.edu.pl\/przedszkole\/index.php?rest_route=\/wp\/v2\/pages\/197\/revisions"}],"predecessor-version":[{"id":1487,"href":"https:\/\/zspmeszna.edu.pl\/przedszkole\/index.php?rest_route=\/wp\/v2\/pages\/197\/revisions\/1487"}],"wp:attachment":[{"href":"https:\/\/zspmeszna.edu.pl\/przedszkole\/index.php?rest_route=%2Fwp%2Fv2%2Fmedia&parent=197"}],"curies":[{"name":"wp","href":"https:\/\/api.w.org\/{rel}","templated":true}]}}