{"id":199,"date":"2024-11-06T19:47:11","date_gmt":"2024-11-06T19:47:11","guid":{"rendered":"https:\/\/zspmeszna.edu.pl\/przedszkole\/?page_id=199"},"modified":"2025-04-09T13:00:48","modified_gmt":"2025-04-09T13:00:48","slug":"godziny-dostepnosci-nauczycieli","status":"publish","type":"page","link":"https:\/\/zspmeszna.edu.pl\/przedszkole\/?page_id=199","title":{"rendered":"Godziny dost\u0119pno\u015bci nauczycieli"},"content":{"rendered":"<p><strong>Prosimy o wcze\u015bniejsze um\u00f3wienie si\u0119 z wychowawc\u0105 na rozmow\u0119 podczas godziny dost\u0119pno\u015bci poprzez dziennik elektroniczny.\u00a0<\/strong><\/p>\n<p>G\u00f3rny Aleksandra<br \/>\nczwartek 15:30-16:30<\/p>\n<p>Kania Paulina<br \/>\n\u015broda 15:00-15:30<br \/>\npi\u0105tek 12:00-12:30<\/p>\n<p>Kowalkowska Natalia<br \/>\nwtorek 13:30-14:00<br \/>\npi\u0105tek 16:00-16:30<\/p>\n<p>Noga Marta<br \/>\nwtorek 9:00-9:30<br \/>\n\u015broda 15:00-15:30<\/p>\n<p>T\u00f3rz Anna<br \/>\nponiedzia\u0142ek 14:00-14:30, 15:30-16:00<\/p>\n<p>Julia Biernat<br \/>\nponiedzia\u0142ek 15:00-15:30<br \/>\nwtorek 10:00-10:30<\/p>\n<p>Iwona Kwa\u015bny-Karch<br \/>\nponiedzia\u0142ek 11:00-11:30<br \/>\nwtorek: 16:00-16:30<\/p>\n<p>Magdalena Beskidzka<br \/>\nponiedzia\u0142ek 11:00-11:30, 15:00-15:30<\/p>\n<p>Beata Kucharska<br \/>\nczwartek 16:00-16:30<br \/>\npi\u0105tek 11:00-11:30<\/p>\n","protected":false},"excerpt":{"rendered":"<p>Prosimy o wcze\u015bniejsze um\u00f3wienie si\u0119 z wychowawc\u0105 na rozmow\u0119 podczas godziny dost\u0119pno\u015bci poprzez dziennik elektroniczny.\u00a0 G\u00f3rny Aleksandra czwartek 15:30-16:30 Kania Paulina \u015broda 15:00-15:30 pi\u0105tek 12:00-12:30 Kowalkowska Natalia wtorek 13:30-14:00 pi\u0105tek 16:00-16:30 Noga Marta wtorek 9:00-9:30 \u015broda 15:00-15:30 T\u00f3rz Anna poniedzia\u0142ek 14:00-14:30, 15:30-16:00 Julia Biernat poniedzia\u0142ek 15:00-15:30 wtorek 10:00-10:30 Iwona Kwa\u015bny-Karch poniedzia\u0142ek 11:00-11:30 wtorek: 16:00-16:30 Magdalena [&hellip;]<\/p>\n","protected":false},"author":1,"featured_media":0,"parent":0,"menu_order":0,"comment_status":"closed","ping_status":"closed","template":"","meta":{"footnotes":""},"class_list":["post-199","page","type-page","status-publish","hentry"],"_links":{"self":[{"href":"https:\/\/zspmeszna.edu.pl\/przedszkole\/index.php?rest_route=\/wp\/v2\/pages\/199","targetHints":{"allow":["GET"]}}],"collection":[{"href":"https:\/\/zspmeszna.edu.pl\/przedszkole\/index.php?rest_route=\/wp\/v2\/pages"}],"about":[{"href":"https:\/\/zspmeszna.edu.pl\/przedszkole\/index.php?rest_route=\/wp\/v2\/types\/page"}],"author":[{"embeddable":true,"href":"https:\/\/zspmeszna.edu.pl\/przedszkole\/index.php?rest_route=\/wp\/v2\/users\/1"}],"replies":[{"embeddable":true,"href":"https:\/\/zspmeszna.edu.pl\/przedszkole\/index.php?rest_route=%2Fwp%2Fv2%2Fcomments&post=199"}],"version-history":[{"count":2,"href":"https:\/\/zspmeszna.edu.pl\/przedszkole\/index.php?rest_route=\/wp\/v2\/pages\/199\/revisions"}],"predecessor-version":[{"id":799,"href":"https:\/\/zspmeszna.edu.pl\/przedszkole\/index.php?rest_route=\/wp\/v2\/pages\/199\/revisions\/799"}],"wp:attachment":[{"href":"https:\/\/zspmeszna.edu.pl\/przedszkole\/index.php?rest_route=%2Fwp%2Fv2%2Fmedia&parent=199"}],"curies":[{"name":"wp","href":"https:\/\/api.w.org\/{rel}","templated":true}]}}