{"id":2,"date":"2024-02-18T11:21:50","date_gmt":"2024-02-18T11:21:50","guid":{"rendered":"https:\/\/zspmeszna.edu.pl\/przedszkole\/?page_id=2"},"modified":"2026-03-02T12:55:37","modified_gmt":"2026-03-02T12:55:37","slug":"sample-page","status":"publish","type":"page","link":"https:\/\/zspmeszna.edu.pl\/przedszkole\/?page_id=2","title":{"rendered":"Harmonogram wydarze\u0144"},"content":{"rendered":"<p><strong>HARMONOGRAM WYDARZE\u0143 W ROKU SZKOLNYM 2025\/2026<\/strong><\/p>\r\n<ul>\r\n<li>Zebranie z Rodzicami \u2013 27 sierpnia godz. 16:30<\/li>\r\n<li>Dzie\u0144 Kropki \u2013 15 wrze\u015bnia (ubrania w kropki mile widziane)<\/li>\r\n<li>Dzie\u0144 Przedszkolaka \u2013 22 wrze\u015bnia<\/li>\r\n<li>Dzie\u0144 Kasztana \u2013 3 pa\u017adziernika<\/li>\r\n<li>Dzie\u0144 Warzyw i Owoc\u00f3w \u2013 17 pa\u017adziernika<\/li>\r\n<li>Spotkanie z policjantem \u2013 pa\u017adziernik<\/li>\r\n<li>Konsultacje indywidualne &#8211; 27 pa\u017adziernika 16:00-17:00<\/li>\r\n<li>Warsztaty ekologiczne &#8211; 27 pa\u017adziernika S\u00f3wki, Wilczki<\/li>\r\n<li>\u015awi\u0105teczna sesja zdj\u0119ciowa \u20136 listopada (str\u00f3j wedle uznania, najlepiej \u015bwi\u0105teczny)<\/li>\r\n<li>Przedstawienie teatru Ptak &#8222;Tygrys Pietrek&#8221; &#8211; 7 listopada godz. 10:00 p\u0142atne z funduszy Rady Rodzic\u00f3w<\/li>\r\n<li>Uroczysto\u015b\u0107 z okazji \u015awi\u0119ta Niepodleg\u0142o\u015bci \u2013 12 listopada (str\u00f3j galowy)<\/li>\r\n<li>Warsztaty edukacyjne &#8222;Le\u015bne opowie\u015bci&#8221; &#8211; 13, 14 listopada p\u0142atne z funduszy Rady Rodzic\u00f3w<\/li>\r\n<li>Dzie\u0144 \u017byczliwo\u015bci i Pozdrowie\u0144 \u2013 21 listopada (\u017c\u00f3\u0142te\/pomara\u0144czowe ubrania)<\/li>\r\n<li>Zebranie z rodzicami 24 listopada godz. 16:30-17:30<\/li>\r\n<li>Dzie\u0144 Pluszowego Misia \u2013 25 listopada (mo\u017cna przynie\u015b\u0107 pluszowe misie)<\/li>\r\n<li>Andrzejki \u2013 28 listopada<\/li>\r\n<li>Miko\u0142ajki (Zabawy z animatorami) &#8211; 1 grudnia<\/li>\r\n<li>Dekorowanie piernik\u00f3w z KGW &#8211; 16 i 17 grudnia<\/li>\r\n<li>Wigilia Przedszkolna \u2013 18 grudnia\u00a0<\/li>\r\n<li>Kiermasz Bo\u017conarodzeniowy \u2013 19 grudnia<\/li>\r\n<li><span style=\"color: #ff0000;\">Przerwa w pracy przedszkola &#8211; dy\u017cur w Bystrej 5 stycznia 2026<\/span><\/li>\r\n<li>Dzie\u0144 Babci i Dziadka\u00a0 \u2013 27 stycznia godz. 10:00 Biedronki, Je\u017cyki, Zaj\u0105czki; godz. 13:00 Wilczki, S\u00f3wki<\/li>\r\n<li>Bal Karnawa\u0142owy \u2013 3 lutego<\/li>\r\n<li>Konsultacje indywidualne &#8211; 12 lutego godz. 16:00<\/li>\r\n<li>Walentynki \u2013 13 lutego<\/li>\r\n<li><span style=\"color: #3366ff;\">REKRUTACJA NA ROK SZKOLNY 26\/27\u00a0 02-13 marca<\/span><\/li>\r\n<li>Dzie\u0144 Kobiet i M\u0119\u017cczyzn \u2013 9 marca<\/li>\r\n<li>Przedstawienie teatru Ptak \u2013 \u201eSzcz\u0119\u015bliwy ksi\u0105\u017c\u0119\u201d \u2013 13 marca godz. 10:00 p\u0142atne z funduszy Rady Rodzic\u00f3w<\/li>\r\n<li>Wiosenna sesja zdj\u0119ciowa &#8211; 17 marca<\/li>\r\n<li>Powitanie Wiosny \u2013 20 marca (Dzie\u0144 Kolorowej Skarpetki)<\/li>\r\n<li>Dzie\u0144 \u015awiadomo\u015bci Autyzmu (niebieskie ubrania) \u2013 2 kwietnia<\/li>\r\n<li>Sprz\u0105tanie \u015awiata \u2013 22 kwietnia<\/li>\r\n<li>Zdj\u0119cia grupowe, zdj\u0119cia legitymacyjne \u2013 12 maja<\/li>\r\n<li>Dzie\u0144 Pszczo\u0142y \u2013 20 maja<\/li>\r\n<li>Rekrutacja wakacje &#8211; maj<\/li>\r\n<li>Konsultacje indywidualne &#8211; maj<\/li>\r\n<li>Piknik Rodzinny \u2013 29 maja<\/li>\r\n<li><span style=\"color: #ff0000;\">Przerwa w pracy przedszkola &#8211; dy\u017cur w Wilkowicach 5 czerwca 2026<\/span><\/li>\r\n<li>Dzie\u0144 Dziecka \u2013 1 czerwca<\/li>\r\n<li>Po\u017cegnanie Przedszkola \u2013 czerwiec<\/li>\r\n<li>Dy\u017cur wakacyjny w Mesznej &#8211; lipiec &#8211; rekrutacja w maju<\/li>\r\n<li>Dy\u017cur wakacyjny w Bystrej &#8211; sierpie\u0144 &#8211; rekrutacja w maju<\/li>\r\n<\/ul>\r\n","protected":false},"excerpt":{"rendered":"<p>HARMONOGRAM WYDARZE\u0143 W ROKU SZKOLNYM 2025\/2026 Zebranie z Rodzicami \u2013 27 sierpnia godz. 16:30 Dzie\u0144 Kropki \u2013 15 wrze\u015bnia (ubrania w kropki mile widziane) Dzie\u0144 Przedszkolaka \u2013 22 wrze\u015bnia Dzie\u0144 Kasztana \u2013 3 pa\u017adziernika Dzie\u0144 Warzyw i Owoc\u00f3w \u2013 17 pa\u017adziernika Spotkanie z policjantem \u2013 pa\u017adziernik Konsultacje indywidualne &#8211; 27 pa\u017adziernika 16:00-17:00 Warsztaty ekologiczne &#8211; [&hellip;]<\/p>\n","protected":false},"author":1,"featured_media":0,"parent":0,"menu_order":0,"comment_status":"closed","ping_status":"open","template":"","meta":{"footnotes":""},"class_list":["post-2","page","type-page","status-publish","hentry"],"_links":{"self":[{"href":"https:\/\/zspmeszna.edu.pl\/przedszkole\/index.php?rest_route=\/wp\/v2\/pages\/2","targetHints":{"allow":["GET"]}}],"collection":[{"href":"https:\/\/zspmeszna.edu.pl\/przedszkole\/index.php?rest_route=\/wp\/v2\/pages"}],"about":[{"href":"https:\/\/zspmeszna.edu.pl\/przedszkole\/index.php?rest_route=\/wp\/v2\/types\/page"}],"author":[{"embeddable":true,"href":"https:\/\/zspmeszna.edu.pl\/przedszkole\/index.php?rest_route=\/wp\/v2\/users\/1"}],"replies":[{"embeddable":true,"href":"https:\/\/zspmeszna.edu.pl\/przedszkole\/index.php?rest_route=%2Fwp%2Fv2%2Fcomments&post=2"}],"version-history":[{"count":42,"href":"https:\/\/zspmeszna.edu.pl\/przedszkole\/index.php?rest_route=\/wp\/v2\/pages\/2\/revisions"}],"predecessor-version":[{"id":1561,"href":"https:\/\/zspmeszna.edu.pl\/przedszkole\/index.php?rest_route=\/wp\/v2\/pages\/2\/revisions\/1561"}],"wp:attachment":[{"href":"https:\/\/zspmeszna.edu.pl\/przedszkole\/index.php?rest_route=%2Fwp%2Fv2%2Fmedia&parent=2"}],"curies":[{"name":"wp","href":"https:\/\/api.w.org\/{rel}","templated":true}]}}