{"id":204,"date":"2024-11-06T19:54:57","date_gmt":"2024-11-06T19:54:57","guid":{"rendered":"https:\/\/zspmeszna.edu.pl\/przedszkole\/?page_id=204"},"modified":"2024-11-06T19:54:57","modified_gmt":"2024-11-06T19:54:57","slug":"dane-kontaktowe","status":"publish","type":"page","link":"https:\/\/zspmeszna.edu.pl\/przedszkole\/?page_id=204","title":{"rendered":"Dane kontaktowe"},"content":{"rendered":"<p><strong>Przedszkole Publiczne w Mesznej<\/strong><br \/>\n<strong>ul. Agrestowa 1, 43-360 Meszna<\/strong><br \/>\n<strong>wojew\u00f3dztwo \u015bl\u0105skie, Polska<\/strong><\/p>\n<p><strong>tel: +48 33 445 21 06<\/strong><\/p>\n<p><strong>Adresy e-mail Pracownik\u00f3w:<\/strong><\/p>\n<ul>\n<li><strong>Sekretariat Zespo\u0142u:\u00a0<a href=\"mailto:sekretariat@zspmeszna.pl\">sekretariat@meszna.edu.pl<\/a><\/strong><\/li>\n<li><strong>Dyrektor Zespo\u0142u:\u00a0<a href=\"mailto:dyrektor@zspmeszna.pl\">dyrektor@meszna.edu.pl<\/a><\/strong><\/li>\n<li><strong>Wicedyrektor Zespo\u0142u d.s. Przedszkola:\u00a0<a href=\"mailto:wicedyrektorpp@zspmeszna.pl\">wicedyrektorpp@meszna.edu.pl<\/a><\/strong><\/li>\n<li><strong>Intendent Przedszkola:\u00a0<\/strong><a href=\"mailto:intendentprzedszkole@zspmeszna.pl\"><strong>intendentprzedszkole@meszna.edu.pl<\/strong><\/a><\/li>\n<\/ul>\n<p><strong>REGON:\u00a0240682953<\/strong><br \/>\n<strong>NIP: 9372533602<\/strong><\/p>\n<p>&nbsp;<\/p>\n","protected":false},"excerpt":{"rendered":"<p>Przedszkole Publiczne w Mesznej ul. Agrestowa 1, 43-360 Meszna wojew\u00f3dztwo \u015bl\u0105skie, Polska tel: +48 33 445 21 06 Adresy e-mail Pracownik\u00f3w: Sekretariat Zespo\u0142u:\u00a0sekretariat@meszna.edu.pl Dyrektor Zespo\u0142u:\u00a0dyrektor@meszna.edu.pl Wicedyrektor Zespo\u0142u d.s. Przedszkola:\u00a0wicedyrektorpp@meszna.edu.pl Intendent Przedszkola:\u00a0intendentprzedszkole@meszna.edu.pl REGON:\u00a0240682953 NIP: 9372533602 &nbsp;<\/p>\n","protected":false},"author":1,"featured_media":0,"parent":0,"menu_order":0,"comment_status":"closed","ping_status":"closed","template":"","meta":{"footnotes":""},"class_list":["post-204","page","type-page","status-publish","hentry"],"_links":{"self":[{"href":"https:\/\/zspmeszna.edu.pl\/przedszkole\/index.php?rest_route=\/wp\/v2\/pages\/204","targetHints":{"allow":["GET"]}}],"collection":[{"href":"https:\/\/zspmeszna.edu.pl\/przedszkole\/index.php?rest_route=\/wp\/v2\/pages"}],"about":[{"href":"https:\/\/zspmeszna.edu.pl\/przedszkole\/index.php?rest_route=\/wp\/v2\/types\/page"}],"author":[{"embeddable":true,"href":"https:\/\/zspmeszna.edu.pl\/przedszkole\/index.php?rest_route=\/wp\/v2\/users\/1"}],"replies":[{"embeddable":true,"href":"https:\/\/zspmeszna.edu.pl\/przedszkole\/index.php?rest_route=%2Fwp%2Fv2%2Fcomments&post=204"}],"version-history":[{"count":1,"href":"https:\/\/zspmeszna.edu.pl\/przedszkole\/index.php?rest_route=\/wp\/v2\/pages\/204\/revisions"}],"predecessor-version":[{"id":205,"href":"https:\/\/zspmeszna.edu.pl\/przedszkole\/index.php?rest_route=\/wp\/v2\/pages\/204\/revisions\/205"}],"wp:attachment":[{"href":"https:\/\/zspmeszna.edu.pl\/przedszkole\/index.php?rest_route=%2Fwp%2Fv2%2Fmedia&parent=204"}],"curies":[{"name":"wp","href":"https:\/\/api.w.org\/{rel}","templated":true}]}}