{"id":345,"date":"2024-11-24T23:02:00","date_gmt":"2024-11-24T23:02:00","guid":{"rendered":"https:\/\/zspmeszna.edu.pl\/przedszkole\/?page_id=345"},"modified":"2025-04-29T12:29:20","modified_gmt":"2025-04-29T12:29:20","slug":"logopeda","status":"publish","type":"page","link":"https:\/\/zspmeszna.edu.pl\/przedszkole\/?page_id=345","title":{"rendered":"Logopeda"},"content":{"rendered":"<div id=\"gallery-1\">\n<figure>\u00a0 \u00a0 \u00a0 \u00a0 \u00a0 \u00a0 \u00a0 \u00a0 \u00a0 \u00a0 \u00a0 \u00a0 \u00a0 \u00a0 \u00a0 \u00a0 \u00a0 \u00a0 \u00a0 \u00a0 \u00a0 \u00a0 \u00a0 \u00a0 \u00a0 \u00a0 \u00a0 \u00a0 \u00a0 <img loading=\"lazy\" decoding=\"async\" class=\"alignleft wp-image-865 size-large\" src=\"https:\/\/zspmeszna.edu.pl\/przedszkole\/wp-content\/uploads\/2025\/04\/IMG-20250429-WA0016-1024x768.jpg\" alt=\"\" width=\"640\" height=\"480\" srcset=\"https:\/\/zspmeszna.edu.pl\/przedszkole\/wp-content\/uploads\/2025\/04\/IMG-20250429-WA0016-1024x768.jpg 1024w, https:\/\/zspmeszna.edu.pl\/przedszkole\/wp-content\/uploads\/2025\/04\/IMG-20250429-WA0016-300x225.jpg 300w, https:\/\/zspmeszna.edu.pl\/przedszkole\/wp-content\/uploads\/2025\/04\/IMG-20250429-WA0016-768x576.jpg 768w, https:\/\/zspmeszna.edu.pl\/przedszkole\/wp-content\/uploads\/2025\/04\/IMG-20250429-WA0016-1536x1152.jpg 1536w, https:\/\/zspmeszna.edu.pl\/przedszkole\/wp-content\/uploads\/2025\/04\/IMG-20250429-WA0016-2048x1536.jpg 2048w\" sizes=\"auto, (max-width: 640px) 100vw, 640px\" \/><\/figure>\n<figure><\/figure>\n<figure><\/figure>\n<figure><\/figure>\n<figure><\/figure>\n<figure><\/figure>\n<figure><\/figure>\n<figure><\/figure>\n<figure><\/figure>\n<figure><\/figure>\n<figure><\/figure>\n<figure><\/figure>\n<figure><\/figure>\n<figure>Nasze przedszkole organizuje dla dzieci zaj\u0119cia logopedyczne. Logoped\u0105 jest pani mgr Michalina Matlak. Zajmuje si\u0119 ona diagnozowaniem, stymulacj\u0105 rozwoju mowy, profilaktyk\u0105 oraz terapi\u0105 zaburze\u0144 mowy. Zaj\u0119cia w ramach pomocy psychologiczno-pedagogicznej udzielanej dzieciom w przedszkolu trwaj\u0105 45 minut tygodniowo i \u2013 ze wzgl\u0119du na mo\u017cliwo\u015bci rozwojowe dzieci w wieku przedszkolnym \u2013 podzielone s\u0105 na dwie sesje. Maksymalna ilo\u015b\u0107 dzieci w grupie to 4. Dzieci zostaj\u0105 zakwalifikowane do terapii logopedycznej na podstawie przesiewowego badania mowy, kt\u00f3re ma miejsce na pocz\u0105tku ka\u017cdego roku szkolnego. O wynikach badania mowy, rodzice zostaj\u0105 poinformowani za pomoc\u0105 dziennika elektronicznego. Przedszkole prowadzi tak\u017ce terapi\u0119 logopedyczn\u0105 w ramach wczesnego wspomagania rozwoju oraz zaj\u0119\u0107 rewalidacyjnych.<\/figure>\n<\/div>\n<p>Terapia logopedyczna prowadzona jest w oparciu o nast\u0119puj\u0105ce metody:<\/p>\n<ul>\n<li style=\"text-align: left;\">\u0106wiczenia ortofoniczne.<\/li>\n<li>\u0106wiczenia oddechowe.<\/li>\n<li>\u0106wiczenia fonacyjne.<\/li>\n<li>\u0106wiczenia logorytmiczne.<\/li>\n<li>\u0106wiczenia kszta\u0142c\u0105ce s\u0142uch fonemowy.<\/li>\n<li>\u0106wiczenia usprawniaj\u0105ce motoryk\u0119 narz\u0105d\u00f3w mowy.<\/li>\n<li>\u0106wiczenia artykulacyjne.<\/li>\n<li>Metoda wyja\u015bniania po\u0142o\u017cenia narz\u0105d\u00f3w mowy.<\/li>\n<li>Metoda wzrokowa.<\/li>\n<li>Metoda przekszta\u0142ce\u0144 artykulacyjnych.<\/li>\n<li>Metoda mechaniczna.<\/li>\n<li>\u0106wiczenia autokontroli s\u0142uchowej.<\/li>\n<li>\u0106wiczenia kinestezji artykulacyjnej.<\/li>\n<li>Metoda dotyku i czucia sk\u00f3rnego.<\/li>\n<li>Masa\u017c logopedyczny wg dr E. Stecko,<\/li>\n<li>Elementy masa\u017cu C. Moralesa<\/li>\n<li>Metody relaksacyjne.<\/li>\n<li>Gry i zabawy.<\/li>\n<li>Terapia r\u0119ki.<\/li>\n<\/ul>\n<p>Do ka\u017cdego dziecka dobierane s\u0105 indywidualne metody terapii dostosowane do jego mo\u017cliwo\u015bci i zainteresowa\u0144.<\/p>\n","protected":false},"excerpt":{"rendered":"<p>\u00a0 \u00a0 \u00a0 \u00a0 \u00a0 \u00a0 \u00a0 \u00a0 \u00a0 \u00a0 \u00a0 \u00a0 \u00a0 \u00a0 \u00a0 \u00a0 \u00a0 \u00a0 \u00a0 \u00a0 \u00a0 \u00a0 \u00a0 \u00a0 \u00a0 \u00a0 \u00a0 \u00a0 \u00a0 Nasze przedszkole organizuje dla dzieci zaj\u0119cia logopedyczne. Logoped\u0105 jest pani mgr Michalina Matlak. Zajmuje si\u0119 ona diagnozowaniem, stymulacj\u0105 rozwoju mowy, profilaktyk\u0105 oraz terapi\u0105 zaburze\u0144 mowy. Zaj\u0119cia [&hellip;]<\/p>\n","protected":false},"author":1,"featured_media":0,"parent":0,"menu_order":0,"comment_status":"closed","ping_status":"closed","template":"","meta":{"footnotes":""},"class_list":["post-345","page","type-page","status-publish","hentry"],"_links":{"self":[{"href":"https:\/\/zspmeszna.edu.pl\/przedszkole\/index.php?rest_route=\/wp\/v2\/pages\/345","targetHints":{"allow":["GET"]}}],"collection":[{"href":"https:\/\/zspmeszna.edu.pl\/przedszkole\/index.php?rest_route=\/wp\/v2\/pages"}],"about":[{"href":"https:\/\/zspmeszna.edu.pl\/przedszkole\/index.php?rest_route=\/wp\/v2\/types\/page"}],"author":[{"embeddable":true,"href":"https:\/\/zspmeszna.edu.pl\/przedszkole\/index.php?rest_route=\/wp\/v2\/users\/1"}],"replies":[{"embeddable":true,"href":"https:\/\/zspmeszna.edu.pl\/przedszkole\/index.php?rest_route=%2Fwp%2Fv2%2Fcomments&post=345"}],"version-history":[{"count":11,"href":"https:\/\/zspmeszna.edu.pl\/przedszkole\/index.php?rest_route=\/wp\/v2\/pages\/345\/revisions"}],"predecessor-version":[{"id":896,"href":"https:\/\/zspmeszna.edu.pl\/przedszkole\/index.php?rest_route=\/wp\/v2\/pages\/345\/revisions\/896"}],"wp:attachment":[{"href":"https:\/\/zspmeszna.edu.pl\/przedszkole\/index.php?rest_route=%2Fwp%2Fv2%2Fmedia&parent=345"}],"curies":[{"name":"wp","href":"https:\/\/api.w.org\/{rel}","templated":true}]}}