{"id":347,"date":"2024-11-24T23:03:27","date_gmt":"2024-11-24T23:03:27","guid":{"rendered":"https:\/\/zspmeszna.edu.pl\/przedszkole\/?page_id=347"},"modified":"2025-04-29T12:30:05","modified_gmt":"2025-04-29T12:30:05","slug":"terapia-pedagogiczna","status":"publish","type":"page","link":"https:\/\/zspmeszna.edu.pl\/przedszkole\/?page_id=347","title":{"rendered":"Terapia pedagogiczna"},"content":{"rendered":"<p><img loading=\"lazy\" decoding=\"async\" class=\"alignleft wp-image-864 size-large\" src=\"https:\/\/zspmeszna.edu.pl\/przedszkole\/wp-content\/uploads\/2025\/04\/IMG-20250429-WA0014-a-1024x1024.jpg\" alt=\"\" width=\"640\" height=\"640\" srcset=\"https:\/\/zspmeszna.edu.pl\/przedszkole\/wp-content\/uploads\/2025\/04\/IMG-20250429-WA0014-a-1024x1024.jpg 1024w, https:\/\/zspmeszna.edu.pl\/przedszkole\/wp-content\/uploads\/2025\/04\/IMG-20250429-WA0014-a-300x300.jpg 300w, https:\/\/zspmeszna.edu.pl\/przedszkole\/wp-content\/uploads\/2025\/04\/IMG-20250429-WA0014-a-150x150.jpg 150w, https:\/\/zspmeszna.edu.pl\/przedszkole\/wp-content\/uploads\/2025\/04\/IMG-20250429-WA0014-a-768x768.jpg 768w, https:\/\/zspmeszna.edu.pl\/przedszkole\/wp-content\/uploads\/2025\/04\/IMG-20250429-WA0014-a-1536x1536.jpg 1536w, https:\/\/zspmeszna.edu.pl\/przedszkole\/wp-content\/uploads\/2025\/04\/IMG-20250429-WA0014-a.jpg 2000w\" sizes=\"auto, (max-width: 640px) 100vw, 640px\" \/><\/p>\n<p>Zadaniem przedszkola jest wspieranie wszechstronnego rozwoju dziecka. Nie wszystkie dzieci jednak rozwijaj\u0105 si\u0119 w jednakowym tempie, dlatego bardzo wa\u017cne jest, aby ju\u017c od najm\u0142odszych lat zapewnia\u0107 dzieciom pomoc w przezwyci\u0119\u017ceniu trudno\u015bci w opanowaniu okre\u015blonych umiej\u0119tno\u015bci i w przyswojeniu danej wiedzy, a tak\u017ce wzmacnia\u0107 ich poczucie w\u0142asnej warto\u015bci oraz motywacj\u0119 do dalszego dzia\u0142ania.<\/p>\n<p>W tym celu prowadzona jest terapia pedagogiczna obejmuj\u0105ca specjalistyczne dzia\u0142ania, dzi\u0119ki kt\u00f3rym mo\u017cliwe jest zapewnienie pomocy dzieciom ujawniaj\u0105cym m.in:<\/p>\n<ul>\n<li>zaburzenia percepcji wzrokowej,<\/li>\n<li>zaburzenia percepcji s\u0142uchowej,<\/li>\n<li>op\u00f3\u017anienia i zak\u0142\u00f3cenia rozwoju ruchowego,<\/li>\n<li>zaburzenia proces\u00f3w emocjonalno-motywacyjnych,<\/li>\n<li>zaburzenia koordynacji wzrokowo-ruchowej,<\/li>\n<li>zaburzenia orientacji w schemacie cia\u0142a i w przestrzeni.<\/li>\n<\/ul>\n<h6>Podczas pracy z dzieckiem stosujemy metody wspieraj\u0105ce i stymuluj\u0105ce naturalny rozw\u00f3j dziecka oraz anga\u017cuj\u0105ce wiele zmys\u0142\u00f3w: s\u0142uch, wzrok, dotyk. S\u0105 to m.in. metody:<\/h6>\n<ul>\n<li>elementy Metody Dobrego Startu wg M.Bogdanowicz,<\/li>\n<li>muzykoterapia,<\/li>\n<li>bajkoterapia,<\/li>\n<li>wybrane techniki relaksacyjne,<\/li>\n<li>\u0107wiczenia grafomotoryczne M.Bogdanowicz,<\/li>\n<li>\u201eDzieci\u0119ca matematyka\u201d E. Gruszczyk-Kolczy\u0144skiej,<\/li>\n<li>elementy Metody Ruchu Rozwijaj\u0105cego W.Sherborne,<\/li>\n<li>elementy metody M.Frostig i D. Horne,<\/li>\n<li>metoda malowania dziesi\u0119cioma palcami,<\/li>\n<li>techniki parateatralne,<\/li>\n<li>gry i zabawy og\u00f3lnorozwojowe,<\/li>\n<li>elementy metody Pedagogiki Zabawy.<\/li>\n<\/ul>\n<p>Zaj\u0119cia terapii pedagogicznej prowadzone s\u0105 indywidualnie z dzie\u0107mi posiadaj\u0105cymi orzeczenie o potrzebie kszta\u0142cenia specjalnego lub opini\u0119 o potrzebie wczesnego wspomagania. Zaj\u0119cia trwaj\u0105 30 minut.<\/p>\n<p><strong>Nauczyciel prowadz\u0105cy: Paulina Kania<\/strong><\/p>\n","protected":false},"excerpt":{"rendered":"<p>Zadaniem przedszkola jest wspieranie wszechstronnego rozwoju dziecka. Nie wszystkie dzieci jednak rozwijaj\u0105 si\u0119 w jednakowym tempie, dlatego bardzo wa\u017cne jest, aby ju\u017c od najm\u0142odszych lat zapewnia\u0107 dzieciom pomoc w przezwyci\u0119\u017ceniu trudno\u015bci w opanowaniu okre\u015blonych umiej\u0119tno\u015bci i w przyswojeniu danej wiedzy, a tak\u017ce wzmacnia\u0107 ich poczucie w\u0142asnej warto\u015bci oraz motywacj\u0119 do dalszego dzia\u0142ania. W tym celu [&hellip;]<\/p>\n","protected":false},"author":1,"featured_media":0,"parent":0,"menu_order":0,"comment_status":"closed","ping_status":"closed","template":"","meta":{"footnotes":""},"class_list":["post-347","page","type-page","status-publish","hentry"],"_links":{"self":[{"href":"https:\/\/zspmeszna.edu.pl\/przedszkole\/index.php?rest_route=\/wp\/v2\/pages\/347","targetHints":{"allow":["GET"]}}],"collection":[{"href":"https:\/\/zspmeszna.edu.pl\/przedszkole\/index.php?rest_route=\/wp\/v2\/pages"}],"about":[{"href":"https:\/\/zspmeszna.edu.pl\/przedszkole\/index.php?rest_route=\/wp\/v2\/types\/page"}],"author":[{"embeddable":true,"href":"https:\/\/zspmeszna.edu.pl\/przedszkole\/index.php?rest_route=\/wp\/v2\/users\/1"}],"replies":[{"embeddable":true,"href":"https:\/\/zspmeszna.edu.pl\/przedszkole\/index.php?rest_route=%2Fwp%2Fv2%2Fcomments&post=347"}],"version-history":[{"count":3,"href":"https:\/\/zspmeszna.edu.pl\/przedszkole\/index.php?rest_route=\/wp\/v2\/pages\/347\/revisions"}],"predecessor-version":[{"id":898,"href":"https:\/\/zspmeszna.edu.pl\/przedszkole\/index.php?rest_route=\/wp\/v2\/pages\/347\/revisions\/898"}],"wp:attachment":[{"href":"https:\/\/zspmeszna.edu.pl\/przedszkole\/index.php?rest_route=%2Fwp%2Fv2%2Fmedia&parent=347"}],"curies":[{"name":"wp","href":"https:\/\/api.w.org\/{rel}","templated":true}]}}