{"id":360,"date":"2024-11-25T22:07:46","date_gmt":"2024-11-25T22:07:46","guid":{"rendered":"https:\/\/zspmeszna.edu.pl\/przedszkole\/?page_id=360"},"modified":"2026-04-07T06:05:13","modified_gmt":"2026-04-07T06:05:13","slug":"jadlospis","status":"publish","type":"page","link":"https:\/\/zspmeszna.edu.pl\/przedszkole\/?page_id=360","title":{"rendered":"Jad\u0142ospis"},"content":{"rendered":"<p style=\"text-align: left;\"><strong><span style=\"font-size: 24pt;\">Jad\u0142ospis<\/span><\/strong><\/p>\n<table style=\"width: 0%; height: 1678px;\">\n<tbody>\n<tr>\n<td style=\"width: 29.724%;\" width=\"139\"><strong>Data<\/strong><\/td>\n<td style=\"width: 21.6561%;\" width=\"286\"><strong>\u015aniadanie<\/strong><\/td>\n<td style=\"width: 20.5945%;\" width=\"366\"><strong>Obiad<\/strong><\/td>\n<td style=\"width: 25.2654%;\" width=\"227\"><strong>Podwieczorek<\/strong><\/td>\n<\/tr>\n<tr>\n<td style=\"width: 29.724%;\" width=\"139\"><strong>PONIEDZIA\u0141EK 06.04.2026r.<\/strong><\/p>\n<p><strong>\u00a0<\/strong><\/p>\n<p>&nbsp;<\/td>\n<td style=\"width: 21.6561%;\" width=\"286\"><strong>\u00a0<\/strong><\/p>\n<p><strong>\u015aWI\u0118TA<\/strong><\/td>\n<td style=\"width: 20.5945%;\" width=\"366\"><strong>\u00a0<\/strong><\/p>\n<p><strong>\u015aWI\u0118TA<\/strong><\/td>\n<td style=\"width: 25.2654%;\" width=\"227\"><strong>\u00a0<\/strong><\/p>\n<p><strong>\u015aWI\u0118TA<\/strong><\/td>\n<\/tr>\n<tr>\n<td style=\"width: 29.724%;\" width=\"139\"><strong>WTOREK<\/strong><\/p>\n<p><strong>07.04.2026r.<\/strong><\/p>\n<p><strong>\u00a0<\/strong><\/td>\n<td style=\"width: 21.6561%;\" width=\"286\">Pasta z makreli i og\u00f3rka kiszonego (<strong>ryba<\/strong>)<\/p>\n<p>Chleb pszenno-\u017cytni z makiem (<strong>pszenica, \u017cyto<\/strong>)<\/p>\n<p>Mas\u0142o extra (<strong>mleko<\/strong>)<\/p>\n<p>Papryka czerwona, cebulka zielona<\/p>\n<p>Herbata z cytryn\u0105<\/p>\n<p>&nbsp;<\/td>\n<td style=\"width: 20.5945%;\" width=\"366\">Barszcz ukrai\u0144ski z jajkiem i ziemniakami (<strong>seler, jaja, mleko<\/strong>)<\/p>\n<p>Makaron kokardki z bia\u0142ym serem na s\u0142odko (<strong>pszenica, mleko<\/strong>)<\/p>\n<p>Mus warzywno-owocowy<\/p>\n<p>Kompot truskawkowy<\/td>\n<td style=\"width: 25.2654%;\" width=\"227\">Deser mleczny (<strong>mleko<\/strong>)<\/p>\n<p>Jab\u0142ko<\/td>\n<\/tr>\n<tr>\n<td style=\"width: 29.724%;\" width=\"139\"><strong>\u015aRODA<\/strong><\/p>\n<p><strong>08.04.2026r.<\/strong><\/p>\n<p><strong>\u00a0<\/strong><\/p>\n<p><strong>\u00a0<\/strong><\/p>\n<p><strong>\u00a0<\/strong><\/p>\n<p><strong>\u00a0<\/strong><\/td>\n<td style=\"width: 21.6561%;\" width=\"286\">Pasztet drobiowy pieczony (<strong>pszenica<\/strong>)<\/p>\n<p>Chleb graham\u00a0 makiem (<strong>pszenica, \u017cyto<\/strong>)<\/p>\n<p>Mas\u0142o extra (<strong>mleko<\/strong>)<\/p>\n<p>Papryka kolorowa, sa\u0142ata zielona<\/p>\n<p>Kawa zbo\u017cowa z miodem (<strong>mleko,<\/strong> <strong>\u017cyto<\/strong>)\/ herbata z cytryn\u0105<\/td>\n<td style=\"width: 20.5945%;\" width=\"366\">Zupa grysikowa na wywarze warzywnym z zielon\u0105 pietruszk\u0105 (<strong>seler, pszenica<\/strong>)<\/p>\n<p>Kotlet mielony (<strong>jaja, pszenica<\/strong>)<\/p>\n<p>Ziemniaki (<strong>mleko<\/strong>)<\/p>\n<p>Buraczki tarte z chrzanem<\/p>\n<p>Kompot \u015bliwkowy<\/td>\n<td style=\"width: 25.2654%;\" width=\"227\">Koktajl na ma\u015blance z owoc\u00f3w le\u015bnych (<strong>mleko<\/strong>)<\/p>\n<p>Biszkopty<\/td>\n<\/tr>\n<tr>\n<td style=\"width: 29.724%;\" width=\"139\"><strong>CZWARTEK<\/strong><\/p>\n<p><strong>09.04.2026r.<\/strong><\/p>\n<p><strong>\u00a0<\/strong><\/td>\n<td style=\"width: 21.6561%;\" width=\"286\">W\u0119dlina drobiowa, ser \u017c\u00f3\u0142ty (<strong>mleko<\/strong>)<\/p>\n<p>Chleb wieloziarnisty (<strong>pszenica, \u017cyto, j\u0119czmie\u0144<\/strong>)<\/p>\n<p>Mas\u0142o extra (<strong>mleko<\/strong>)<\/p>\n<p>Og\u00f3rek zielony, pomidorki koktajlowe<\/p>\n<p>Herbata z pomara\u0144cz\u0105<\/p>\n<p>&nbsp;<\/td>\n<td style=\"width: 20.5945%;\" width=\"366\">Zupa kalafiorowa na wywarze warzywnym z ziemniakami i zielon\u0105 pietruszk\u0105 (<strong>seler<\/strong>)<\/p>\n<p>Gulasz drobiowy z papryk\u0105 (<strong>pszenica<\/strong>)<\/p>\n<p>Kasza bulgur (<strong>pszenica<\/strong>)<\/p>\n<p>Sa\u0142atka z og\u00f3rka kiszonego<\/p>\n<p>Kompot porzeczkowy<\/td>\n<td style=\"width: 25.2654%;\" width=\"227\">Pieczona owsianka na mleku<br \/>\nz jab\u0142kami, cynamonem i jogurtem greckim (<strong>mleko, mo\u017ce zawiera\u0107 gluten<\/strong>)<\/td>\n<\/tr>\n<tr>\n<td style=\"width: 29.724%;\" width=\"139\"><strong>PI\u0104TEK<\/strong><\/p>\n<p><strong>10.04.2026r.<\/strong><\/p>\n<p><strong>\u00a0<\/strong><\/td>\n<td style=\"width: 21.6561%;\" width=\"286\">Pasta z awokado i sera feta (<strong>mleko<\/strong>)<\/p>\n<p>Chleb pszenno-\u017cytni z makiem (<strong>pszenica, \u017cyto<\/strong>)<\/p>\n<p>Mas\u0142o extra (<strong>mleko<\/strong>)<\/p>\n<p>Rzodkiewka, rukola<\/p>\n<p>Kakao z mlekiem (<strong>mleko<\/strong>)\/ herbata z cytryn\u0105<\/td>\n<td style=\"width: 20.5945%;\" width=\"366\">Ros\u00f3\u0142 z makaronem i zielon\u0105 pietruszk\u0105 (<strong>seler, pszenica, jaja<\/strong>)<\/p>\n<p>Ryba miruna z pieca (<strong>ryba, jaja, pszenica<\/strong>)<\/p>\n<p>Ziemniaki (<strong>mleko<\/strong>)<\/p>\n<p>Marchewka z groszkiem (<strong>pszenica<\/strong>)<\/p>\n<p>Kompot owocowy<\/td>\n<td style=\"width: 25.2654%;\" width=\"227\">Jogurt truskawkowy (<strong>mleko<\/strong>)<\/p>\n<p>Banany<\/td>\n<\/tr>\n<\/tbody>\n<\/table>\n<p><strong>Informacje o obecno\u015bci konkretnego alergenu podawane s\u0105 w nawiasie przy danej potrawie.<\/strong><\/p>\n<p><strong>Jad\u0142ospis mo\u017ce ulec niewielkim zmianom.<\/strong><\/p>\n","protected":false},"excerpt":{"rendered":"<p>Jad\u0142ospis Data \u015aniadanie Obiad Podwieczorek PONIEDZIA\u0141EK 06.04.2026r. \u00a0 &nbsp; \u00a0 \u015aWI\u0118TA \u00a0 \u015aWI\u0118TA \u00a0 \u015aWI\u0118TA WTOREK 07.04.2026r. \u00a0 Pasta z makreli i og\u00f3rka kiszonego (ryba) Chleb pszenno-\u017cytni z makiem (pszenica, \u017cyto) Mas\u0142o extra (mleko) Papryka czerwona, cebulka zielona Herbata z cytryn\u0105 &nbsp; Barszcz ukrai\u0144ski z jajkiem i ziemniakami (seler, jaja, mleko) Makaron kokardki z bia\u0142ym [&hellip;]<\/p>\n","protected":false},"author":1,"featured_media":0,"parent":0,"menu_order":0,"comment_status":"closed","ping_status":"closed","template":"","meta":{"footnotes":""},"class_list":["post-360","page","type-page","status-publish","hentry"],"_links":{"self":[{"href":"https:\/\/zspmeszna.edu.pl\/przedszkole\/index.php?rest_route=\/wp\/v2\/pages\/360","targetHints":{"allow":["GET"]}}],"collection":[{"href":"https:\/\/zspmeszna.edu.pl\/przedszkole\/index.php?rest_route=\/wp\/v2\/pages"}],"about":[{"href":"https:\/\/zspmeszna.edu.pl\/przedszkole\/index.php?rest_route=\/wp\/v2\/types\/page"}],"author":[{"embeddable":true,"href":"https:\/\/zspmeszna.edu.pl\/przedszkole\/index.php?rest_route=\/wp\/v2\/users\/1"}],"replies":[{"embeddable":true,"href":"https:\/\/zspmeszna.edu.pl\/przedszkole\/index.php?rest_route=%2Fwp%2Fv2%2Fcomments&post=360"}],"version-history":[{"count":75,"href":"https:\/\/zspmeszna.edu.pl\/przedszkole\/index.php?rest_route=\/wp\/v2\/pages\/360\/revisions"}],"predecessor-version":[{"id":1628,"href":"https:\/\/zspmeszna.edu.pl\/przedszkole\/index.php?rest_route=\/wp\/v2\/pages\/360\/revisions\/1628"}],"wp:attachment":[{"href":"https:\/\/zspmeszna.edu.pl\/przedszkole\/index.php?rest_route=%2Fwp%2Fv2%2Fmedia&parent=360"}],"curies":[{"name":"wp","href":"https:\/\/api.w.org\/{rel}","templated":true}]}}