{"id":436,"date":"2024-11-27T19:51:03","date_gmt":"2024-11-27T19:51:03","guid":{"rendered":"https:\/\/zspmeszna.edu.pl\/przedszkole\/?page_id=436"},"modified":"2025-11-14T13:15:35","modified_gmt":"2025-11-14T13:15:35","slug":"wazne-dokumenty","status":"publish","type":"page","link":"https:\/\/zspmeszna.edu.pl\/przedszkole\/?page_id=436","title":{"rendered":"Wa\u017cne dokumenty"},"content":{"rendered":"<p><a href=\"https:\/\/zspmeszna.edu.pl\/przedszkole\/wp-content\/uploads\/2025\/05\/Procedury-Bezpieczenstwa.pdf\">Procedury Bezpiecze\u0144stwa<\/a><\/p>\n<p><a href=\"https:\/\/zspmeszna.edu.pl\/przedszkole\/wp-content\/uploads\/2025\/09\/STATUT-PRZEDSZKOLA-1.09.2025.pdf\">Statut Przedszkola<\/a><\/p>\n<p><a href=\"https:\/\/zspmeszna.edu.pl\/przedszkole\/wp-content\/uploads\/2025\/10\/STATUT-ZESPOLU-03.10.2025.pdf\">Statut Zespo\u0142u<\/a><\/p>\n<p><a href=\"https:\/\/zspmeszna.edu.pl\/przedszkole\/wp-content\/uploads\/2025\/06\/Standardy-Ochrony-Maloletnich.pdf\">Standardy Ochrony Ma\u0142oletnich<\/a><\/p>\n<p><a href=\"https:\/\/zspmeszna.edu.pl\/przedszkole\/wp-content\/uploads\/2025\/11\/ProcedurachorobyprzewleklePRZEDSZKOLE.pdf\">Procedura postepowania z dzieckiem chorym i przewlekle chorym<\/a><\/p>\n<p><a href=\"https:\/\/zspmeszna.edu.pl\/przedszkole\/wp-content\/uploads\/2025\/11\/ProceduramonitoringuPRZEDSZKOLE.pdf\">Procedura monitoringu<\/a><\/p>\n","protected":false},"excerpt":{"rendered":"<p>Procedury Bezpiecze\u0144stwa Statut Przedszkola Statut Zespo\u0142u Standardy Ochrony Ma\u0142oletnich Procedura postepowania z dzieckiem chorym i przewlekle chorym Procedura monitoringu<\/p>\n","protected":false},"author":1,"featured_media":0,"parent":0,"menu_order":0,"comment_status":"closed","ping_status":"closed","template":"","meta":{"footnotes":""},"class_list":["post-436","page","type-page","status-publish","hentry"],"_links":{"self":[{"href":"https:\/\/zspmeszna.edu.pl\/przedszkole\/index.php?rest_route=\/wp\/v2\/pages\/436","targetHints":{"allow":["GET"]}}],"collection":[{"href":"https:\/\/zspmeszna.edu.pl\/przedszkole\/index.php?rest_route=\/wp\/v2\/pages"}],"about":[{"href":"https:\/\/zspmeszna.edu.pl\/przedszkole\/index.php?rest_route=\/wp\/v2\/types\/page"}],"author":[{"embeddable":true,"href":"https:\/\/zspmeszna.edu.pl\/przedszkole\/index.php?rest_route=\/wp\/v2\/users\/1"}],"replies":[{"embeddable":true,"href":"https:\/\/zspmeszna.edu.pl\/przedszkole\/index.php?rest_route=%2Fwp%2Fv2%2Fcomments&post=436"}],"version-history":[{"count":10,"href":"https:\/\/zspmeszna.edu.pl\/przedszkole\/index.php?rest_route=\/wp\/v2\/pages\/436\/revisions"}],"predecessor-version":[{"id":1301,"href":"https:\/\/zspmeszna.edu.pl\/przedszkole\/index.php?rest_route=\/wp\/v2\/pages\/436\/revisions\/1301"}],"wp:attachment":[{"href":"https:\/\/zspmeszna.edu.pl\/przedszkole\/index.php?rest_route=%2Fwp%2Fv2%2Fmedia&parent=436"}],"curies":[{"name":"wp","href":"https:\/\/api.w.org\/{rel}","templated":true}]}}