{"id":438,"date":"2024-11-27T19:51:30","date_gmt":"2024-11-27T19:51:30","guid":{"rendered":"https:\/\/zspmeszna.edu.pl\/przedszkole\/?page_id=438"},"modified":"2026-03-13T12:59:49","modified_gmt":"2026-03-13T12:59:49","slug":"rekrutacja","status":"publish","type":"page","link":"https:\/\/zspmeszna.edu.pl\/przedszkole\/?page_id=438","title":{"rendered":"Rekrutacja 2026\/2027"},"content":{"rendered":"<p style=\"text-align: center;\"><strong>ZASADY REKRUTACJI DO PUBLICZNYCH PRZEDSZKOLI <\/strong><\/p>\n<p style=\"text-align: center;\"><strong>PROWADZONYCH PRZEZ GMIN\u0118 WILKOWICE NA ROK SZKOLNY 2026\/2027<\/strong><\/p>\n<p><strong>\u00a0<\/strong><\/p>\n<p><u>Podstawa prawna: <\/u><\/p>\n<ul>\n<li>Ustawa z dnia 14 grudnia 2016 roku &#8211; Prawo o\u015bwiatowe (Dz.U. z 2025 r., poz.1043 z p\u00f3\u017an.zm.) art.\u00a0131 oraz art. 154 ust. 1 pkt 1. w zwi\u0105zku z art. 29 ust. 2 pkt 2,<\/li>\n<li>Zarz\u0105dzenie Nr 11\/2026 W\u00f3jta Gminy Wilkowice z dnia stycznia 2026 r. w sprawie okre\u015blania termin\u00f3w przeprowadzania post\u0119powania rekrutacyjnego i post\u0119powania uzupe\u0142niaj\u0105cego w tym termin\u00f3w sk\u0142adania dokument\u00f3w do publicznych przedszkoli prowadzonych przez Gmin\u0119 Wilkowice na rok szkolny 2026\/2027,<\/li>\n<li><strong><span style=\"font-size: 12pt;\">Uchwa\u0142a Nr XLIV\/374\/2018 Rady Gminy Wilkowice z 31 stycznia 2018 r. w sprawie okre\u015blenia kryteri\u00f3w obowi\u0105zuj\u0105cych na drugim etapie postepowania rekrutacyjnego, do przedszkoli publicznych prowadzonych przez Gmin\u0119 Wilkowice oraz liczby punkt\u00f3w za ka\u017cde z tych kryteri\u00f3w i dokument\u00f3w niezb\u0119dnych do ich potwierdzenia,<\/span><\/strong><\/li>\n<li><strong><span style=\"font-size: 12pt;\">Uchwa\u0142a nr IV\/32\/2019 Rady Gminy Wilkowice z dnia 29 stycznia 2019 r. w sprawie zmiany Uchwa\u0142y Nr XLIV\/374\/2018 Rady Gminy Wilkowice z 31 stycznia 2018 r. w sprawie okre\u015blenia kryteri\u00f3w obowi\u0105zuj\u0105cych na drugim etapie postepowania rekrutacyjnego, do przedszkoli publicznych prowadzonych przez Gmin\u0119 Wilkowice oraz liczby punkt\u00f3w za ka\u017cde z tych kryteri\u00f3w i dokument\u00f3w niezb\u0119dnych do ich potwierdzenia.<\/span><\/strong><\/li>\n<\/ul>\n<p>&nbsp;<\/p>\n<p>Rodzice dzieci aktualnie ucz\u0119szczaj\u0105cych do przedszkoli publicznych prowadzonych przez Gmin\u0119 Wilkowice mog\u0105 z\u0142o\u017cy\u0107 na rok szkolny 2026\/2027 deklaracj\u0119 o kontynuowaniu wychowania przedszkolnego w tym przedszkolu, w terminie od 2 do 13 lutego 2026 r. \u2013 w\u00f3wczas nie podlegaj\u0105 post\u0119powaniu rekrutacyjnemu. Z\u0142o\u017cona deklaracja gwarantuje miejsce w danym przedszkolu.<\/p>\n<p>Niez\u0142o\u017cenie deklaracji w w\/w terminie jest r\u00f3wnoznaczne z rezygnacj\u0105 z miejsca w\u00a0dotychczasowym przedszkolu od dnia 1\u00a0wrze\u015bnia 2026 r.<\/p>\n<p>&nbsp;<\/p>\n<p><strong>Terminarz rekrutacji<\/strong><\/p>\n<table style=\"width: 100%;\" width=\"100%\">\n<tbody>\n<tr>\n<td style=\"width: 6.08255%;\" width=\"38\">L.p.<\/td>\n<td style=\"width: 34.7574%;\" width=\"274\">Rodzaj czynno\u015bci<\/td>\n<td style=\"width: 29.5438%;\" width=\"180\">Termin w post\u0119powaniu rekrutacyjnym<\/td>\n<td style=\"width: 28.7473%;\" width=\"180\">Termin w post\u0119powaniu uzupe\u0142niaj\u0105cym<\/td>\n<\/tr>\n<tr>\n<td style=\"width: 6.08255%;\" width=\"38\">1.<\/td>\n<td style=\"width: 34.7574%;\" width=\"274\">Z\u0142o\u017cenie wniosku o przyj\u0119cie do przedszkola wraz z dokumentami potwierdzaj\u0105cymi spe\u0142nienie przez kandydata kryteri\u00f3w branych pod uwag\u0119 w post\u0119powaniu rekrutacyjnym<\/td>\n<td style=\"width: 29.5438%;\" width=\"180\">od 2 do 13 marca 2026 r.<\/p>\n<p>do godz. 15 <sup>00<\/sup><\/td>\n<td style=\"width: 28.7473%;\" width=\"180\">od 1 do 8 czerwca 2026 r.<\/p>\n<p>do godz. 15 <sup>00<\/sup><\/td>\n<\/tr>\n<tr>\n<td style=\"width: 6.08255%;\" width=\"38\">2.<\/td>\n<td style=\"width: 34.7574%;\" width=\"274\">Weryfikacja przez komisj\u0119 rekrutacyjn\u0105 wniosk\u00f3w o przyj\u0119cie do przedszkola dokument\u00f3w potwierdzaj\u0105cych spe\u0142nienie przez kandydata warunk\u00f3w lub kryteri\u00f3w branych pod uwag\u0119 w post\u0119powaniu rekrutacyjnym<\/td>\n<td style=\"width: 29.5438%;\" width=\"180\">od 2 do 18 marca 2026 r.<\/td>\n<td style=\"width: 28.7473%;\" width=\"180\">&nbsp;<\/p>\n<p>od 1 do 12 czerwca 2026 r.<\/p>\n<p>&nbsp;<\/td>\n<\/tr>\n<tr>\n<td style=\"width: 6.08255%;\" width=\"38\">3.<\/td>\n<td style=\"width: 34.7574%;\" width=\"274\">Podanie do publicznej wiadomo\u015bci listy kandydat\u00f3w zakwalifikowanych i niezakwalifikowanych<\/td>\n<td style=\"width: 29.5438%;\" width=\"180\">20 marca 2026 r.<\/p>\n<p>godz. 15 <sup>00<\/sup><\/td>\n<td style=\"width: 28.7473%;\" width=\"180\">15 czerwca 2026 r.<\/p>\n<p>godz. 15 <sup>00<\/sup><\/td>\n<\/tr>\n<tr>\n<td style=\"width: 6.08255%;\" width=\"38\">4.<\/td>\n<td style=\"width: 34.7574%;\" width=\"274\">Potwierdzenie przez rodzica kandydata woli przyj\u0119cia w postaci pisemnego o\u015bwiadczenia<\/td>\n<td style=\"width: 29.5438%;\" width=\"180\">od 23 do 27 marca 2026 r.<\/p>\n<p>do godz. 15<sup>00<\/sup><\/td>\n<td style=\"width: 28.7473%;\" width=\"180\">od 16 do 25 czerwca 2026 r.<\/p>\n<p>do godz. 15 <sup>00<\/sup><\/td>\n<\/tr>\n<tr>\n<td style=\"width: 6.08255%;\" width=\"38\">5.<\/td>\n<td style=\"width: 34.7574%;\" width=\"274\">Podanie do publicznej wiadomo\u015bci listy kandydat\u00f3w przyj\u0119tych i\u00a0kandydat\u00f3w nieprzyj\u0119tych<\/td>\n<td style=\"width: 29.5438%;\" width=\"180\">31 marca 2026 r.<\/p>\n<p>godz. 15 <sup>00<\/sup><\/td>\n<td style=\"width: 28.7473%;\" width=\"180\">30 czerwca\u00a0 2026 r.<\/p>\n<p>godz. 15 <sup>00<\/sup><\/td>\n<\/tr>\n<\/tbody>\n<\/table>\n<p>&nbsp;<\/p>\n<p>* Rekrutacja uzupe\u0142niaj\u0105ca odb\u0119dzie si\u0119 w przypadku niewykorzystania wszystkich wolnych miejsc w\u00a0naborze podstawowym, tylko w plac\u00f3wkach, kt\u00f3re dysponuj\u0105 takimi miejscami.<\/p>\n<p><strong>\u00a0<\/strong><\/p>\n<p><strong>ZASADY PRZYJ\u0118CIA DZIECKA DO PRZEDSZKOLA PUBLICZNEGO<\/strong><\/p>\n<ol>\n<li><strong>Do publicznego przedszkola przyjmuje si\u0119 kandydat\u00f3w zamieszka\u0142ych w Gminie Wilkowice w\u00a0wieku od 3 do 6 lat oraz dzieci odroczone od obowi\u0105zku szkolnego.<\/strong><\/li>\n<li>Do przedszkola dzieci zapisywane s\u0105 jeden raz, na ca\u0142y etap edukacji przedszkolnej w danej plac\u00f3wce, je\u017celi w kolejnych latach rodzice z\u0142o\u017c\u0105 deklaracj\u0119 o kontynuacji wychowania przedszkolnego.<\/li>\n<li><strong>Post\u0119powanie rekrutacyjne do publicznych przedszkoli przeprowadza si\u0119 na wniosek rodzic\u00f3w\/prawnych opiekun\u00f3w i na wolne miejsca (pozosta\u0142e po uwzgl\u0119dnieniu deklaracji rodzic\u00f3w o kontynuowaniu wychowania przedszkolnego w tym przedszkolu).<\/strong><\/li>\n<li>System rekrutacji oparty jest o jednolite kryteria naboru (ustawowe i dodatkowe).<\/li>\n<li>Rodzice zapisuj\u0105c dziecko, maj\u0105 prawo wskaza\u0107 maksymalnie trzy publiczne przedszkola w\u00a0preferowanej przez siebie kolejno\u015bci. W przypadku z\u0142o\u017cenia wniosku do dw\u00f3ch lub trzech przedszkoli w punkcie 2 wniosku (wyb\u00f3r przedszkola) nale\u017cy wpisa\u0107 te przedszkola w tej samej kolejno\u015bci w ka\u017cdym wniosku.<\/li>\n<li><strong>Wz\u00f3r wniosku<\/strong> <em>(wraz z za\u0142\u0105cznikami<\/em>) o przyj\u0119cie dziecka do przedszkola dost\u0119pny jest w\u00a0ka\u017cdym przedszkolu, lub jest do pobrania ze strony internetowej przedszkola, Urz\u0119du Gminy Wilkowice oraz Zespo\u0142u Obs\u0142ugi Szk\u00f3\u0142 i Przedszkoli w Wilkowicach.<\/li>\n<li>Do wniosku rodzice\/opiekunowie prawni do\u0142\u0105czaj\u0105 dokumenty\/za\u015bwiadczenia\/o\u015bwiadczenia\u00a0potwierdzaj\u0105ce spe\u0142nienie danego kryterium.<\/li>\n<li>Zgodnie z zapisami art. 131 ust. 7 ustawy Prawo o\u015bwiatowe dzieci zamieszka\u0142e poza obszarem gminy Wilkowice mog\u0105 by\u0107 przyj\u0119te do przedszkola publicznego, je\u017celi po przeprowadzeniu post\u0119powania rekrutacyjnego Gmina Wilkowice nadal b\u0119dzie dysponowa\u0107 b\u0119dzie wolnymi miejscami.<\/li>\n<li>Post\u0119powanie rekrutacyjne prowadzone etapami i zako\u0144czone przyj\u0119ciem kandydat\u00f3w:<\/li>\n<\/ol>\n<ul>\n<li>I etap post\u0119powania \u2013 wg kryteri\u00f3w ustawowych okre\u015blonych w ustawie Prawo o\u015bwiatowe (art. 131 ust. 2),<\/li>\n<li>II etap post\u0119powania<strong> \u2013 <\/strong>wg kryteri\u00f3w okre\u015blonych przez Rad\u0119 Gminy Wilkowice,<\/li>\n<li>III etap &#8211; post\u0119powanie uzupe\u0142niaj\u0105ce rekrutacj\u0119 do przedszkoli wg kryteri\u00f3w okre\u015blonych przez Rad\u0119 Gminy Wilkowice.<\/li>\n<li>Zgodnie z art. 131 ust. 2 i 3 ustawy z dnia 14 grudnia 2016 r. Prawo o\u015bwiatowe (Dz.U. z 2024 r., poz. 737 z p\u00f3\u017an.zm.) na pierwszym etapie post\u0119powania rekrutacyjnego s\u0105 brane pod uwag\u0119 \u0142\u0105cznie kryteria ustawowe.<\/li>\n<\/ul>\n<p>&nbsp;<\/p>\n<p><strong>KRYTERIA PRZYJ\u0118\u0106 DO PUBLICZNYCH PRZEDSZKOLI NA ROK SZKOLNY 2026\/2027:<\/strong><\/p>\n<ol>\n<li><strong>Kryteria ustawowe:<\/strong><\/li>\n<\/ol>\n<p><strong>\u00a0<\/strong><\/p>\n<ul>\n<li>wielodzietno\u015b\u0107 rodziny kandydata \u2013 50 punkt\u00f3w,<\/li>\n<li>niepe\u0142nosprawno\u015b\u0107 kandydata \u2013 50 punkt\u00f3w,<\/li>\n<li>niepe\u0142nosprawno\u015b\u0107 jednego z rodzic\u00f3w kandydata \u2013 50 punkt\u00f3w,<\/li>\n<li>niepe\u0142nosprawno\u015b\u0107 obojga rodzic\u00f3w kandydata \u2013 50 punkt\u00f3w,<\/li>\n<li>niepe\u0142nosprawno\u015b\u0107 rodze\u0144stwa kandydata \u2013 50 punkt\u00f3w,<\/li>\n<li>samotne wychowywanie kandydata w rodzinie \u2013 50 punkt\u00f3w,<\/li>\n<li>obj\u0119cie kandydata piecz\u0105 zast\u0119pcz\u0105 \u2013 50 punkt\u00f3w.<\/li>\n<\/ul>\n<p>&nbsp;<\/p>\n<p>W przypadku r\u00f3wnorz\u0119dnych wynik\u00f3w uzyskanych na pierwszym etapie post\u0119powania rekrutacyjnego lub je\u017celi po zako\u0144czeniu tego etapu dane przedszkole nadal dysponuje wolnymi miejscami, na drugim etapie post\u0119powania rekrutacyjnego s\u0105 brane pod uwag\u0119 kryteria okre\u015blone przez organ prowadz\u0105cy.<\/p>\n<p>&nbsp;<\/p>\n<ol start=\"2\">\n<li><strong>Kryteria dodatkowe:<\/strong><\/li>\n<\/ol>\n<p>&nbsp;<\/p>\n<ul>\n<li>Dziecko, kt\u00f3rego oboje rodzice\/ opiekunowie prawni lub rodzic \/opiekun prawny samotnie wychowuj\u0105cy, wykonuj\u0105 prac\u0119 na podstawie stosunku pracy lub umowy cywilnoprawnej, ucz\u0105 si\u0119 w\u00a0systemie stacjonarnym, prowadz\u0105 gospodarstwo rolne lub dzia\u0142alno\u015b\u0107 gospodarcz\u0105 \u2013 8 pkt<\/li>\n<li>Dziecko, kt\u00f3rego jeden z rodzic\u00f3w wykonuje prac\u0119 na podstawie stosunku pracy lub umowy cywilnoprawnej, uczy si\u0119 w\u00a0systemie stacjonarnym, prowadzi gospodarstwo rolne lub dzia\u0142alno\u015b\u0107 gospodarcz\u0105 \u2013 4\u00a0pkt<\/li>\n<li>Dziecko, kt\u00f3rego rodze\u0144stwo b\u0119dzie kontynuowa\u0142o edukacj\u0119 przedszkoln\u0105 w\u00a0przedszkolu, do\u00a0kt\u00f3rego ubiega si\u0119 o przyj\u0119cie &#8211; 4 pkt<\/li>\n<li>Dziecko zamieszka\u0142e w so\u0142ectwie, w kt\u00f3rym ubiega si\u0119 o przyj\u0119cie \u2013 2 pkt<\/li>\n<li>Przypadaj\u0105cy doch\u00f3d na osob\u0119 w rodzinie kandydata:<\/li>\n<\/ul>\n<p>a) do 50% kwoty tj. (674z\u0142 x 50%=337z\u0142) o kt\u00f3rej mowa w art. 5 ust. 1 ustawy z dnia 28\u00a0listopada 2003 r. o \u015bwiadczeniach rodzinnych (Dz.U. 2024 r., poz. 323 z p\u00f3\u017an.zm.) \u2013 1\u00a0punkt,<\/p>\n<p>b) powy\u017cej 50% kwoty, o kt\u00f3rej mowa w art. 5 ust. 1 ustawy z dnia 28 listopada 2003 r. o\u00a0\u015bwiadczeniach rodzinnych (Dz.U. 2024 r., poz. 323 z p\u00f3\u017an.zm). liczb\u0119 punkt\u00f3w oblicza si\u0119 dziel\u0105c t\u0119 kwot\u0119 przez doch\u00f3d na osob\u0119 w rodzinie kandydata &lt; 1 pkt.<\/p>\n<p>c) kwoty przeliczeniowe, o kt\u00f3rych mowa w pkt. b) wylicza si\u0119 z dok\u0142adno\u015bci\u0105 do trzech miejsc po przecinku.<\/p>\n<p>&nbsp;<\/p>\n<p>W przypadku nieprzed\u0142o\u017cenia dokument\u00f3w potwierdzaj\u0105cych spe\u0142nienie danego kryterium oraz w\u00a0sytuacji braku potwierdzenia okoliczno\u015bci zawartych w o\u015bwiadczeniu komisja rekrutacyjna rozpatruj\u0105c wniosek o przyj\u0119cie dziecka do przedszkola, <u>nie uwzgl\u0119dni danego kryterium.<\/u><\/p>\n<p>&nbsp;<\/p>\n<ol start=\"3\">\n<li><strong>Przydzia\u0142 dzieci do konkretnych oddzia\u0142\u00f3w w przedszkolu nast\u0105pi w terminie do 31 sierpnia 2026 r. i uzale\u017cniony jest od liczby i wieku dzieci ju\u017c kontynuuj\u0105cych edukacj\u0119 przedszkoln\u0105 w\u00a0danym przedszkolu i dzieci przyj\u0119tych w procesie rekrutacji.<\/strong><\/li>\n<\/ol>\n<p>&nbsp;<\/p>\n<p>GODZINY PRACY SEKRETARIATU:<\/p>\n<p>8:00 &#8211; 15:00<\/p>\n<p>&nbsp;<\/p>\n<p>DOKUMENTY DO POBRANIA:<\/p>\n<p><a href=\"https:\/\/zspmeszna.edu.pl\/przedszkole\/wp-content\/uploads\/2026\/01\/Wniosek-o-przyjecie-dziecka-do-przedszkola-2026.pdf\">Wniosek-o-przyjecie-dziecka-do-przedszkola-2026<\/a><\/p>\n<p><a href=\"https:\/\/zspmeszna.edu.pl\/przedszkole\/wp-content\/uploads\/2026\/01\/zalacznik-1-oswiadczenie-o-wielodzietnosci-rodziny.pdf\">zalacznik-1-oswiadczenie-o-wielodzietnosci-rodziny<\/a><\/p>\n<p><a href=\"https:\/\/zspmeszna.edu.pl\/przedszkole\/wp-content\/uploads\/2026\/01\/zalacznik-2-oswiadczenie-o-samotnym-wychowywaniu-dziecka.pdf\">zalacznik-2-oswiadczenie-o-samotnym-wychowywaniu-dziecka<\/a><\/p>\n<p><a href=\"https:\/\/zspmeszna.edu.pl\/przedszkole\/wp-content\/uploads\/2026\/01\/zalacznik-3-oswidczenie-o-prowadzeniu-dzialalnosci-gospodarczej.pdf\">zalacznik-3-oswidczenie-o-prowadzeniu-dzialalnosci-gospodarczej<\/a><\/p>\n<p><a href=\"https:\/\/zspmeszna.edu.pl\/przedszkole\/wp-content\/uploads\/2026\/01\/zalacznik-4-oswidczenie-o-rodzenswie.pdf\">zalacznik-4-oswidczenie-o-rodzenswie<\/a><\/p>\n<p><a href=\"https:\/\/zspmeszna.edu.pl\/przedszkole\/wp-content\/uploads\/2026\/01\/zalacznik-5-oswidczenie-o-dochodach.pdf\">zalacznik-5-oswidczenie-o-dochodach<\/a><\/p>\n<p><a href=\"https:\/\/zspmeszna.edu.pl\/przedszkole\/wp-content\/uploads\/2026\/01\/potwierdzenie_woli.pdf\">potwierdzenie woli przyj\u0119cia dziecka do przedszkola<\/a><\/p>\n<p>&nbsp;<\/p>\n<p>Dla dzieci ju\u017c ucz\u0119szczaj\u0105cych do naszego przedszkola:<\/p>\n<p><a href=\"https:\/\/zspmeszna.edu.pl\/przedszkole\/wp-content\/uploads\/2026\/01\/deklaracja-kontynuacji-przedszkola.pdf\">deklaracja-kontynuacji-przedszkola<\/a><\/p>\n<p>&nbsp;<\/p>\n","protected":false},"excerpt":{"rendered":"<p>ZASADY REKRUTACJI DO PUBLICZNYCH PRZEDSZKOLI PROWADZONYCH PRZEZ GMIN\u0118 WILKOWICE NA ROK SZKOLNY 2026\/2027 \u00a0 Podstawa prawna: Ustawa z dnia 14 grudnia 2016 roku &#8211; Prawo o\u015bwiatowe (Dz.U. z 2025 r., poz.1043 z p\u00f3\u017an.zm.) art.\u00a0131 oraz art. 154 ust. 1 pkt 1. w zwi\u0105zku z art. 29 ust. 2 pkt 2, Zarz\u0105dzenie Nr 11\/2026 W\u00f3jta Gminy [&hellip;]<\/p>\n","protected":false},"author":1,"featured_media":0,"parent":0,"menu_order":0,"comment_status":"closed","ping_status":"closed","template":"","meta":{"footnotes":""},"class_list":["post-438","page","type-page","status-publish","hentry"],"_links":{"self":[{"href":"https:\/\/zspmeszna.edu.pl\/przedszkole\/index.php?rest_route=\/wp\/v2\/pages\/438","targetHints":{"allow":["GET"]}}],"collection":[{"href":"https:\/\/zspmeszna.edu.pl\/przedszkole\/index.php?rest_route=\/wp\/v2\/pages"}],"about":[{"href":"https:\/\/zspmeszna.edu.pl\/przedszkole\/index.php?rest_route=\/wp\/v2\/types\/page"}],"author":[{"embeddable":true,"href":"https:\/\/zspmeszna.edu.pl\/przedszkole\/index.php?rest_route=\/wp\/v2\/users\/1"}],"replies":[{"embeddable":true,"href":"https:\/\/zspmeszna.edu.pl\/przedszkole\/index.php?rest_route=%2Fwp%2Fv2%2Fcomments&post=438"}],"version-history":[{"count":18,"href":"https:\/\/zspmeszna.edu.pl\/przedszkole\/index.php?rest_route=\/wp\/v2\/pages\/438\/revisions"}],"predecessor-version":[{"id":1566,"href":"https:\/\/zspmeszna.edu.pl\/przedszkole\/index.php?rest_route=\/wp\/v2\/pages\/438\/revisions\/1566"}],"wp:attachment":[{"href":"https:\/\/zspmeszna.edu.pl\/przedszkole\/index.php?rest_route=%2Fwp%2Fv2%2Fmedia&parent=438"}],"curies":[{"name":"wp","href":"https:\/\/api.w.org\/{rel}","templated":true}]}}