{"id":440,"date":"2024-11-27T19:52:17","date_gmt":"2024-11-27T19:52:17","guid":{"rendered":"https:\/\/zspmeszna.edu.pl\/przedszkole\/?page_id=440"},"modified":"2025-01-14T08:29:28","modified_gmt":"2025-01-14T08:29:28","slug":"perla-architektury","status":"publish","type":"page","link":"https:\/\/zspmeszna.edu.pl\/przedszkole\/?page_id=440","title":{"rendered":"Per\u0142a architektury"},"content":{"rendered":"<p>Nasze przedszkole zosta\u0142o zaprojektowane przez Ann\u0119 Sierant i Natali\u0119 Sikor\u0119 z Archikunszt Studio we wsp\u00f3\u0142pracy\u00a0 z biurem Plus8.pl\u00a0 &#8211; Micha\u0142em G\u00f3rczy\u0144skim, \u0141ukaszem Plut\u0105, Paulin\u0105 Seeman, Rafa\u0142em Seeman.<\/p>\n<p>Wed\u0142ug autorki projektu jego ide\u0105 by\u0142o &#8222;stworzenie przyjaznej, bezpiecznej przestrzeni, kt\u00f3ra w spos\u00f3b naturalny wspiera\u0142aby rozw\u00f3j i kreatywno\u015b\u0107 jej ma\u0142ych u\u017cytkownik\u00f3w&#8221;. Budynek ukszta\u0142towano na planie dw\u00f3ch po\u0142\u0105czonych tr\u00f3jk\u0105t\u00f3w, po\u015brodku kt\u00f3rych znajduje si\u0119 ogr\u00f3d przedszkolny z tarasem przeznaczonym do wyst\u0119p\u00f3w artystycznych i organizacji imprez. Wszystkie sale przedszkolne maja bezpo\u015brednie wyj\u015bcie na ogr\u00f3d i wspania\u0142y widok na g\u00f3rski krajobraz. &#8222;Przy projektowaniu obiektu bardzo wa\u017cn\u0105 rol\u0119 odgrywa\u0142 kolor i jego percepcja przez najm\u0142odszych&#8221;.<\/p>\n<p>Cytowany tekst pochodzi\u00a0 z numeru 6\/2024\/357 miesi\u0119cznika Architektura Murator.<\/p>\n<div data-carousel-extra='{\"blog_id\":1,\"permalink\":\"https:\\\/\\\/zspmeszna.edu.pl\\\/przedszkole\\\/?page_id=440\"}' class=\"tiled-gallery type-rectangular\" data-original-width=\"640\"><div class=\"gallery-row\" style=\"width: 635px; height: 434px;\"><div class=\"gallery-group images-1\" style=\"width: 345px; height: 438px;\"><div class=\"tiled-gallery-item tiled-gallery-item-full\"><a href=\"https:\/\/zspmeszna.edu.pl\/przedszkole\/?attachment_id=502\"><img loading=\"lazy\" decoding=\"async\" data-attachment-id=\"502\" data-orig-file=\"https:\/\/zspmeszna.edu.pl\/przedszkole\/wp-content\/uploads\/2025\/01\/art-4.jpg\" data-orig-size=\"499,635\" data-comments-opened=\"0\" data-image-meta=\"{&quot;aperture&quot;:&quot;0&quot;,&quot;credit&quot;:&quot;&quot;,&quot;camera&quot;:&quot;&quot;,&quot;caption&quot;:&quot;&quot;,&quot;created_timestamp&quot;:&quot;0&quot;,&quot;copyright&quot;:&quot;&quot;,&quot;focal_length&quot;:&quot;0&quot;,&quot;iso&quot;:&quot;0&quot;,&quot;shutter_speed&quot;:&quot;0&quot;,&quot;title&quot;:&quot;&quot;,&quot;orientation&quot;:&quot;1&quot;}\" data-image-title=\"art 4\" data-image-description=\"\" data-medium-file=\"https:\/\/zspmeszna.edu.pl\/przedszkole\/wp-content\/uploads\/2025\/01\/art-4-236x300.jpg\" data-large-file=\"https:\/\/zspmeszna.edu.pl\/przedszkole\/wp-content\/uploads\/2025\/01\/art-4.jpg\" src=\"https:\/\/zspmeszna.edu.pl\/przedszkole\/wp-content\/uploads\/2025\/01\/art-4.jpg\" width=\"341\" height=\"434\" align=\"left\" title=\"art 4\" \/><\/a><\/div><\/div><div class=\"gallery-group images-2\" style=\"width: 290px; height: 438px;\"><div class=\"tiled-gallery-item tiled-gallery-item-full\"><a href=\"https:\/\/zspmeszna.edu.pl\/przedszkole\/?attachment_id=504\"><img loading=\"lazy\" decoding=\"async\" data-attachment-id=\"504\" data-orig-file=\"https:\/\/zspmeszna.edu.pl\/przedszkole\/wp-content\/uploads\/2025\/01\/art-6.jpg\" data-orig-size=\"2000,1505\" data-comments-opened=\"0\" data-image-meta=\"{&quot;aperture&quot;:&quot;0&quot;,&quot;credit&quot;:&quot;&quot;,&quot;camera&quot;:&quot;&quot;,&quot;caption&quot;:&quot;&quot;,&quot;created_timestamp&quot;:&quot;1736844069&quot;,&quot;copyright&quot;:&quot;&quot;,&quot;focal_length&quot;:&quot;0&quot;,&quot;iso&quot;:&quot;0&quot;,&quot;shutter_speed&quot;:&quot;0&quot;,&quot;title&quot;:&quot;&quot;,&quot;orientation&quot;:&quot;0&quot;}\" data-image-title=\"art 6\" data-image-description=\"\" data-medium-file=\"https:\/\/zspmeszna.edu.pl\/przedszkole\/wp-content\/uploads\/2025\/01\/art-6-300x226.jpg\" data-large-file=\"https:\/\/zspmeszna.edu.pl\/przedszkole\/wp-content\/uploads\/2025\/01\/art-6-1024x771.jpg\" src=\"https:\/\/zspmeszna.edu.pl\/przedszkole\/wp-content\/uploads\/2025\/01\/art-6.jpg\" width=\"286\" height=\"215\" align=\"left\" title=\"art 6\" \/><\/a><\/div><div class=\"tiled-gallery-item tiled-gallery-item-full\"><a href=\"https:\/\/zspmeszna.edu.pl\/przedszkole\/?attachment_id=503\"><img loading=\"lazy\" decoding=\"async\" data-attachment-id=\"503\" data-orig-file=\"https:\/\/zspmeszna.edu.pl\/przedszkole\/wp-content\/uploads\/2025\/01\/art-5.jpg\" data-orig-size=\"2000,1500\" data-comments-opened=\"0\" data-image-meta=\"{&quot;aperture&quot;:&quot;0&quot;,&quot;credit&quot;:&quot;&quot;,&quot;camera&quot;:&quot;&quot;,&quot;caption&quot;:&quot;&quot;,&quot;created_timestamp&quot;:&quot;1736844089&quot;,&quot;copyright&quot;:&quot;&quot;,&quot;focal_length&quot;:&quot;0&quot;,&quot;iso&quot;:&quot;0&quot;,&quot;shutter_speed&quot;:&quot;0&quot;,&quot;title&quot;:&quot;&quot;,&quot;orientation&quot;:&quot;0&quot;}\" data-image-title=\"art 5\" data-image-description=\"\" data-medium-file=\"https:\/\/zspmeszna.edu.pl\/przedszkole\/wp-content\/uploads\/2025\/01\/art-5-300x225.jpg\" data-large-file=\"https:\/\/zspmeszna.edu.pl\/przedszkole\/wp-content\/uploads\/2025\/01\/art-5-1024x768.jpg\" src=\"https:\/\/zspmeszna.edu.pl\/przedszkole\/wp-content\/uploads\/2025\/01\/art-5.jpg\" width=\"286\" height=\"215\" align=\"left\" title=\"art 5\" \/><\/a><\/div><\/div><\/div><\/div>\n<p>&nbsp;<\/p>\n<p>Budynek naszego przedszkola zosta\u0142 doceniony przez krytyk\u00f3w architektury a publikacje na jego temat mo\u017cna przeczyta\u0107 tak\u017ce w internetowych wydaniach magazyn\u00f3w Label Magazine oraz Sztuka architektury. Serdecznie zach\u0119camy do zapoznania si\u0119 z tymi artku\u0142ami.<\/p>\n<p><strong><span style=\"font-size: 18pt;\">Label Magazine<\/span><\/strong><\/p>\n<p><a href=\"https:\/\/label-magazine.com\/architektura\/artykuly\/kolorowe-przedszkole-w-mesznej-wpisane-w-gorski-krajobraz\">https:\/\/label-magazine.com\/architektura\/artykuly\/kolorowe-przedszkole-w-mesznej-wpisane-w-gorski-krajobraz<\/a><\/p>\n<p><img loading=\"lazy\" decoding=\"async\" class=\"aligncenter wp-image-501 size-full\" src=\"https:\/\/zspmeszna.edu.pl\/przedszkole\/wp-content\/uploads\/2025\/01\/art-3.jpg\" alt=\"\" width=\"1500\" height=\"708\" srcset=\"https:\/\/zspmeszna.edu.pl\/przedszkole\/wp-content\/uploads\/2025\/01\/art-3.jpg 1500w, https:\/\/zspmeszna.edu.pl\/przedszkole\/wp-content\/uploads\/2025\/01\/art-3-300x142.jpg 300w, https:\/\/zspmeszna.edu.pl\/przedszkole\/wp-content\/uploads\/2025\/01\/art-3-1024x483.jpg 1024w, https:\/\/zspmeszna.edu.pl\/przedszkole\/wp-content\/uploads\/2025\/01\/art-3-768x362.jpg 768w\" sizes=\"auto, (max-width: 1500px) 100vw, 1500px\" \/><\/p>\n<p><img loading=\"lazy\" decoding=\"async\" class=\"aligncenter wp-image-507 size-full\" src=\"https:\/\/zspmeszna.edu.pl\/przedszkole\/wp-content\/uploads\/2025\/01\/art-8.jpg\" alt=\"\" width=\"1500\" height=\"749\" srcset=\"https:\/\/zspmeszna.edu.pl\/przedszkole\/wp-content\/uploads\/2025\/01\/art-8.jpg 1500w, https:\/\/zspmeszna.edu.pl\/przedszkole\/wp-content\/uploads\/2025\/01\/art-8-300x150.jpg 300w, https:\/\/zspmeszna.edu.pl\/przedszkole\/wp-content\/uploads\/2025\/01\/art-8-1024x511.jpg 1024w, https:\/\/zspmeszna.edu.pl\/przedszkole\/wp-content\/uploads\/2025\/01\/art-8-768x383.jpg 768w\" sizes=\"auto, (max-width: 1500px) 100vw, 1500px\" \/><\/p>\n<p>&nbsp;<\/p>\n<p><strong><span style=\"font-size: 18pt;\">Sztuka Architektury<\/span><\/strong><\/p>\n<p><a href=\"https:\/\/sztuka-architektury.pl\/article\/17223\/nowoczesne-przedszkole-w-mesznej\">https:\/\/sztuka-architektury.pl\/article\/17223\/nowoczesne-przedszkole-w-mesznej<\/a><\/p>\n<p>&nbsp;<\/p>\n<p><img loading=\"lazy\" decoding=\"async\" class=\"aligncenter wp-image-499 size-full\" src=\"https:\/\/zspmeszna.edu.pl\/przedszkole\/wp-content\/uploads\/2025\/01\/art-1.jpg\" alt=\"\" width=\"1500\" height=\"697\" srcset=\"https:\/\/zspmeszna.edu.pl\/przedszkole\/wp-content\/uploads\/2025\/01\/art-1.jpg 1500w, https:\/\/zspmeszna.edu.pl\/przedszkole\/wp-content\/uploads\/2025\/01\/art-1-300x139.jpg 300w, https:\/\/zspmeszna.edu.pl\/przedszkole\/wp-content\/uploads\/2025\/01\/art-1-1024x476.jpg 1024w, https:\/\/zspmeszna.edu.pl\/przedszkole\/wp-content\/uploads\/2025\/01\/art-1-768x357.jpg 768w\" sizes=\"auto, (max-width: 1500px) 100vw, 1500px\" \/><\/p>\n<p><img loading=\"lazy\" decoding=\"async\" class=\"aligncenter wp-image-500 size-full\" src=\"https:\/\/zspmeszna.edu.pl\/przedszkole\/wp-content\/uploads\/2025\/01\/art-2.jpg\" alt=\"\" width=\"495\" height=\"769\" srcset=\"https:\/\/zspmeszna.edu.pl\/przedszkole\/wp-content\/uploads\/2025\/01\/art-2.jpg 495w, https:\/\/zspmeszna.edu.pl\/przedszkole\/wp-content\/uploads\/2025\/01\/art-2-193x300.jpg 193w\" sizes=\"auto, (max-width: 495px) 100vw, 495px\" \/><\/p>\n","protected":false},"excerpt":{"rendered":"<p>Nasze przedszkole zosta\u0142o zaprojektowane przez Ann\u0119 Sierant i Natali\u0119 Sikor\u0119 z Archikunszt Studio we wsp\u00f3\u0142pracy\u00a0 z biurem Plus8.pl\u00a0 &#8211; Micha\u0142em G\u00f3rczy\u0144skim, \u0141ukaszem Plut\u0105, Paulin\u0105 Seeman, Rafa\u0142em Seeman. Wed\u0142ug autorki projektu jego ide\u0105 by\u0142o &#8222;stworzenie przyjaznej, bezpiecznej przestrzeni, kt\u00f3ra w spos\u00f3b naturalny wspiera\u0142aby rozw\u00f3j i kreatywno\u015b\u0107 jej ma\u0142ych u\u017cytkownik\u00f3w&#8221;. Budynek ukszta\u0142towano na planie dw\u00f3ch po\u0142\u0105czonych tr\u00f3jk\u0105t\u00f3w, [&hellip;]<\/p>\n","protected":false},"author":1,"featured_media":0,"parent":0,"menu_order":0,"comment_status":"closed","ping_status":"closed","template":"","meta":{"footnotes":""},"class_list":["post-440","page","type-page","status-publish","hentry"],"_links":{"self":[{"href":"https:\/\/zspmeszna.edu.pl\/przedszkole\/index.php?rest_route=\/wp\/v2\/pages\/440","targetHints":{"allow":["GET"]}}],"collection":[{"href":"https:\/\/zspmeszna.edu.pl\/przedszkole\/index.php?rest_route=\/wp\/v2\/pages"}],"about":[{"href":"https:\/\/zspmeszna.edu.pl\/przedszkole\/index.php?rest_route=\/wp\/v2\/types\/page"}],"author":[{"embeddable":true,"href":"https:\/\/zspmeszna.edu.pl\/przedszkole\/index.php?rest_route=\/wp\/v2\/users\/1"}],"replies":[{"embeddable":true,"href":"https:\/\/zspmeszna.edu.pl\/przedszkole\/index.php?rest_route=%2Fwp%2Fv2%2Fcomments&post=440"}],"version-history":[{"count":6,"href":"https:\/\/zspmeszna.edu.pl\/przedszkole\/index.php?rest_route=\/wp\/v2\/pages\/440\/revisions"}],"predecessor-version":[{"id":498,"href":"https:\/\/zspmeszna.edu.pl\/przedszkole\/index.php?rest_route=\/wp\/v2\/pages\/440\/revisions\/498"}],"wp:attachment":[{"href":"https:\/\/zspmeszna.edu.pl\/przedszkole\/index.php?rest_route=%2Fwp%2Fv2%2Fmedia&parent=440"}],"curies":[{"name":"wp","href":"https:\/\/api.w.org\/{rel}","templated":true}]}}