{"id":791,"date":"2025-04-08T19:12:22","date_gmt":"2025-04-08T19:12:22","guid":{"rendered":"https:\/\/zspmeszna.edu.pl\/przedszkole\/?page_id=791"},"modified":"2025-04-09T08:01:54","modified_gmt":"2025-04-09T08:01:54","slug":"deklaracja-dostepnosci","status":"publish","type":"page","link":"https:\/\/zspmeszna.edu.pl\/przedszkole\/?page_id=791","title":{"rendered":"Deklaracja dost\u0119pno\u015bci"},"content":{"rendered":"<p>Przedszkole Publiczne w Mesznej zobowi\u0105zuje si\u0119 zapewni\u0107 dost\u0119pno\u015b\u0107 swojej strony internetowej zgodnie z przepisami ustawy z dnia 4 kwietnia 2019 r. o dost\u0119pno\u015bci cyfrowej stron internetowych i aplikacji mobilnych podmiot\u00f3w publicznych. O\u015bwiadczenie w sprawie dost\u0119pno\u015bci ma zastosowanie do strony internetowej <a role=\"link\" href=\"http:\/\/www.meszna.edu.pl\">www.meszna.edu.pl<\/a><\/p>\n<p>Dane teleadresowe jednostki:<\/p>\n<p>Telefon: 33\u00a0817 12 13, telefon kom.: 579\u00a0470\u00a0796<\/p>\n<p>E-mail: <a href=\"mailto:sekretariat@meszna.edu.pl\">sekretariat@meszna.edu.pl<\/a><\/p>\n<p>Adres korespondencyjny: 43-360 Meszna, ul. Szkolna 1<\/p>\n<p>Data publikacji strony internetowej:\u00a026.03.2020<\/p>\n<p>Data ostatniej istotnej aktualizacji: 12\/02\/2025<\/p>\n<p>Deklaracj\u0119 sporz\u0105dzono dnia: 22\/09\/2024<\/p>\n<p>Deklaracj\u0119 sporz\u0105dzono na podstawie samooceny przeprowadzonej przez podmiot publiczny.<\/p>\n<p><strong>Status pod wzgl\u0119dem zgodno\u015bci z ustaw\u0105<\/strong><\/p>\n<p>Strona internetowa jest cz\u0119\u015bciowo zgodna z ustaw\u0105 z dnia 4 kwietnia 2019 r. o dost\u0119pno\u015bci cyfrowej stron internetowych i aplikacji mobilnych podmiot\u00f3w publicznych z powodu niezgodno\u015bci lub wy\u0142\u0105cze\u0144 wymienionych poni\u017cej:<\/p>\n<p>Niezgodno\u015bci:<\/p>\n<p>1.1.1 \u2013 Tre\u015b\u0107 nietekstowa<\/p>\n<p>1.2.1 \u2013 Tylko audio oraz tylko wideo (nagranie)<\/p>\n<p>1.2.2 \u2013 Napisy rozszerzone (nagranie)<\/p>\n<p>1.2.3 \u2013 Audiodeskrypcja lub alternatywa dla medi\u00f3w (nagranie)<\/p>\n<p>1.2.4 \u2013 Transmisje audiowizualne<\/p>\n<p>2.1.1 \u2013\u00a0 Nawigacja klawiaturowa<\/p>\n<p>2.1.2 \u2013 Fokus nawigacji<\/p>\n<p>2.4.1 \u2013 Szybka nawigacja<\/p>\n<p>2.4.4 \u2013 Cel linku (w kontek\u015bcie)<\/p>\n<p>3.1.1 \u2013 J\u0119zyk strony<\/p>\n<p>4.1.1 \u2013 Parsowanie<\/p>\n<p>4.1.2 \u2013 Nazwa, rola, warto\u015b\u0107<\/p>\n<p><strong>Wy\u0142\u0105czenia:<\/strong><\/p>\n<p>Zamieszczone filmy nie posiadaj\u0105 audiodeskrypcji, gdy\u017c w wi\u0119kszo\u015bci zosta\u0142y opublikowane przed wej\u015bciem w \u017cycie ustawy o dost\u0119pno\u015bci cyfrowej,<\/p>\n<p>Zamieszczone w formie plik\u00f3w PDF nie s\u0105 dost\u0119pne cyfrowo w ca\u0142o\u015bci, pliki zosta\u0142y publikowane przed wej\u015bciem ustawy o dost\u0119pno\u015bci cyfrowej,<\/p>\n<p>Zamieszczone w postaci za\u0142\u0105cznik\u00f3w w formie skan\u00f3w nie s\u0105 zgodne gdy\u017c publikowane zosta\u0142y przez wej\u015bciem ustawy o dost\u0119pno\u015bci cyfrowej,<\/p>\n<p><strong>Skr\u00f3ty klawiaturowe<\/strong><\/p>\n<p>Na stronie internetowej mo\u017cna u\u017cywa\u0107 standardowych skr\u00f3t\u00f3w klawiaturowych przegl\u0105darki.<\/p>\n<p><strong>Informacje zwrotne i dane kontaktowe<\/strong><\/p>\n<p>Osoba do kontaktu w sprawie dost\u0119pno\u015bci: Katarzyna Pobo\u017cny<br \/>\nE-mail: <a href=\"mailto:sekretariat@meszna.edu.pl\">sekretariat@meszna.edu.pl<\/a><\/p>\n<p>Telefon:\u00a033 817 12 13<\/p>\n<p><strong>Procedura wnioskowo-skargowa<\/strong><\/p>\n<p>Uprzejmie informujemy, \u017ce zgodnie z ustaw\u0105 z dnia 4 kwietnia 2019 r. o dost\u0119pno\u015bci cyfrowej stron internetowych i aplikacji mobilnych podmiot\u00f3w publicznych Ka\u017cdy ma prawo do wyst\u0105pienia z \u017c\u0105daniem zapewnienia dost\u0119pno\u015bci cyfrowej strony internetowej, aplikacji mobilnej lub jakiego\u015b ich elementu. Mo\u017cna tak\u017ce za\u017c\u0105da\u0107 udost\u0119pnienia informacji za pomoc\u0105 alternatywnego sposobu dost\u0119pu, na przyk\u0142ad przez odczytanie niedost\u0119pnego cyfrowo dokumentu, opisanie zawarto\u015bci filmu bez audiodeskrypcji itp. \u017b\u0105danie powinno zawiera\u0107 dane osoby zg\u0142aszaj\u0105cej \u017c\u0105danie, wskazanie, o kt\u00f3r\u0105 stron\u0119 internetow\u0105 lub aplikacj\u0119 mobiln\u0105 chodzi oraz spos\u00f3b kontaktu. Je\u017celi osoba \u017c\u0105daj\u0105ca zg\u0142asza potrzeb\u0119 otrzymania informacji za pomoc\u0105 alternatywnego sposobu dost\u0119pu, powinna tak\u017ce okre\u015bli\u0107 dogodny dla niej spos\u00f3b przedstawienia tej informacji. Podmiot publiczny powinien zrealizowa\u0107 \u017c\u0105danie niezw\u0142ocznie, nie p\u00f3\u017aniej ni\u017c w ci\u0105gu 7 dni od dnia wyst\u0105pienia z \u017c\u0105daniem. Je\u017celi dotrzymanie tego terminu nie jest mo\u017cliwe, podmiot publiczny niezw\u0142ocznie informuje o tym wnosz\u0105cego \u017c\u0105danie, kiedy realizacja \u017c\u0105dania b\u0119dzie mo\u017cliwa, przy czym termin ten nie mo\u017ce by\u0107 d\u0142u\u017cszy ni\u017c 2 miesi\u0105ce od dnia wyst\u0105pienia z \u017c\u0105daniem. Je\u017celi zapewnienie dost\u0119pno\u015bci cyfrowej nie jest mo\u017cliwe, podmiot publiczny mo\u017ce zaproponowa\u0107 alternatywny spos\u00f3b dost\u0119pu do informacji. W przypadku, gdy podmiot publiczny odm\u00f3wi realizacji \u017c\u0105dania zapewnienia dost\u0119pno\u015bci lub alternatywnego sposobu dost\u0119pu do informacji, wnosz\u0105cy \u017c\u0105danie mo\u017cne z\u0142o\u017cy\u0107 skarg\u0119 w sprawie zapewniana dost\u0119pno\u015bci cyfrowej strony internetowej, aplikacji mobilnej lub elementu strony internetowej, lub aplikacji mobilnej. Po wyczerpaniu wskazanej wy\u017cej procedury mo\u017cna tak\u017ce z\u0142o\u017cy\u0107 wniosek do Rzecznika Praw Dziecka.<\/p>\n<p><strong>Informacja o dost\u0119pno\u015bci t\u0142umacza j\u0119zyka migowego:<\/strong><\/p>\n<p>W zwi\u0105zku z wej\u015bciem w \u017cycie z dniem 1 kwietnia 2012 r. ustawy z dnia 19 sierpnia 2011 r.<br \/>\no j\u0119zyku migowym i innych \u015brodkach komunikowania si\u0119 (Dz. U. Nr 209, poz. 1243) osoby uprawnione mog\u0105 bezp\u0142atnie korzysta\u0107 z us\u0142ug t\u0142umacza j\u0119zyka migowego przy za\u0142atwianiu spraw w Zespole Szkolno-Przedszkolnym w Mesznej.<\/p>\n<p>Osoba zainteresowania za\u0142atwieniem sprawy przy pomocy t\u0142umacza j\u0119zyka migowego jest zobowi\u0105zana zg\u0142osi\u0107 ten fakt co najmniej na 3 dni robocze przed planowanym terminem jej za\u0142atwienia (z wy\u0142\u0105czeniem sytuacji nag\u0142ych).<\/p>\n<p>W zg\u0142oszeniu nale\u017cy poda\u0107 zwi\u0119z\u0142y opis sprawy oraz wskaza\u0107 metod\u0119 komunikowania si\u0119:<\/p>\n<ul class=\"wp-block-list\">\n<li>PJM (polski j\u0119zyk migowy),<\/li>\n<li>SJM (system j\u0119zykowo-migowy),<\/li>\n<\/ul>\n<p>Zg\u0142oszenie winno by\u0107 dokonane za pomoc\u0105 dost\u0119pnych \u015brodk\u00f3w komunikacji\u00a0 na podany powy\u017cej adres, numer telefonu, faksu lub e-mail.<\/p>\n<p>Obecnie Zesp\u00f3\u0142 Szkolno-Przedszkolny w Mesznej nie dysponuje mo\u017cliwo\u015bci\u0105 skorzystania z dost\u0119pu t\u0142umacza j\u0119zyka migowego za po\u015brednictwem \u015brodk\u00f3w komunikacji elektronicznej.<\/p>\n<p><strong>Dost\u0119pno\u015b\u0107 architektoniczna<\/strong><\/p>\n<div><span style=\"text-decoration: underline;\">Przedszkole Publiczne w Zespole Szkolno-Przedszkolnym w Mesznej\u00a0<\/span><\/div>\n<div><\/div>\n<div>Do budynku prowadzi 6 wej\u015b\u0107. Wej\u015bcie g\u0142\u00f3wne usytuowane jest przy ul. Szczyrkowskiej. Znajduje si\u0119 tu podjazd dla os\u00f3b poruszaj\u0105cych si\u0119 na w\u00f3zkach. Prowadzi ono do szatni przedszkolnej i sal\u00a0dydaktycznych\u00a0oraz gabinet\u00f3w\u00a0terapeutycznych. Dla interesant\u00f3w przeznaczone jest wej\u015bcie od ul. Agrestowej. Dost\u0119p\u00a0dla os\u00f3b poruszaj\u0105cych\u00a0si\u0119 na w\u00f3zkach jest mo\u017cliwy przez bram\u0119 i podjazd. Pozosta\u0142e\u00a0wej\u015bcia s\u0105 przeznaczone dla pracownik\u00f3w. Ka\u017cde pomieszczenie budynku jest dost\u0119pne dla os\u00f3b z niepe\u0142nosprawno\u015bciami i nie ma tu \u017cadnych barier architektonicznych.<\/div>\n<div>\n<p>Do budynku i wszystkich jego pomieszcze\u0144 mo\u017cna wej\u015b\u0107 z psem asystuj\u0105cym i psem przewodnikiem.<\/p>\n<p>W budynku Przedszkola nie ma p\u0119tli indukcyjnych.<\/p>\n<p>W budynku nie ma oznacze\u0144 w alfabecie Brajla ani oznacze\u0144 kontrastowych lub w druku powi\u0119kszonym dla os\u00f3b niewidomych i s\u0142abowidz\u0105cych.<\/p>\n<\/div>\n","protected":false},"excerpt":{"rendered":"<p>Przedszkole Publiczne w Mesznej zobowi\u0105zuje si\u0119 zapewni\u0107 dost\u0119pno\u015b\u0107 swojej strony internetowej zgodnie z przepisami ustawy z dnia 4 kwietnia 2019 r. o dost\u0119pno\u015bci cyfrowej stron internetowych i aplikacji mobilnych podmiot\u00f3w publicznych. O\u015bwiadczenie w sprawie dost\u0119pno\u015bci ma zastosowanie do strony internetowej www.meszna.edu.pl Dane teleadresowe jednostki: Telefon: 33\u00a0817 12 13, telefon kom.: 579\u00a0470\u00a0796 E-mail: sekretariat@meszna.edu.pl Adres korespondencyjny: [&hellip;]<\/p>\n","protected":false},"author":1,"featured_media":0,"parent":0,"menu_order":0,"comment_status":"closed","ping_status":"closed","template":"","meta":{"footnotes":""},"class_list":["post-791","page","type-page","status-publish","hentry"],"_links":{"self":[{"href":"https:\/\/zspmeszna.edu.pl\/przedszkole\/index.php?rest_route=\/wp\/v2\/pages\/791","targetHints":{"allow":["GET"]}}],"collection":[{"href":"https:\/\/zspmeszna.edu.pl\/przedszkole\/index.php?rest_route=\/wp\/v2\/pages"}],"about":[{"href":"https:\/\/zspmeszna.edu.pl\/przedszkole\/index.php?rest_route=\/wp\/v2\/types\/page"}],"author":[{"embeddable":true,"href":"https:\/\/zspmeszna.edu.pl\/przedszkole\/index.php?rest_route=\/wp\/v2\/users\/1"}],"replies":[{"embeddable":true,"href":"https:\/\/zspmeszna.edu.pl\/przedszkole\/index.php?rest_route=%2Fwp%2Fv2%2Fcomments&post=791"}],"version-history":[{"count":4,"href":"https:\/\/zspmeszna.edu.pl\/przedszkole\/index.php?rest_route=\/wp\/v2\/pages\/791\/revisions"}],"predecessor-version":[{"id":797,"href":"https:\/\/zspmeszna.edu.pl\/przedszkole\/index.php?rest_route=\/wp\/v2\/pages\/791\/revisions\/797"}],"wp:attachment":[{"href":"https:\/\/zspmeszna.edu.pl\/przedszkole\/index.php?rest_route=%2Fwp%2Fv2%2Fmedia&parent=791"}],"curies":[{"name":"wp","href":"https:\/\/api.w.org\/{rel}","templated":true}]}}