{"id":111,"date":"2024-10-24T20:28:10","date_gmt":"2024-10-24T20:28:10","guid":{"rendered":"https:\/\/zspmeszna.edu.pl\/szkola\/?page_id=111"},"modified":"2025-09-05T07:53:01","modified_gmt":"2025-09-05T07:53:01","slug":"pedagog-specjalny","status":"publish","type":"page","link":"https:\/\/zspmeszna.edu.pl\/szkola\/?page_id=111","title":{"rendered":"Pedagog specjalny"},"content":{"rendered":"\r\n<h4 style=\"text-align: center;\"><strong> <a href=\"https:\/\/zspmeszna.edu.pl\/szkola\/wp-content\/uploads\/2024\/12\/pedagog_specjalny-2.jpg\" data-lbwps-width=\"1000\" data-lbwps-height=\"1333\" data-lbwps-srcsmall=\"https:\/\/zspmeszna.edu.pl\/szkola\/wp-content\/uploads\/2024\/12\/pedagog_specjalny-2-225x300.jpg\"><img loading=\"lazy\" decoding=\"async\" class=\"alignleft wp-image-730 size-medium\" src=\"https:\/\/zspmeszna.edu.pl\/szkola\/wp-content\/uploads\/2024\/12\/pedagog_specjalny-2-225x300.jpg\" alt=\"\" width=\"225\" height=\"300\" srcset=\"https:\/\/zspmeszna.edu.pl\/szkola\/wp-content\/uploads\/2024\/12\/pedagog_specjalny-2-225x300.jpg 225w, https:\/\/zspmeszna.edu.pl\/szkola\/wp-content\/uploads\/2024\/12\/pedagog_specjalny-2-768x1024.jpg 768w, https:\/\/zspmeszna.edu.pl\/szkola\/wp-content\/uploads\/2024\/12\/pedagog_specjalny-2-600x800.jpg 600w, https:\/\/zspmeszna.edu.pl\/szkola\/wp-content\/uploads\/2024\/12\/pedagog_specjalny-2.jpg 1000w\" sizes=\"auto, (max-width: 225px) 100vw, 225px\" \/><\/a>Pedagogiem specjalnym jest pani mgr Aleksandra Ha\u0142at-Ratusznik<\/strong><\/h4>\r\n\r\n\r\n\r\n<p style=\"text-align: right;\">\u201eW dzieci\u0144stwie niewiele zale\u017cy od nas, samych. Wiele za\u015b od tych, kt\u00f3rzy s\u0105 z nami\u201d.<br \/><em>B. Roc\u0142awski<\/em><\/p>\r\n\r\n\r\n\r\n\r\n\r\n<p style=\"text-align: center;\"><span style=\"text-decoration: underline;\"><strong>Godziny pracy:<\/strong><\/span> <br \/><strong>Poniedzia\u0142ek: 11:30 &#8211; 16:30<\/strong><br \/><strong>Wtorek: 11:30 &#8211; 16:30<\/strong><br \/><strong>Pi\u0105tek: 8:00 &#8211; 8:55\u00a0 11:30 &#8211; 14:35<\/strong><\/p>\r\n\r\n\r\n\r\n\r\n\r\n\r\n\r\n<p><a href=\"https:\/\/zspmeszna.edu.pl\/szkola\/wp-content\/uploads\/2024\/12\/pedagog_specjalny-1.jpg\" data-lbwps-width=\"1333\" data-lbwps-height=\"1000\" data-lbwps-srcsmall=\"https:\/\/zspmeszna.edu.pl\/szkola\/wp-content\/uploads\/2024\/12\/pedagog_specjalny-1-300x225.jpg\"><img loading=\"lazy\" decoding=\"async\" class=\"aligncenter wp-image-729 size-full\" src=\"https:\/\/zspmeszna.edu.pl\/szkola\/wp-content\/uploads\/2024\/12\/pedagog_specjalny-1.jpg\" alt=\"\" width=\"1333\" height=\"1000\" srcset=\"https:\/\/zspmeszna.edu.pl\/szkola\/wp-content\/uploads\/2024\/12\/pedagog_specjalny-1.jpg 1333w, https:\/\/zspmeszna.edu.pl\/szkola\/wp-content\/uploads\/2024\/12\/pedagog_specjalny-1-300x225.jpg 300w, https:\/\/zspmeszna.edu.pl\/szkola\/wp-content\/uploads\/2024\/12\/pedagog_specjalny-1-1024x768.jpg 1024w, https:\/\/zspmeszna.edu.pl\/szkola\/wp-content\/uploads\/2024\/12\/pedagog_specjalny-1-768x576.jpg 768w, https:\/\/zspmeszna.edu.pl\/szkola\/wp-content\/uploads\/2024\/12\/pedagog_specjalny-1-600x450.jpg 600w\" sizes=\"auto, (max-width: 1333px) 100vw, 1333px\" \/><\/a><\/p>\r\n","protected":false},"excerpt":{"rendered":"<p>Pedagogiem specjalnym jest pani mgr Aleksandra Ha\u0142at-Ratusznik \u201eW dzieci\u0144stwie niewiele zale\u017cy od nas, samych. Wiele za\u015b od tych, kt\u00f3rzy s\u0105 z nami\u201d.B. Roc\u0142awski Godziny pracy: Poniedzia\u0142ek: 11:30 &#8211; 16:30Wtorek: 11:30 &#8211; 16:30Pi\u0105tek: 8:00 &#8211; 8:55\u00a0 11:30 &#8211; 14:35<\/p>\n","protected":false},"author":1,"featured_media":0,"parent":0,"menu_order":0,"comment_status":"closed","ping_status":"closed","template":"","meta":{"footnotes":""},"class_list":["post-111","page","type-page","status-publish","hentry"],"_links":{"self":[{"href":"https:\/\/zspmeszna.edu.pl\/szkola\/index.php?rest_route=\/wp\/v2\/pages\/111","targetHints":{"allow":["GET"]}}],"collection":[{"href":"https:\/\/zspmeszna.edu.pl\/szkola\/index.php?rest_route=\/wp\/v2\/pages"}],"about":[{"href":"https:\/\/zspmeszna.edu.pl\/szkola\/index.php?rest_route=\/wp\/v2\/types\/page"}],"author":[{"embeddable":true,"href":"https:\/\/zspmeszna.edu.pl\/szkola\/index.php?rest_route=\/wp\/v2\/users\/1"}],"replies":[{"embeddable":true,"href":"https:\/\/zspmeszna.edu.pl\/szkola\/index.php?rest_route=%2Fwp%2Fv2%2Fcomments&post=111"}],"version-history":[{"count":18,"href":"https:\/\/zspmeszna.edu.pl\/szkola\/index.php?rest_route=\/wp\/v2\/pages\/111\/revisions"}],"predecessor-version":[{"id":1829,"href":"https:\/\/zspmeszna.edu.pl\/szkola\/index.php?rest_route=\/wp\/v2\/pages\/111\/revisions\/1829"}],"wp:attachment":[{"href":"https:\/\/zspmeszna.edu.pl\/szkola\/index.php?rest_route=%2Fwp%2Fv2%2Fmedia&parent=111"}],"curies":[{"name":"wp","href":"https:\/\/api.w.org\/{rel}","templated":true}]}}