{"id":1160,"date":"2025-03-17T19:44:57","date_gmt":"2025-03-17T19:44:57","guid":{"rendered":"https:\/\/zspmeszna.edu.pl\/szkola\/?page_id=1160"},"modified":"2025-03-17T19:44:57","modified_gmt":"2025-03-17T19:44:57","slug":"szkolny-klub-europejski","status":"publish","type":"page","link":"https:\/\/zspmeszna.edu.pl\/szkola\/?page_id=1160","title":{"rendered":"SZKOLNY KLUB EUROPEJSKI"},"content":{"rendered":"<p><b>SZKOLNY KLUB EUROPEJSKI\u00a0<\/b><\/p>\n<p><b>CELE:<\/b><\/p>\n<ol>\n<li>zdobywanie i szerzenie wiedzy na temat pa\u0144stw europejskich ich kultury, tradycji i historii<\/li>\n<li>propagowanie dzia\u0142a\u0144 proeuropejskich w szkole i spo\u0142eczno\u015bci lokalnej<\/li>\n<li>praktyczna nauka j\u0119zyk\u00f3w obcych<\/li>\n<li>uczestnictwo w projektach lokalnych i mi\u0119dzynarodowych<\/li>\n<li>zintegrowanie uczni\u00f3w zainteresowanych problematyk\u0105 europejsk\u0105,<\/li>\n<li>rozwijanie w uczniach tolerancji i szacunku dla kultur i odr\u0119bno\u015bci innych narod\u00f3w.<\/li>\n<li><\/li>\n<li><b>PODSTAWOWE DZIA\u0141ANIA KLUBU:<\/b><\/li>\n<\/ol>\n<ol>\n<li>propagowanie kampanii informacyjnej (plakaty, spotkania, wystawy na tablicy o Unii Europejskiej),<\/li>\n<li>zbieranie informacji o instytucjach UE,<\/li>\n<li>organizacja\u00a0 Dnia Europy<\/li>\n<li>gromadzenie aktualnych informacji o regionie, Polsce i Europie,<\/li>\n<li>rozwijanie zainteresowa\u0144 uczni\u00f3w i wdra\u017canie do samodzielnego zdobywania wiadomo\u015bci.<\/li>\n<\/ol>\n","protected":false},"excerpt":{"rendered":"<p>SZKOLNY KLUB EUROPEJSKI\u00a0 CELE: zdobywanie i szerzenie wiedzy na temat pa\u0144stw europejskich ich kultury, tradycji i historii propagowanie dzia\u0142a\u0144 proeuropejskich w szkole i spo\u0142eczno\u015bci lokalnej praktyczna nauka j\u0119zyk\u00f3w obcych uczestnictwo w projektach lokalnych i mi\u0119dzynarodowych zintegrowanie uczni\u00f3w zainteresowanych problematyk\u0105 europejsk\u0105, rozwijanie w uczniach tolerancji i szacunku dla kultur i odr\u0119bno\u015bci innych narod\u00f3w. PODSTAWOWE DZIA\u0141ANIA KLUBU: [&hellip;]<\/p>\n","protected":false},"author":1,"featured_media":0,"parent":0,"menu_order":0,"comment_status":"closed","ping_status":"closed","template":"","meta":{"footnotes":""},"class_list":["post-1160","page","type-page","status-publish","hentry"],"_links":{"self":[{"href":"https:\/\/zspmeszna.edu.pl\/szkola\/index.php?rest_route=\/wp\/v2\/pages\/1160","targetHints":{"allow":["GET"]}}],"collection":[{"href":"https:\/\/zspmeszna.edu.pl\/szkola\/index.php?rest_route=\/wp\/v2\/pages"}],"about":[{"href":"https:\/\/zspmeszna.edu.pl\/szkola\/index.php?rest_route=\/wp\/v2\/types\/page"}],"author":[{"embeddable":true,"href":"https:\/\/zspmeszna.edu.pl\/szkola\/index.php?rest_route=\/wp\/v2\/users\/1"}],"replies":[{"embeddable":true,"href":"https:\/\/zspmeszna.edu.pl\/szkola\/index.php?rest_route=%2Fwp%2Fv2%2Fcomments&post=1160"}],"version-history":[{"count":1,"href":"https:\/\/zspmeszna.edu.pl\/szkola\/index.php?rest_route=\/wp\/v2\/pages\/1160\/revisions"}],"predecessor-version":[{"id":1161,"href":"https:\/\/zspmeszna.edu.pl\/szkola\/index.php?rest_route=\/wp\/v2\/pages\/1160\/revisions\/1161"}],"wp:attachment":[{"href":"https:\/\/zspmeszna.edu.pl\/szkola\/index.php?rest_route=%2Fwp%2Fv2%2Fmedia&parent=1160"}],"curies":[{"name":"wp","href":"https:\/\/api.w.org\/{rel}","templated":true}]}}