{"id":1405,"date":"2025-04-14T12:23:53","date_gmt":"2025-04-14T12:23:53","guid":{"rendered":"https:\/\/zspmeszna.edu.pl\/szkola\/?page_id=1405"},"modified":"2025-04-24T20:42:06","modified_gmt":"2025-04-24T20:42:06","slug":"ii-ogolnopolski-konkurs-z-jezyka-niemieckiego-na-komiks","status":"publish","type":"page","link":"https:\/\/zspmeszna.edu.pl\/szkola\/?page_id=1405","title":{"rendered":"II Og\u00f3lnopolski Konkurs z j\u0119zyka niemieckiego na komiks"},"content":{"rendered":"<p style=\"text-align: center;\"><strong>II Og\u00f3lnopolski Konkurs z j\u0119zyka niemieckiego na komiks na temat:<\/strong><br \/>\n<strong>&#8222;Osterbr\u00e4uche in Deutschland, \u00d6sterreich und der Schweiz &#8211; Zwyczaje wielkanocne w Niemczech, Austrii i Szwajcarii.&#8221;<\/strong><\/p>\n<p style=\"text-align: center;\">Uczennica Ewelina Wojnar z klasy VIII zdoby\u0142a II miejsce w konkursie na komiks wielkanocny w j\u0119zyku niemieckim.<br \/>\nKonkurs by\u0142 organizowany prze Bibliotek\u0119 Austriack\u0105 w Opolu.<br \/>\nUczennicy serdecznie gratulujemy!<\/p>\n<p style=\"text-align: center;\"><a href=\"https:\/\/zspmeszna.edu.pl\/szkola\/wp-content\/uploads\/2025\/04\/komiks.jpg\" data-lbwps-width=\"1920\" data-lbwps-height=\"2735\" data-lbwps-srcsmall=\"https:\/\/zspmeszna.edu.pl\/szkola\/wp-content\/uploads\/2025\/04\/komiks-211x300.jpg\"><img loading=\"lazy\" decoding=\"async\" class=\"aligncenter size-full wp-image-1416\" src=\"https:\/\/zspmeszna.edu.pl\/szkola\/wp-content\/uploads\/2025\/04\/komiks-scaled.jpg\" alt=\"\" width=\"1797\" height=\"2560\" srcset=\"https:\/\/zspmeszna.edu.pl\/szkola\/wp-content\/uploads\/2025\/04\/komiks-scaled.jpg 1797w, https:\/\/zspmeszna.edu.pl\/szkola\/wp-content\/uploads\/2025\/04\/komiks-211x300.jpg 211w, https:\/\/zspmeszna.edu.pl\/szkola\/wp-content\/uploads\/2025\/04\/komiks-719x1024.jpg 719w, https:\/\/zspmeszna.edu.pl\/szkola\/wp-content\/uploads\/2025\/04\/komiks-768x1094.jpg 768w, https:\/\/zspmeszna.edu.pl\/szkola\/wp-content\/uploads\/2025\/04\/komiks-1078x1536.jpg 1078w, https:\/\/zspmeszna.edu.pl\/szkola\/wp-content\/uploads\/2025\/04\/komiks-1438x2048.jpg 1438w, https:\/\/zspmeszna.edu.pl\/szkola\/wp-content\/uploads\/2025\/04\/komiks-600x855.jpg 600w\" sizes=\"auto, (max-width: 1797px) 100vw, 1797px\" \/><\/a><\/p>\n<p>&nbsp;<\/p>\n<p>&nbsp;<\/p>\n","protected":false},"excerpt":{"rendered":"<p>II Og\u00f3lnopolski Konkurs z j\u0119zyka niemieckiego na komiks na temat: &#8222;Osterbr\u00e4uche in Deutschland, \u00d6sterreich und der Schweiz &#8211; Zwyczaje wielkanocne w Niemczech, Austrii i Szwajcarii.&#8221; Uczennica Ewelina Wojnar z klasy VIII zdoby\u0142a II miejsce w konkursie na komiks wielkanocny w j\u0119zyku niemieckim. Konkurs by\u0142 organizowany prze Bibliotek\u0119 Austriack\u0105 w Opolu. Uczennicy serdecznie gratulujemy! &nbsp; &nbsp;<\/p>\n","protected":false},"author":1,"featured_media":0,"parent":0,"menu_order":0,"comment_status":"closed","ping_status":"closed","template":"","meta":{"footnotes":""},"class_list":["post-1405","page","type-page","status-publish","hentry"],"_links":{"self":[{"href":"https:\/\/zspmeszna.edu.pl\/szkola\/index.php?rest_route=\/wp\/v2\/pages\/1405","targetHints":{"allow":["GET"]}}],"collection":[{"href":"https:\/\/zspmeszna.edu.pl\/szkola\/index.php?rest_route=\/wp\/v2\/pages"}],"about":[{"href":"https:\/\/zspmeszna.edu.pl\/szkola\/index.php?rest_route=\/wp\/v2\/types\/page"}],"author":[{"embeddable":true,"href":"https:\/\/zspmeszna.edu.pl\/szkola\/index.php?rest_route=\/wp\/v2\/users\/1"}],"replies":[{"embeddable":true,"href":"https:\/\/zspmeszna.edu.pl\/szkola\/index.php?rest_route=%2Fwp%2Fv2%2Fcomments&post=1405"}],"version-history":[{"count":2,"href":"https:\/\/zspmeszna.edu.pl\/szkola\/index.php?rest_route=\/wp\/v2\/pages\/1405\/revisions"}],"predecessor-version":[{"id":1417,"href":"https:\/\/zspmeszna.edu.pl\/szkola\/index.php?rest_route=\/wp\/v2\/pages\/1405\/revisions\/1417"}],"wp:attachment":[{"href":"https:\/\/zspmeszna.edu.pl\/szkola\/index.php?rest_route=%2Fwp%2Fv2%2Fmedia&parent=1405"}],"curies":[{"name":"wp","href":"https:\/\/api.w.org\/{rel}","templated":true}]}}