{"id":1444,"date":"2025-04-28T19:46:52","date_gmt":"2025-04-28T19:46:52","guid":{"rendered":"https:\/\/zspmeszna.edu.pl\/szkola\/?page_id=1444"},"modified":"2025-04-28T19:55:53","modified_gmt":"2025-04-28T19:55:53","slug":"szkolny-konkurs-pieknego-czytania","status":"publish","type":"page","link":"https:\/\/zspmeszna.edu.pl\/szkola\/?page_id=1444","title":{"rendered":"SZKOLNY KONKURS PI\u0118KNEGO CZYTANIA"},"content":{"rendered":"<h4>SZKOLNY KONKURS PI\u0118KNEGO CZYTANIA<\/h4>\n<p>2 kwietnia obchodzony jest Mi\u0119dzynarodowy Dzie\u0144 Ksi\u0105\u017cek dla Dzieci. \u015awi\u0119to ma na celu wspieranie czytania,\u00a0 promocj\u0119 ksi\u0105\u017cek i wszystkiego, co si\u0119 z nimi \u0142\u0105czy. Z tej okazji w szkolnej bibliotece zorganizowany zosta\u0142 Konkurs pi\u0119knego czytania dla klas 1-3. Uczniowie poszczeg\u00f3lnych klas prezentowali swoje umiej\u0119tno\u015bci czytelnicze, a jury wybiera\u0142o zwyci\u0119zc\u00f3w osobno w klasie pierwszej, drugich i trzecich. Dzieci wy\u015bmienicie czyta\u0142y wybrane teksty literatury dzieci\u0119cej, prezentuj\u0105c bardzo wysoki poziom. W\u015br\u00f3d nagrodzonych znale\u017ali si\u0119: klasa 1- miejsce I Dominik Kurzawa, m.II Agata Bieniek, m.III Aleksandra Ogon; klasy 2- m.I\u00a0 Barbara Kwintal, m.II Mateusz Pura, Ruben Zacny, m.III Aleksandra Odoj; klasy 3- m.I Martyna Legierska, Maria K\u0119pys, m. II Anna Wr\u00f3blewska, Aleksandra Kowalcze, m. III Edyta Klaczek. Wszystkim uczestnikom dzi\u0119kujemy za udzia\u0142 i serdecznie gratulujemy!<\/p>\n<div id='gallery-1' class='gallery galleryid-1444 gallery-columns-6 gallery-size-thumbnail'><figure class='gallery-item'>\n\t\t\t<div class='gallery-icon portrait'>\n\t\t\t\t<a href='https:\/\/zspmeszna.edu.pl\/szkola\/?attachment_id=1446' data-lbwps-gid=\"2\"><img loading=\"lazy\" decoding=\"async\" width=\"150\" height=\"150\" src=\"https:\/\/zspmeszna.edu.pl\/szkola\/wp-content\/uploads\/2025\/04\/skpc1-150x150.jpg\" class=\"attachment-thumbnail size-thumbnail\" alt=\"\" \/><\/a>\n\t\t\t<\/div><\/figure><figure class='gallery-item'>\n\t\t\t<div class='gallery-icon portrait'>\n\t\t\t\t<a href='https:\/\/zspmeszna.edu.pl\/szkola\/?attachment_id=1447' data-lbwps-gid=\"2\"><img loading=\"lazy\" decoding=\"async\" width=\"150\" height=\"150\" src=\"https:\/\/zspmeszna.edu.pl\/szkola\/wp-content\/uploads\/2025\/04\/skpc2-150x150.jpg\" class=\"attachment-thumbnail size-thumbnail\" alt=\"\" \/><\/a>\n\t\t\t<\/div><\/figure><figure class='gallery-item'>\n\t\t\t<div class='gallery-icon portrait'>\n\t\t\t\t<a href='https:\/\/zspmeszna.edu.pl\/szkola\/?attachment_id=1448' data-lbwps-gid=\"2\"><img loading=\"lazy\" decoding=\"async\" width=\"150\" height=\"150\" src=\"https:\/\/zspmeszna.edu.pl\/szkola\/wp-content\/uploads\/2025\/04\/skpc3-150x150.jpg\" class=\"attachment-thumbnail size-thumbnail\" alt=\"\" \/><\/a>\n\t\t\t<\/div><\/figure><figure class='gallery-item'>\n\t\t\t<div class='gallery-icon portrait'>\n\t\t\t\t<a href='https:\/\/zspmeszna.edu.pl\/szkola\/?attachment_id=1449' data-lbwps-gid=\"2\"><img loading=\"lazy\" decoding=\"async\" width=\"150\" height=\"150\" src=\"https:\/\/zspmeszna.edu.pl\/szkola\/wp-content\/uploads\/2025\/04\/skpc4-150x150.jpg\" class=\"attachment-thumbnail size-thumbnail\" alt=\"\" \/><\/a>\n\t\t\t<\/div><\/figure><figure class='gallery-item'>\n\t\t\t<div class='gallery-icon portrait'>\n\t\t\t\t<a href='https:\/\/zspmeszna.edu.pl\/szkola\/?attachment_id=1450' data-lbwps-gid=\"2\"><img loading=\"lazy\" decoding=\"async\" width=\"150\" height=\"150\" src=\"https:\/\/zspmeszna.edu.pl\/szkola\/wp-content\/uploads\/2025\/04\/skpc5-150x150.jpg\" class=\"attachment-thumbnail size-thumbnail\" alt=\"\" \/><\/a>\n\t\t\t<\/div><\/figure><figure class='gallery-item'>\n\t\t\t<div class='gallery-icon portrait'>\n\t\t\t\t<a href='https:\/\/zspmeszna.edu.pl\/szkola\/?attachment_id=1451' data-lbwps-gid=\"2\"><img loading=\"lazy\" decoding=\"async\" width=\"150\" height=\"150\" src=\"https:\/\/zspmeszna.edu.pl\/szkola\/wp-content\/uploads\/2025\/04\/skpc6-150x150.jpg\" class=\"attachment-thumbnail size-thumbnail\" alt=\"\" \/><\/a>\n\t\t\t<\/div><\/figure>\n\t\t<\/div>\n\n<p>&nbsp;<\/p>\n","protected":false},"excerpt":{"rendered":"<p>SZKOLNY KONKURS PI\u0118KNEGO CZYTANIA 2 kwietnia obchodzony jest Mi\u0119dzynarodowy Dzie\u0144 Ksi\u0105\u017cek dla Dzieci. \u015awi\u0119to ma na celu wspieranie czytania,\u00a0 promocj\u0119 ksi\u0105\u017cek i wszystkiego, co si\u0119 z nimi \u0142\u0105czy. Z tej okazji w szkolnej bibliotece zorganizowany zosta\u0142 Konkurs pi\u0119knego czytania dla klas 1-3. Uczniowie poszczeg\u00f3lnych klas prezentowali swoje umiej\u0119tno\u015bci czytelnicze, a jury wybiera\u0142o zwyci\u0119zc\u00f3w osobno w [&hellip;]<\/p>\n","protected":false},"author":1,"featured_media":1450,"parent":0,"menu_order":0,"comment_status":"closed","ping_status":"closed","template":"","meta":{"footnotes":""},"class_list":["post-1444","page","type-page","status-publish","has-post-thumbnail","hentry"],"_links":{"self":[{"href":"https:\/\/zspmeszna.edu.pl\/szkola\/index.php?rest_route=\/wp\/v2\/pages\/1444","targetHints":{"allow":["GET"]}}],"collection":[{"href":"https:\/\/zspmeszna.edu.pl\/szkola\/index.php?rest_route=\/wp\/v2\/pages"}],"about":[{"href":"https:\/\/zspmeszna.edu.pl\/szkola\/index.php?rest_route=\/wp\/v2\/types\/page"}],"author":[{"embeddable":true,"href":"https:\/\/zspmeszna.edu.pl\/szkola\/index.php?rest_route=\/wp\/v2\/users\/1"}],"replies":[{"embeddable":true,"href":"https:\/\/zspmeszna.edu.pl\/szkola\/index.php?rest_route=%2Fwp%2Fv2%2Fcomments&post=1444"}],"version-history":[{"count":3,"href":"https:\/\/zspmeszna.edu.pl\/szkola\/index.php?rest_route=\/wp\/v2\/pages\/1444\/revisions"}],"predecessor-version":[{"id":1453,"href":"https:\/\/zspmeszna.edu.pl\/szkola\/index.php?rest_route=\/wp\/v2\/pages\/1444\/revisions\/1453"}],"wp:featuredmedia":[{"embeddable":true,"href":"https:\/\/zspmeszna.edu.pl\/szkola\/index.php?rest_route=\/wp\/v2\/media\/1450"}],"wp:attachment":[{"href":"https:\/\/zspmeszna.edu.pl\/szkola\/index.php?rest_route=%2Fwp%2Fv2%2Fmedia&parent=1444"}],"curies":[{"name":"wp","href":"https:\/\/api.w.org\/{rel}","templated":true}]}}