{"id":1454,"date":"2025-04-28T19:59:09","date_gmt":"2025-04-28T19:59:09","guid":{"rendered":"https:\/\/zspmeszna.edu.pl\/szkola\/?page_id=1454"},"modified":"2025-04-28T19:59:09","modified_gmt":"2025-04-28T19:59:09","slug":"pasowanie-na-czytelnikow-biblioteki-szkolnej","status":"publish","type":"page","link":"https:\/\/zspmeszna.edu.pl\/szkola\/?page_id=1454","title":{"rendered":"PASOWANIE NA CZYTELNIK\u00d3W BIBLIOTEKI SZKOLNEJ"},"content":{"rendered":"<p>PASOWANIE NA CZYTELNIK\u00d3W BIBLIOTEKI SZKOLNEJ<\/p>\n<p>14 marca w bibliotece szkolnej odby\u0142o si\u0119 uroczyste pasowanie pierwszoklasist\u00f3w na czytelnik\u00f3w. Uczniowie klasy 1 ju\u017c od wrze\u015bnia aktywnie korzystaj\u0105 z zasob\u00f3w naszej biblioteki, dlatego nadszed\u0142 ju\u017c czas, aby dokona\u0107 pasowania. Zanim jednak do tego dosz\u0142o, uczniowie wspaniale poradzili sobie z zagadkami oraz pytaniami dotycz\u0105cymi ksi\u0105\u017cek, potrzeb\u0105 dbania o nie, czytania oraz zasad zachowania si\u0119 bibliotece oraz czytelni. Po uroczystym pasowaniu pierwszoklasi\u015bci otrzymali pami\u0105tkowe dyplomy oraz upominki w formie ksi\u0105\u017cek Biblioteka to magiczne miejsce, do kt\u00f3rego odwiedzania zach\u0119camy wszystkich uczni\u00f3w&#8230; i tych starszych, i tych m\u0142odszych!<\/p>\n<div id='gallery-1' class='gallery galleryid-1454 gallery-columns-6 gallery-size-thumbnail'><figure class='gallery-item'>\n\t\t\t<div class='gallery-icon portrait'>\n\t\t\t\t<a href='https:\/\/zspmeszna.edu.pl\/szkola\/?attachment_id=1455' data-lbwps-gid=\"2\"><img loading=\"lazy\" decoding=\"async\" width=\"150\" height=\"150\" src=\"https:\/\/zspmeszna.edu.pl\/szkola\/wp-content\/uploads\/2025\/04\/pasnaczyt1-150x150.jpg\" class=\"attachment-thumbnail size-thumbnail\" alt=\"\" \/><\/a>\n\t\t\t<\/div><\/figure><figure class='gallery-item'>\n\t\t\t<div class='gallery-icon landscape'>\n\t\t\t\t<a href='https:\/\/zspmeszna.edu.pl\/szkola\/?attachment_id=1456' data-lbwps-gid=\"2\"><img loading=\"lazy\" decoding=\"async\" width=\"150\" height=\"150\" src=\"https:\/\/zspmeszna.edu.pl\/szkola\/wp-content\/uploads\/2025\/04\/pasnaczyt2-150x150.jpg\" class=\"attachment-thumbnail size-thumbnail\" alt=\"\" \/><\/a>\n\t\t\t<\/div><\/figure><figure class='gallery-item'>\n\t\t\t<div class='gallery-icon portrait'>\n\t\t\t\t<a href='https:\/\/zspmeszna.edu.pl\/szkola\/?attachment_id=1458' data-lbwps-gid=\"2\"><img loading=\"lazy\" decoding=\"async\" width=\"150\" height=\"150\" src=\"https:\/\/zspmeszna.edu.pl\/szkola\/wp-content\/uploads\/2025\/04\/pasnaczyt4-150x150.jpg\" class=\"attachment-thumbnail size-thumbnail\" alt=\"\" \/><\/a>\n\t\t\t<\/div><\/figure><figure class='gallery-item'>\n\t\t\t<div class='gallery-icon portrait'>\n\t\t\t\t<a href='https:\/\/zspmeszna.edu.pl\/szkola\/?attachment_id=1459' data-lbwps-gid=\"2\"><img loading=\"lazy\" decoding=\"async\" width=\"150\" height=\"150\" src=\"https:\/\/zspmeszna.edu.pl\/szkola\/wp-content\/uploads\/2025\/04\/pasnaczyt5-150x150.jpg\" class=\"attachment-thumbnail size-thumbnail\" alt=\"\" \/><\/a>\n\t\t\t<\/div><\/figure><figure class='gallery-item'>\n\t\t\t<div class='gallery-icon portrait'>\n\t\t\t\t<a href='https:\/\/zspmeszna.edu.pl\/szkola\/?attachment_id=1460' data-lbwps-gid=\"2\"><img loading=\"lazy\" decoding=\"async\" width=\"150\" height=\"150\" src=\"https:\/\/zspmeszna.edu.pl\/szkola\/wp-content\/uploads\/2025\/04\/pasnaczyt6-150x150.jpg\" class=\"attachment-thumbnail size-thumbnail\" alt=\"\" \/><\/a>\n\t\t\t<\/div><\/figure><figure class='gallery-item'>\n\t\t\t<div class='gallery-icon portrait'>\n\t\t\t\t<a href='https:\/\/zspmeszna.edu.pl\/szkola\/?attachment_id=1461' data-lbwps-gid=\"2\"><img loading=\"lazy\" decoding=\"async\" width=\"150\" height=\"150\" src=\"https:\/\/zspmeszna.edu.pl\/szkola\/wp-content\/uploads\/2025\/04\/pasnaczyt7-150x150.jpg\" class=\"attachment-thumbnail size-thumbnail\" alt=\"\" \/><\/a>\n\t\t\t<\/div><\/figure>\n\t\t<\/div>\n\n<p>&nbsp;<\/p>\n","protected":false},"excerpt":{"rendered":"<p>PASOWANIE NA CZYTELNIK\u00d3W BIBLIOTEKI SZKOLNEJ 14 marca w bibliotece szkolnej odby\u0142o si\u0119 uroczyste pasowanie pierwszoklasist\u00f3w na czytelnik\u00f3w. Uczniowie klasy 1 ju\u017c od wrze\u015bnia aktywnie korzystaj\u0105 z zasob\u00f3w naszej biblioteki, dlatego nadszed\u0142 ju\u017c czas, aby dokona\u0107 pasowania. Zanim jednak do tego dosz\u0142o, uczniowie wspaniale poradzili sobie z zagadkami oraz pytaniami dotycz\u0105cymi ksi\u0105\u017cek, potrzeb\u0105 dbania o nie, [&hellip;]<\/p>\n","protected":false},"author":1,"featured_media":1456,"parent":0,"menu_order":0,"comment_status":"closed","ping_status":"closed","template":"","meta":{"footnotes":""},"class_list":["post-1454","page","type-page","status-publish","has-post-thumbnail","hentry"],"_links":{"self":[{"href":"https:\/\/zspmeszna.edu.pl\/szkola\/index.php?rest_route=\/wp\/v2\/pages\/1454","targetHints":{"allow":["GET"]}}],"collection":[{"href":"https:\/\/zspmeszna.edu.pl\/szkola\/index.php?rest_route=\/wp\/v2\/pages"}],"about":[{"href":"https:\/\/zspmeszna.edu.pl\/szkola\/index.php?rest_route=\/wp\/v2\/types\/page"}],"author":[{"embeddable":true,"href":"https:\/\/zspmeszna.edu.pl\/szkola\/index.php?rest_route=\/wp\/v2\/users\/1"}],"replies":[{"embeddable":true,"href":"https:\/\/zspmeszna.edu.pl\/szkola\/index.php?rest_route=%2Fwp%2Fv2%2Fcomments&post=1454"}],"version-history":[{"count":1,"href":"https:\/\/zspmeszna.edu.pl\/szkola\/index.php?rest_route=\/wp\/v2\/pages\/1454\/revisions"}],"predecessor-version":[{"id":1462,"href":"https:\/\/zspmeszna.edu.pl\/szkola\/index.php?rest_route=\/wp\/v2\/pages\/1454\/revisions\/1462"}],"wp:featuredmedia":[{"embeddable":true,"href":"https:\/\/zspmeszna.edu.pl\/szkola\/index.php?rest_route=\/wp\/v2\/media\/1456"}],"wp:attachment":[{"href":"https:\/\/zspmeszna.edu.pl\/szkola\/index.php?rest_route=%2Fwp%2Fv2%2Fmedia&parent=1454"}],"curies":[{"name":"wp","href":"https:\/\/api.w.org\/{rel}","templated":true}]}}