{"id":1539,"date":"2025-05-13T18:48:24","date_gmt":"2025-05-13T18:48:24","guid":{"rendered":"https:\/\/zspmeszna.edu.pl\/szkola\/?page_id=1539"},"modified":"2025-05-13T18:49:02","modified_gmt":"2025-05-13T18:49:02","slug":"kwiecien","status":"publish","type":"page","link":"https:\/\/zspmeszna.edu.pl\/szkola\/?page_id=1539","title":{"rendered":"kwiecie\u0144"},"content":{"rendered":"<p style=\"text-align: justify;\">\u00a0\u00a0\u00a0 Tegoroczny kwiecie\u0144 przyni\u00f3s\u0142 ze sob\u0105 bardzo wa\u017cne wydarzenie. <u>20 i 21 kwietnia<\/u> obchodzili\u015bmy <strong><em>\u015awi\u0119ta Wielkanocne \u2013 \u015awi\u0119ta Zmartwychwstania Pa\u0144skiego<\/em><\/strong>, do kt\u00f3rych przygotowywali\u015bmy si\u0119 ju\u017c od marca.<\/p>\n<p style=\"text-align: justify;\">Dzieci wtenczas wykonywa\u0142y r\u00f3\u017cnego rodzaju ozdoby, pami\u0105tki, kartki, pisanki, baranki itp&#8230; Kolorowa\u0142y, malowa\u0142y i wycina\u0142y, tak aby wszystko wygl\u0105da\u0142o pi\u0119knie. Rozmawiali\u015bmy o zwyczajach i tradycjach wielkanocnych.<\/p>\n<p style=\"text-align: justify;\">\u00a0\u00a0\u00a0\u00a0\u00a0\u00a0\u00a0 Opr\u00f3cz temat\u00f3w, zwi\u0105zanych ze \u015bwi\u0119tami, wymieni\u0107 nale\u017cy jeszcze kilka zagadnie\u0144, kt\u00f3rym bli\u017cej przygl\u0105dn\u0119li\u015bmy si\u0119 w\u0142a\u015bnie w kwietniu, a to:<\/p>\n<p style=\"text-align: justify;\">&#8211; M\u00f3wili\u015bmy o tym, jak umiej\u0119tnie dobiera\u0107 s\u0142owa czy \u017carty, tak aby nie rani\u0142y uczu\u0107 innej osoby.<\/p>\n<p style=\"text-align: justify;\">&#8211; Kolejno, nasza uwaga skupi\u0142a si\u0119 na przyrodzie, a konkretnie na tym, co zrobi\u0107, aby j\u0105 ratowa\u0107.<\/p>\n<p style=\"text-align: justify;\">&#8211; Wa\u017cn\u0105 rol\u0119 odegra\u0142y te\u017c tematy, zwi\u0105zane z \u201eporz\u0105dkami\u201d, w szerokim tego s\u0142owa znaczeniu, w my\u015bl powiedzenia, \u017ce \u201eNasze r\u0119ce potrafi\u0105 wszystko\u201d.<\/p>\n<p style=\"text-align: justify;\"><u>Niew\u0105tpliwie kluczowym momentem<\/u> kwietniowych aktywno\u015bci, by\u0142a organizacja i przeprowadzenie przez wychowawc\u00f3w \u015bwietlicy konkursu <strong><em>\u201eMam talent\u201d<\/em><\/strong>, kt\u00f3ry odby\u0142 si\u0119 w tym roku w dniu 25 kwietnia. Dzieci i m\u0142odzie\u017c z naszej szko\u0142y prezentowali r\u00f3\u017cnorakie talenty. W\u015br\u00f3d nich znalaz\u0142y si\u0119 takie, jak: \u015bpiew, taniec, gra na instrumencie klawiszowym, elementy akrobatyki, recytacja, rysunek, kr\u0119cenie hula-hoop czy sztuki shaolin.<\/p>\n<p style=\"text-align: justify;\">Po burzliwej naradzie, jury konkursowe z Panem Dyrektorem na czele, wy\u0142oni\u0142o zwyci\u0119zc\u00f3w. Zosta\u0142o przyznane jedno pierwsze miejsce, dwa drugie i dwa trzecie. G\u0142\u00f3wnymi nagrodami w tym roku by\u0142y bilety do kina, karnety na pizz\u0119 oraz lody. Wszyscy uczestnicy natomiast, dostali pami\u0105tkowe kubki z napisem \u201eSzkolny Konkurs Mam Talent \u2013 SP Meszna 2025\u201d, wype\u0142nione po brzegi s\u0142odko\u015bciami.<\/p>\n<p style=\"text-align: justify;\">Ca\u0142a impreza odby\u0142a si\u0119 w bardzo mi\u0142ej i przyjaznej atmosferze.<\/p>\n<p style=\"text-align: justify;\">\u00a0\u00a0\u00a0\u00a0\u00a0\u00a0 Pogoda w kwietniu by\u0142a bardzo \u0142askawa, by\u0142o bardzo ciep\u0142o i s\u0142onecznie, dlatego te\u017c du\u017co czasu sp\u0119dzali\u015bmy na dworze \u2013 na placu zabaw i boisku szkolnym. Dzieciaki mog\u0142y nie tylko zaczerpn\u0105\u0107 \u015bwie\u017cego powietrza, ale tak\u017ce pobawi\u0107 si\u0119, wyskaka\u0107 czy zagra\u0107 w pi\u0142k\u0119.<\/p>\n<p>&nbsp;<\/p>\n<div id='gallery-1' class='gallery galleryid-1539 gallery-columns-2 gallery-size-large'><figure class='gallery-item'>\n\t\t\t<div class='gallery-icon landscape'>\n\t\t\t\t<a href='https:\/\/zspmeszna.edu.pl\/szkola\/?attachment_id=1542' data-lbwps-gid=\"2\"><img loading=\"lazy\" decoding=\"async\" width=\"640\" height=\"481\" src=\"https:\/\/zspmeszna.edu.pl\/szkola\/wp-content\/uploads\/2025\/05\/3-2.jpg\" class=\"attachment-large size-large\" alt=\"\" srcset=\"https:\/\/zspmeszna.edu.pl\/szkola\/wp-content\/uploads\/2025\/05\/3-2.jpg 1024w, https:\/\/zspmeszna.edu.pl\/szkola\/wp-content\/uploads\/2025\/05\/3-2-300x225.jpg 300w, https:\/\/zspmeszna.edu.pl\/szkola\/wp-content\/uploads\/2025\/05\/3-2-768x577.jpg 768w, https:\/\/zspmeszna.edu.pl\/szkola\/wp-content\/uploads\/2025\/05\/3-2-600x451.jpg 600w\" sizes=\"auto, (max-width: 640px) 100vw, 640px\" \/><\/a>\n\t\t\t<\/div><\/figure><figure class='gallery-item'>\n\t\t\t<div class='gallery-icon landscape'>\n\t\t\t\t<a href='https:\/\/zspmeszna.edu.pl\/szkola\/?attachment_id=1545' data-lbwps-gid=\"2\"><img loading=\"lazy\" decoding=\"async\" width=\"640\" height=\"481\" src=\"https:\/\/zspmeszna.edu.pl\/szkola\/wp-content\/uploads\/2025\/05\/6-2.jpg\" class=\"attachment-large size-large\" alt=\"\" srcset=\"https:\/\/zspmeszna.edu.pl\/szkola\/wp-content\/uploads\/2025\/05\/6-2.jpg 1024w, https:\/\/zspmeszna.edu.pl\/szkola\/wp-content\/uploads\/2025\/05\/6-2-300x225.jpg 300w, https:\/\/zspmeszna.edu.pl\/szkola\/wp-content\/uploads\/2025\/05\/6-2-768x577.jpg 768w, https:\/\/zspmeszna.edu.pl\/szkola\/wp-content\/uploads\/2025\/05\/6-2-600x451.jpg 600w\" sizes=\"auto, (max-width: 640px) 100vw, 640px\" \/><\/a>\n\t\t\t<\/div><\/figure><figure class='gallery-item'>\n\t\t\t<div class='gallery-icon landscape'>\n\t\t\t\t<a href='https:\/\/zspmeszna.edu.pl\/szkola\/?attachment_id=1544' data-lbwps-gid=\"2\"><img loading=\"lazy\" decoding=\"async\" width=\"640\" height=\"481\" src=\"https:\/\/zspmeszna.edu.pl\/szkola\/wp-content\/uploads\/2025\/05\/5-2.jpg\" class=\"attachment-large size-large\" alt=\"\" srcset=\"https:\/\/zspmeszna.edu.pl\/szkola\/wp-content\/uploads\/2025\/05\/5-2.jpg 1024w, https:\/\/zspmeszna.edu.pl\/szkola\/wp-content\/uploads\/2025\/05\/5-2-300x225.jpg 300w, https:\/\/zspmeszna.edu.pl\/szkola\/wp-content\/uploads\/2025\/05\/5-2-768x577.jpg 768w, https:\/\/zspmeszna.edu.pl\/szkola\/wp-content\/uploads\/2025\/05\/5-2-600x451.jpg 600w\" sizes=\"auto, (max-width: 640px) 100vw, 640px\" \/><\/a>\n\t\t\t<\/div><\/figure><figure class='gallery-item'>\n\t\t\t<div class='gallery-icon portrait'>\n\t\t\t\t<a href='https:\/\/zspmeszna.edu.pl\/szkola\/?attachment_id=1543' data-lbwps-gid=\"2\"><img loading=\"lazy\" decoding=\"async\" width=\"640\" height=\"905\" src=\"https:\/\/zspmeszna.edu.pl\/szkola\/wp-content\/uploads\/2025\/05\/4-2-724x1024.jpg\" class=\"attachment-large size-large\" alt=\"\" srcset=\"https:\/\/zspmeszna.edu.pl\/szkola\/wp-content\/uploads\/2025\/05\/4-2-724x1024.jpg 724w, https:\/\/zspmeszna.edu.pl\/szkola\/wp-content\/uploads\/2025\/05\/4-2-212x300.jpg 212w, https:\/\/zspmeszna.edu.pl\/szkola\/wp-content\/uploads\/2025\/05\/4-2-600x848.jpg 600w, https:\/\/zspmeszna.edu.pl\/szkola\/wp-content\/uploads\/2025\/05\/4-2.jpg 768w\" sizes=\"auto, (max-width: 640px) 100vw, 640px\" \/><\/a>\n\t\t\t<\/div><\/figure><figure class='gallery-item'>\n\t\t\t<div class='gallery-icon landscape'>\n\t\t\t\t<a href='https:\/\/zspmeszna.edu.pl\/szkola\/?attachment_id=1540' data-lbwps-gid=\"2\"><img loading=\"lazy\" decoding=\"async\" width=\"640\" height=\"481\" src=\"https:\/\/zspmeszna.edu.pl\/szkola\/wp-content\/uploads\/2025\/05\/1-2.jpg\" class=\"attachment-large size-large\" alt=\"\" srcset=\"https:\/\/zspmeszna.edu.pl\/szkola\/wp-content\/uploads\/2025\/05\/1-2.jpg 1024w, https:\/\/zspmeszna.edu.pl\/szkola\/wp-content\/uploads\/2025\/05\/1-2-300x225.jpg 300w, https:\/\/zspmeszna.edu.pl\/szkola\/wp-content\/uploads\/2025\/05\/1-2-768x577.jpg 768w, https:\/\/zspmeszna.edu.pl\/szkola\/wp-content\/uploads\/2025\/05\/1-2-600x451.jpg 600w\" sizes=\"auto, (max-width: 640px) 100vw, 640px\" \/><\/a>\n\t\t\t<\/div><\/figure><figure class='gallery-item'>\n\t\t\t<div class='gallery-icon portrait'>\n\t\t\t\t<a href='https:\/\/zspmeszna.edu.pl\/szkola\/?attachment_id=1541' data-lbwps-gid=\"2\"><img loading=\"lazy\" decoding=\"async\" width=\"577\" height=\"768\" src=\"https:\/\/zspmeszna.edu.pl\/szkola\/wp-content\/uploads\/2025\/05\/2-2.jpg\" class=\"attachment-large size-large\" alt=\"\" srcset=\"https:\/\/zspmeszna.edu.pl\/szkola\/wp-content\/uploads\/2025\/05\/2-2.jpg 577w, https:\/\/zspmeszna.edu.pl\/szkola\/wp-content\/uploads\/2025\/05\/2-2-225x300.jpg 225w\" sizes=\"auto, (max-width: 577px) 100vw, 577px\" \/><\/a>\n\t\t\t<\/div><\/figure><figure class='gallery-item'>\n\t\t\t<div class='gallery-icon portrait'>\n\t\t\t\t<a href='https:\/\/zspmeszna.edu.pl\/szkola\/?attachment_id=1548' data-lbwps-gid=\"2\"><img loading=\"lazy\" decoding=\"async\" width=\"640\" height=\"853\" src=\"https:\/\/zspmeszna.edu.pl\/szkola\/wp-content\/uploads\/2025\/05\/9-1.jpg\" class=\"attachment-large size-large\" alt=\"\" srcset=\"https:\/\/zspmeszna.edu.pl\/szkola\/wp-content\/uploads\/2025\/05\/9-1.jpg 768w, https:\/\/zspmeszna.edu.pl\/szkola\/wp-content\/uploads\/2025\/05\/9-1-225x300.jpg 225w, https:\/\/zspmeszna.edu.pl\/szkola\/wp-content\/uploads\/2025\/05\/9-1-600x800.jpg 600w\" sizes=\"auto, (max-width: 640px) 100vw, 640px\" \/><\/a>\n\t\t\t<\/div><\/figure><figure class='gallery-item'>\n\t\t\t<div class='gallery-icon portrait'>\n\t\t\t\t<a href='https:\/\/zspmeszna.edu.pl\/szkola\/?attachment_id=1549' data-lbwps-gid=\"2\"><img loading=\"lazy\" decoding=\"async\" width=\"640\" height=\"853\" src=\"https:\/\/zspmeszna.edu.pl\/szkola\/wp-content\/uploads\/2025\/05\/10-1.jpg\" class=\"attachment-large size-large\" alt=\"\" srcset=\"https:\/\/zspmeszna.edu.pl\/szkola\/wp-content\/uploads\/2025\/05\/10-1.jpg 768w, https:\/\/zspmeszna.edu.pl\/szkola\/wp-content\/uploads\/2025\/05\/10-1-225x300.jpg 225w, https:\/\/zspmeszna.edu.pl\/szkola\/wp-content\/uploads\/2025\/05\/10-1-600x800.jpg 600w\" sizes=\"auto, (max-width: 640px) 100vw, 640px\" \/><\/a>\n\t\t\t<\/div><\/figure><figure class='gallery-item'>\n\t\t\t<div class='gallery-icon portrait'>\n\t\t\t\t<a href='https:\/\/zspmeszna.edu.pl\/szkola\/?attachment_id=1550' data-lbwps-gid=\"2\"><img loading=\"lazy\" decoding=\"async\" width=\"640\" height=\"853\" src=\"https:\/\/zspmeszna.edu.pl\/szkola\/wp-content\/uploads\/2025\/05\/11-2.jpg\" class=\"attachment-large size-large\" alt=\"\" srcset=\"https:\/\/zspmeszna.edu.pl\/szkola\/wp-content\/uploads\/2025\/05\/11-2.jpg 768w, https:\/\/zspmeszna.edu.pl\/szkola\/wp-content\/uploads\/2025\/05\/11-2-225x300.jpg 225w, https:\/\/zspmeszna.edu.pl\/szkola\/wp-content\/uploads\/2025\/05\/11-2-600x800.jpg 600w\" sizes=\"auto, (max-width: 640px) 100vw, 640px\" \/><\/a>\n\t\t\t<\/div><\/figure><figure class='gallery-item'>\n\t\t\t<div class='gallery-icon portrait'>\n\t\t\t\t<a href='https:\/\/zspmeszna.edu.pl\/szkola\/?attachment_id=1547' data-lbwps-gid=\"2\"><img loading=\"lazy\" decoding=\"async\" width=\"640\" height=\"853\" src=\"https:\/\/zspmeszna.edu.pl\/szkola\/wp-content\/uploads\/2025\/05\/8-2.jpg\" class=\"attachment-large size-large\" alt=\"\" srcset=\"https:\/\/zspmeszna.edu.pl\/szkola\/wp-content\/uploads\/2025\/05\/8-2.jpg 768w, https:\/\/zspmeszna.edu.pl\/szkola\/wp-content\/uploads\/2025\/05\/8-2-225x300.jpg 225w, https:\/\/zspmeszna.edu.pl\/szkola\/wp-content\/uploads\/2025\/05\/8-2-600x800.jpg 600w\" sizes=\"auto, (max-width: 640px) 100vw, 640px\" \/><\/a>\n\t\t\t<\/div><\/figure>\n\t\t<\/div>\n\n","protected":false},"excerpt":{"rendered":"<p>\u00a0\u00a0\u00a0 Tegoroczny kwiecie\u0144 przyni\u00f3s\u0142 ze sob\u0105 bardzo wa\u017cne wydarzenie. 20 i 21 kwietnia obchodzili\u015bmy \u015awi\u0119ta Wielkanocne \u2013 \u015awi\u0119ta Zmartwychwstania Pa\u0144skiego, do kt\u00f3rych przygotowywali\u015bmy si\u0119 ju\u017c od marca. Dzieci wtenczas wykonywa\u0142y r\u00f3\u017cnego rodzaju ozdoby, pami\u0105tki, kartki, pisanki, baranki itp&#8230; Kolorowa\u0142y, malowa\u0142y i wycina\u0142y, tak aby wszystko wygl\u0105da\u0142o pi\u0119knie. Rozmawiali\u015bmy o zwyczajach i tradycjach wielkanocnych. \u00a0\u00a0\u00a0\u00a0\u00a0\u00a0\u00a0 Opr\u00f3cz [&hellip;]<\/p>\n","protected":false},"author":3,"featured_media":0,"parent":0,"menu_order":0,"comment_status":"closed","ping_status":"closed","template":"","meta":{"footnotes":""},"class_list":["post-1539","page","type-page","status-publish","hentry"],"_links":{"self":[{"href":"https:\/\/zspmeszna.edu.pl\/szkola\/index.php?rest_route=\/wp\/v2\/pages\/1539","targetHints":{"allow":["GET"]}}],"collection":[{"href":"https:\/\/zspmeszna.edu.pl\/szkola\/index.php?rest_route=\/wp\/v2\/pages"}],"about":[{"href":"https:\/\/zspmeszna.edu.pl\/szkola\/index.php?rest_route=\/wp\/v2\/types\/page"}],"author":[{"embeddable":true,"href":"https:\/\/zspmeszna.edu.pl\/szkola\/index.php?rest_route=\/wp\/v2\/users\/3"}],"replies":[{"embeddable":true,"href":"https:\/\/zspmeszna.edu.pl\/szkola\/index.php?rest_route=%2Fwp%2Fv2%2Fcomments&post=1539"}],"version-history":[{"count":4,"href":"https:\/\/zspmeszna.edu.pl\/szkola\/index.php?rest_route=\/wp\/v2\/pages\/1539\/revisions"}],"predecessor-version":[{"id":1553,"href":"https:\/\/zspmeszna.edu.pl\/szkola\/index.php?rest_route=\/wp\/v2\/pages\/1539\/revisions\/1553"}],"wp:attachment":[{"href":"https:\/\/zspmeszna.edu.pl\/szkola\/index.php?rest_route=%2Fwp%2Fv2%2Fmedia&parent=1539"}],"curies":[{"name":"wp","href":"https:\/\/api.w.org\/{rel}","templated":true}]}}