{"id":172,"date":"2024-11-02T16:59:56","date_gmt":"2024-11-02T16:59:56","guid":{"rendered":"https:\/\/zspmeszna.edu.pl\/szkola\/?page_id=172"},"modified":"2025-09-29T08:03:53","modified_gmt":"2025-09-29T08:03:53","slug":"samorzad-uczniowski","status":"publish","type":"page","link":"https:\/\/zspmeszna.edu.pl\/szkola\/?page_id=172","title":{"rendered":"Samorz\u0105d uczniowski"},"content":{"rendered":"\r\n<p class=\"kt-adv-heading172_568568-3b wp-block-kadence-advancedheading\" data-kb-block=\"kb-adv-heading172_568568-3b\">P<strong>RZEWODNICZ\u0104CY: Karolina Tla\u0142ka<\/strong>, kl. 8.<\/p>\r\n\r\n\r\n\r\n<p class=\"kt-adv-heading172_e453f6-37 wp-block-kadence-advancedheading\" data-kb-block=\"kb-adv-heading172_e453f6-37\"><strong>ZAST\u0118PCA PRZEWODNICZ\u0104CEGO: Mateusz Czader<\/strong>, kl. 5b.<\/p>\r\n\r\n\r\n\r\n<p class=\"kt-adv-heading172_2a3407-59 wp-block-kadence-advancedheading\" data-kb-block=\"kb-adv-heading172_2a3407-59\">Opiekunem Samorz\u0105du Szkolnego wybrany zosta\u0142 przez uczni\u00f3w\u00a0Pan Mateusz Radaczy\u0144ski.<\/p>\r\n\r\n\r\n\r\n<p class=\"kt-adv-heading172_e4cd35-7d wp-block-kadence-advancedheading\" data-kb-block=\"kb-adv-heading172_e4cd35-7d\"><strong>Cele samorz\u0105du uczniowskiego:<\/strong><br \/>Aktywizowanie \u017cycia spo\u0142ecznego w szkole.<br \/>Wsp\u00f3\u0142udzia\u0142 w realizacji dydaktycznych, wychowawczych i opieku\u0144czych zada\u0144 szko\u0142y.<br \/>Kszta\u0142towanie zainteresowania \u017cyciem i dzia\u0142alno\u015bci\u0105 spo\u0142eczn\u0105.<br \/>Kszta\u0142towanie umiej\u0119tno\u015bci efektywnego wsp\u00f3\u0142dzia\u0142ania w zespole.<br \/>Kszta\u0142towanie postawy zdrowego i bezpiecznego stylu \u017cycia, inspirowanie harmonijnego rozwoju.<br \/>Budowanie gotowo\u015bci podejmowania obowi\u0105zk\u00f3w i brania odpowiedzialno\u015bci za ich realizacj\u0119.<br \/>Rozwijanie poczucia przynale\u017cno\u015bci do spo\u0142eczno\u015bci szkolnej.<br \/>Reprezentowanie spo\u0142eczno\u015bci uczniowskiej w szkole i spo\u0142eczno\u015bci lokalnej.<\/p>\r\n\r\n\r\n\r\n<p class=\"kt-adv-heading172_7552ea-ee wp-block-kadence-advancedheading\" data-kb-block=\"kb-adv-heading172_7552ea-ee\"><br \/><strong>Rozdzia\u0142 2<\/strong><br \/><strong>Kszta\u0142t\u00a0samorz\u0105du uczniowskiego<\/strong><br \/>1. Samorz\u0105d uczniowski tworz\u0105 wszyscy uczniowie Szko\u0142y Podstawowej im. b\u0142. Jana Paw\u0142a II w Mesznej.<br \/><strong>Organami samorz\u0105du uczniowskiego s\u0105:<\/strong><br \/>1) Przewodnicz\u0105cy samorz\u0105du uczniowskiego;<br \/>2) Zast\u0119pca przewodnicz\u0105cego samorz\u0105du uczniowskiego;<br \/>3) Samorz\u0105dy klasowe.<br \/>Organy samorz\u0105du s\u0105 jedynym reprezentantem og\u00f3\u0142u uczni\u00f3w.<br \/><strong>Przewodnicz\u0105cy samorz\u0105du:<\/strong><br \/>1) Reprezentuje swoich koleg\u00f3w wobec nauczycieli i dyrekcji;<br \/>2) Kieruje prac\u0105 samorz\u0105du uczniowskiego;<br \/>3) Reprezentuje szko\u0142\u0119 na uroczysto\u015bciach i imprezach pozaszkolnych;<br \/>4) Wyst\u0119puje z wnioskami do dyrektora szko\u0142y, rady pedagogicznej, rady rodzic\u00f3w<br \/>w ramach swoich kompetencji;<br \/>5) Podpisuje uchwa\u0142y samorz\u0105du uczniowskiego i odpowiada za ich realizacj\u0119.<br \/>Zast\u0119pca przewodnicz\u0105cego samorz\u0105du uczniowskiego:<br \/>1)\u015aci\u015ble wsp\u00f3\u0142pracuje z zast\u0119pc\u0105 przewodnicz\u0105cego samorz\u0105du uczniowskiego;<br \/>2) Zast\u0119puje przewodnicz\u0105cego samorz\u0105du uczniowskiego w przypadku jego nieobecno\u015bci b\u0105d\u017a w innych sytuacjach tego wymagaj\u0105cych;<br \/><strong>Samorz\u0105d klasowy:<\/strong><br \/>1) Organizuje \u017cycie klasy \u2013 wa\u017cne dni, uroczysto\u015bci klasowe, imprezy pozalekcyjne;<br \/>2) We wsp\u00f3\u0142pracy z wychowawc\u0105 rozwi\u0105zuje wewn\u0119trzne problemy spo\u0142eczno\u015bci klasowej;<br \/>3) Organizuje pomoc kole\u017ce\u0144sk\u0105 przy wsparciu wychowawcy klasy;<br \/>4) Reprezentuje klas\u0119 na zewn\u0105trz.<\/p>\r\n\r\n\r\n\r\n<p class=\"kt-adv-heading172_1a19fc-f7 wp-block-kadence-advancedheading\" data-kb-block=\"kb-adv-heading172_1a19fc-f7\">\u00a0<\/p>\r\n","protected":false},"excerpt":{"rendered":"","protected":false},"author":1,"featured_media":0,"parent":0,"menu_order":0,"comment_status":"closed","ping_status":"closed","template":"","meta":{"footnotes":""},"class_list":["post-172","page","type-page","status-publish","hentry"],"_links":{"self":[{"href":"https:\/\/zspmeszna.edu.pl\/szkola\/index.php?rest_route=\/wp\/v2\/pages\/172","targetHints":{"allow":["GET"]}}],"collection":[{"href":"https:\/\/zspmeszna.edu.pl\/szkola\/index.php?rest_route=\/wp\/v2\/pages"}],"about":[{"href":"https:\/\/zspmeszna.edu.pl\/szkola\/index.php?rest_route=\/wp\/v2\/types\/page"}],"author":[{"embeddable":true,"href":"https:\/\/zspmeszna.edu.pl\/szkola\/index.php?rest_route=\/wp\/v2\/users\/1"}],"replies":[{"embeddable":true,"href":"https:\/\/zspmeszna.edu.pl\/szkola\/index.php?rest_route=%2Fwp%2Fv2%2Fcomments&post=172"}],"version-history":[{"count":3,"href":"https:\/\/zspmeszna.edu.pl\/szkola\/index.php?rest_route=\/wp\/v2\/pages\/172\/revisions"}],"predecessor-version":[{"id":1906,"href":"https:\/\/zspmeszna.edu.pl\/szkola\/index.php?rest_route=\/wp\/v2\/pages\/172\/revisions\/1906"}],"wp:attachment":[{"href":"https:\/\/zspmeszna.edu.pl\/szkola\/index.php?rest_route=%2Fwp%2Fv2%2Fmedia&parent=172"}],"curies":[{"name":"wp","href":"https:\/\/api.w.org\/{rel}","templated":true}]}}