{"id":174,"date":"2024-11-02T17:02:24","date_gmt":"2024-11-02T17:02:24","guid":{"rendered":"https:\/\/zspmeszna.edu.pl\/szkola\/?page_id=174"},"modified":"2025-11-15T16:48:14","modified_gmt":"2025-11-15T16:48:14","slug":"dokumenty-szkolne","status":"publish","type":"page","link":"https:\/\/zspmeszna.edu.pl\/szkola\/?page_id=174","title":{"rendered":"Dokumenty szkolne"},"content":{"rendered":"\r\n<p><span style=\"font-size: 12pt;\"><strong><a href=\"https:\/\/zspmeszna.edu.pl\/szkola\/wp-content\/uploads\/2025\/09\/STATUT-ZESPOLU-1.09.2025.pdf\" target=\"_blank\" rel=\"noopener\">Statut Zespo\u0142u Szkolno-Przedszkolnego \u2013 stan prawny na dzie\u0144 28.08.2025<\/a><\/strong><\/span><br \/><span style=\"font-size: 12pt;\"><strong><a href=\"https:\/\/zspmeszna.edu.pl\/szkola\/wp-content\/uploads\/2025\/09\/STATUT-SZKOLY-1.09.2025.pdf\" target=\"_blank\" rel=\"noopener\">Statut Szko\u0142y Podstawowej w Mesznej \u2013 stan prawny na dzie\u0144 28.08.2025<\/a><\/strong><\/span><br \/><span style=\"font-size: 12pt;\"><strong><a href=\"https:\/\/zspmeszna.edu.pl\/szkola\/wp-content\/uploads\/2025\/09\/Program-Wychowawczo-Profilaktyczny2025-2026.pdf\">Szkolny Program Profilaktyczno &#8211; Wychowawczy<\/a><\/strong><\/span><br \/><span style=\"font-size: 12pt;\"><strong><a href=\"https:\/\/zspmeszna.edu.pl\/szkola\/wp-content\/uploads\/2024\/11\/Standardy-ochrony-maloletnich-SP-Meszna.pdf\" target=\"_blank\" rel=\"noopener\">Standardy ochrony ma\u0142oletnich w Szkole Podstawowej w Mesznej<\/a><\/strong><\/span><br \/><span style=\"font-size: 12pt;\"><strong><a href=\"https:\/\/zspmeszna.edu.pl\/szkola\/wp-content\/uploads\/2024\/11\/Procedury_bezpieczenstwa_szkola.pdf\" target=\"_blank\" rel=\"noopener\">Procedury bezpiecze\u0144stwa w Szkole Podstawowej w Mesznej<\/a><\/strong><\/span><br \/><span style=\"font-size: 12pt;\"><strong><a href=\"https:\/\/zspmeszna.edu.pl\/szkola\/wp-content\/uploads\/2024\/11\/Regulamin_wycieczek.pdf\" target=\"_blank\" rel=\"noopener\">Regulamin organizowania wycieczek szkolnych<\/a><\/strong><\/span><br \/><span style=\"font-size: 12pt;\"><strong><a href=\"https:\/\/zspmeszna.edu.pl\/szkola\/wp-content\/uploads\/2024\/11\/Regulamin-samorzadu-uczniowskiego.pdf\" target=\"_blank\" rel=\"noopener\">Regulamin Samorz\u0105du Uczniowskiego<\/a><\/strong><\/span><br \/><span style=\"font-size: 12pt;\"><strong><a href=\"https:\/\/zspmeszna.edu.pl\/szkola\/wp-content\/uploads\/2024\/11\/Procedury_wspolpracy_z_rodzicami.pdf\" target=\"_blank\" rel=\"noopener\">Procedury wsp\u00f3\u0142pracy z rodzicami<\/a><\/strong><\/span><br \/><span style=\"font-size: 12pt;\"><strong><a href=\"https:\/\/zspmeszna.edu.pl\/szkola\/wp-content\/uploads\/2024\/11\/Regulamin_darmowe_podreczniki.pdf\" target=\"_blank\" rel=\"noopener\">Regulamin korzystania z darmowych podr\u0119cznik\u00f3w<\/a><\/strong><\/span><br \/><span style=\"font-size: 12pt;\"><strong><a href=\"https:\/\/zspmeszna.edu.pl\/szkola\/wp-content\/uploads\/2024\/11\/Karta_rowerowa.pdf\" target=\"_blank\" rel=\"noopener\">Regulamin uzyskania Karty Rowerowej<\/a><\/strong><\/span><br \/><span style=\"font-size: 12pt;\"><strong><a href=\"https:\/\/zspmeszna.edu.pl\/szkola\/wp-content\/uploads\/2024\/11\/Procedury_zwolnien_WF.pdf\">Procedury uzyskiwania zwolnie\u0144 z wychowania fizycznego<\/a><\/strong><\/span><br \/><span style=\"font-size: 12pt;\"><strong><a href=\"https:\/\/zspmeszna.edu.pl\/szkola\/wp-content\/uploads\/2024\/12\/zgloszenia_naruszen_prawa_sygnalisci.pdf\" target=\"_blank\" rel=\"noopener\">Procedura dokonywania zg\u0142osze\u0144 narusze\u0144 prawa i podejmowania dzia\u0142a\u0144 nast\u0119pczych<\/a><\/strong><\/span><br \/><span style=\"font-size: 12pt;\"><strong><a href=\"https:\/\/zspmeszna.edu.pl\/szkola\/wp-content\/uploads\/2025\/11\/ProceduramonitoringuSZKOLA.pdf\">Procedura obs\u0142ugi i korzystania z monitoringu wizyjnego w Szkole Podstawowej w Mesznej<\/a><\/strong><\/span><br \/><span style=\"font-size: 12pt;\"><a href=\"https:\/\/zspmeszna.edu.pl\/szkola\/wp-content\/uploads\/2025\/11\/ProcedurachorobyprzewleklaSZKOLA.pdf\"><strong>Procedura post\u0119powania z dzieckiem chorym i przewlekle chorym w Szkole Podstawowej w Mesznej<\/strong><\/a><\/span><\/p>\r\n","protected":false},"excerpt":{"rendered":"","protected":false},"author":1,"featured_media":0,"parent":0,"menu_order":0,"comment_status":"closed","ping_status":"closed","template":"","meta":{"footnotes":""},"class_list":["post-174","page","type-page","status-publish","hentry"],"_links":{"self":[{"href":"https:\/\/zspmeszna.edu.pl\/szkola\/index.php?rest_route=\/wp\/v2\/pages\/174","targetHints":{"allow":["GET"]}}],"collection":[{"href":"https:\/\/zspmeszna.edu.pl\/szkola\/index.php?rest_route=\/wp\/v2\/pages"}],"about":[{"href":"https:\/\/zspmeszna.edu.pl\/szkola\/index.php?rest_route=\/wp\/v2\/types\/page"}],"author":[{"embeddable":true,"href":"https:\/\/zspmeszna.edu.pl\/szkola\/index.php?rest_route=\/wp\/v2\/users\/1"}],"replies":[{"embeddable":true,"href":"https:\/\/zspmeszna.edu.pl\/szkola\/index.php?rest_route=%2Fwp%2Fv2%2Fcomments&post=174"}],"version-history":[{"count":21,"href":"https:\/\/zspmeszna.edu.pl\/szkola\/index.php?rest_route=\/wp\/v2\/pages\/174\/revisions"}],"predecessor-version":[{"id":359,"href":"https:\/\/zspmeszna.edu.pl\/szkola\/index.php?rest_route=\/wp\/v2\/pages\/174\/revisions\/359"}],"wp:attachment":[{"href":"https:\/\/zspmeszna.edu.pl\/szkola\/index.php?rest_route=%2Fwp%2Fv2%2Fmedia&parent=174"}],"curies":[{"name":"wp","href":"https:\/\/api.w.org\/{rel}","templated":true}]}}