{"id":176,"date":"2024-11-02T17:04:53","date_gmt":"2024-11-02T17:04:53","guid":{"rendered":"https:\/\/zspmeszna.edu.pl\/szkola\/?page_id=176"},"modified":"2025-11-17T20:17:44","modified_gmt":"2025-11-17T20:17:44","slug":"ubezpieczenie","status":"publish","type":"page","link":"https:\/\/zspmeszna.edu.pl\/szkola\/?page_id=176","title":{"rendered":"Ubezpieczenie"},"content":{"rendered":"\r\n<h5>\u00a0<\/h5>\r\n<h5><a href=\"https:\/\/zspmeszna.edu.pl\/szkola\/wp-content\/uploads\/2025\/09\/OWU.pdf\">OG\u00d3LNE WARUNKI UBEZPIECZENIA &#8211; 2025\/2026<\/a><\/h5>\r\n<h5><a href=\"https:\/\/zspmeszna.edu.pl\/szkola\/wp-content\/uploads\/2025\/09\/SPOSOBY-ZGLOSZENIA-ROSZCZENIA-Z-POLISY-SZKOLNEJ.pdf\">SPOSOBY ZG\u0141OSZENIA ROSZCZENIA Z POLISY SZKOLNEJ<\/a><\/h5>\r\n<h5><a href=\"https:\/\/zspmeszna.edu.pl\/szkola\/wp-content\/uploads\/2025\/09\/TABELA-USZCZERBKOW.pdf\">TABELA USZCZERBK\u00d3W<\/a><\/h5>\r\n<h5><a href=\"https:\/\/zspmeszna.edu.pl\/szkola\/wp-content\/uploads\/2025\/09\/ULOTKA-PLATNOSC-GOTOWKA-44-ZLZESPOL-SZKOLNO-PRZEDSZKOLNY-W-MESZNEJ.pdf\">POLISA &#8211; P\u0141ATNO\u015a\u0106 44 Z\u0141<\/a><\/h5>\r\n<h5><a href=\"https:\/\/zspmeszna.edu.pl\/szkola\/wp-content\/uploads\/2025\/09\/ULOTKA-PLATNOSC-GOTOWKA-53-ZLZESPOL-SZKOLNO-PRZEDSZKOLNY-W-MESZNEJ.pdf\">POLISA &#8211; P\u0141ATNO\u015a\u0106 53 Z\u0141<\/a><\/h5>\r\n<h5><a href=\"https:\/\/zspmeszna.edu.pl\/szkola\/wp-content\/uploads\/2025\/09\/ULOTKA-PLATNOSC-GOTOWKA-58-ZLZESPOL-SZKOLNO-PRZEDSZKOLNY-W-MESZNEJ.pdf\">POLISA &#8211; P\u0141ATNO\u015a\u0106 58 Z\u0141<\/a><\/h5>\r\n<h5><a href=\"https:\/\/zspmeszna.edu.pl\/szkola\/wp-content\/uploads\/2025\/09\/ULOTKA-PLATNOSC-GOTOWKA-80-ZLZESPOL-SZKOLNO-PRZEDSZKOLNY-W-MESZNEJ.pdf\">POLISA &#8211; P\u0141ATNO\u015a\u0106 80 Z\u0141<\/a><\/h5>\r\n<p>&nbsp;<\/p>\r\n<p><a href=\"https:\/\/zspmeszna.edu.pl\/szkola\/wp-content\/uploads\/2025\/11\/pomoc_zdrowotna.pdf\"><strong>Uchwa\u0142a Rady Gminy Wilkowice w sprawie pomocy zdrowotnej dla nauczycieli<\/strong><\/a><\/p>\r\n","protected":false},"excerpt":{"rendered":"","protected":false},"author":1,"featured_media":0,"parent":0,"menu_order":0,"comment_status":"closed","ping_status":"closed","template":"","meta":{"footnotes":""},"class_list":["post-176","page","type-page","status-publish","hentry"],"_links":{"self":[{"href":"https:\/\/zspmeszna.edu.pl\/szkola\/index.php?rest_route=\/wp\/v2\/pages\/176","targetHints":{"allow":["GET"]}}],"collection":[{"href":"https:\/\/zspmeszna.edu.pl\/szkola\/index.php?rest_route=\/wp\/v2\/pages"}],"about":[{"href":"https:\/\/zspmeszna.edu.pl\/szkola\/index.php?rest_route=\/wp\/v2\/types\/page"}],"author":[{"embeddable":true,"href":"https:\/\/zspmeszna.edu.pl\/szkola\/index.php?rest_route=\/wp\/v2\/users\/1"}],"replies":[{"embeddable":true,"href":"https:\/\/zspmeszna.edu.pl\/szkola\/index.php?rest_route=%2Fwp%2Fv2%2Fcomments&post=176"}],"version-history":[{"count":13,"href":"https:\/\/zspmeszna.edu.pl\/szkola\/index.php?rest_route=\/wp\/v2\/pages\/176\/revisions"}],"predecessor-version":[{"id":2109,"href":"https:\/\/zspmeszna.edu.pl\/szkola\/index.php?rest_route=\/wp\/v2\/pages\/176\/revisions\/2109"}],"wp:attachment":[{"href":"https:\/\/zspmeszna.edu.pl\/szkola\/index.php?rest_route=%2Fwp%2Fv2%2Fmedia&parent=176"}],"curies":[{"name":"wp","href":"https:\/\/api.w.org\/{rel}","templated":true}]}}