{"id":18,"date":"2024-04-24T17:21:41","date_gmt":"2024-04-24T17:21:41","guid":{"rendered":"https:\/\/zspmeszna.edu.pl\/szkola\/?page_id=18"},"modified":"2024-12-03T15:25:04","modified_gmt":"2024-12-03T15:25:04","slug":"historia-szkoly-podstawowej-w-mesznej","status":"publish","type":"page","link":"https:\/\/zspmeszna.edu.pl\/szkola\/?page_id=18","title":{"rendered":"Historia Szko\u0142y Podstawowej w Mesznej"},"content":{"rendered":"\r\n<p>Sto lat temu w 1911 roku Meszna wchodzi\u0142a w sk\u0142ad tzw. Galicji, czyli ziem zabranych przez Austri\u0119 w I rozbiorze Polski w 1772 roku. Szko\u0142a w Mesznej zosta\u0142a wybudowana w latach 1910-1911 dzi\u0119ki staraniom Ludwika Dobiji, pos\u0142a do sejmu austriackiego. Na zakupionej w 1908 roku przez Jana K\u0119pysa \u2013 naczelnika gminy Meszna \u2013 parceli, postawiono parterowy, murowany budynek szkolny, w kt\u00f3rym znajdowa\u0142a si\u0119 sala lekcyjna i mieszkanie dla kierownika szko\u0142y. W pierwszym roku nauki 1911\/1912 ucz\u0119szcza\u0142o do szko\u0142y 37 dzieci. Nauka odbywa\u0142a si\u0119 w j\u0119zyku polskim. Pierwszym kierownikiem szko\u0142y zosta\u0142 Ludwik Drozi\u0144ski (1911-1917).<\/p>\r\n\r\n\r\n\r\n<p>Nast\u0119pnie w latach 1917-1919 szko\u0142\u0105 kierowa\u0142 Franciszek Szczepa\u0144czyk. W latach 1914 \u2013 1918 w Europie (r\u00f3wnie\u017c na ziemiach polskich) trwa\u0142a I wojna \u015bwiatowa. Po jej zako\u0144czeniu w listopadzie 1918 roku Polska odzyska\u0142a niepodleg\u0142o\u015b\u0107 po 123 latach zabor\u00f3w. W 1919 roku na stanowisko kierownika szko\u0142y w Mesznej wr\u00f3ci\u0142 Ludwik Drozi\u0144ski i pe\u0142ni\u0142 je do 1925 roku. W latach 1925-1930 szko\u0142\u0105 kierowa\u0142 Marcin Leja. P\u00f3\u013dniej w latach 1930-1939 funkcj\u0119 kierownicz\u0105 pe\u0142ni\u0142 W\u0142odzimierz Chad\u017caj. Z powodu zwi\u0119kszaj\u0105cej si\u0119 liczby uczni\u00f3w postanowiono rozbudowa\u0107 budynek szkolny. Prace trwa\u0142y od 1939 roku do momentu wybuchu II wojny \u015bwiatowej we wrze\u015bniu 1939 roku. W tym czasie dobudowano pi\u0119tro wraz z klatk\u0105 schodow\u0105. Nie zd\u0105\u017cono jednak wykona\u0107 dachu nad budynkiem szko\u0142y.<\/p>\r\n\r\n\r\n\r\n<p>W okresie II wojny \u015bwiatowej w szkole w Mesznej nie odbywa\u0142y si\u0119 zaj\u0119cia lekcyjne. Okupanci hitlerowscy urz\u0105dzili w budynku szkolnym warsztat stolarsko-budowlany. Na polecenie Niemc\u00f3w wykonano prowizoryczny dach. Okupacja hitlerowska zako\u0144czy\u0142a si\u0119 w Mesznej w lutym 1945 roku. Nauczanie dzieci rozpocz\u0119\u0142o si\u0119 1 maja 1945 roku. Zaj\u0119cia odbywa\u0142y si\u0119 w Sali restauracyjnej u J\u00f3zefa Huczka oraz w prywatnych domach, np.: u Pa\u0144stwa Janik\u00f3w, poniewa\u017c budynek szkolny wymaga\u0142 gruntownego remontu. Pierwszym nauczycielem powojennym by\u0142 J\u00f3zef Jurasz. Z dniem 1 lipca 1945 roku kierownikiem szko\u0142y w Mesznej zosta\u0142 J\u00f3zef Jakubiec, kt\u00f3ry pe\u0142ni\u0142 t\u0119 funkcj\u0119 do 1968 roku. Dzi\u0119ki ofiarno\u015bci mieszka\u0144c\u00f3w Mesznej, kt\u00f3rzy dobrowolnie opodatkowali si\u0119 na cele o\u015bwiatowe oraz pomocy w\u0142adz o\u015bwiatowych i samorz\u0105dowych, uda\u0142o si\u0119 odbudowa\u0107 i wyremontowa\u0107 oraz wyposa\u017cy\u0107 budynek szkolny.<\/p>\r\n\r\n\r\n\r\n<p><br \/>W latach 60-tych patronem szko\u0142y zosta\u0142 Alojzy Sikora, dzia\u0142acz robotniczy, kt\u00f3ry wraz z synami poni\u00f3s\u0142 \u015bmier\u0107 m\u0119cze\u0144sk\u0105, zamordowany przez Niemc\u00f3w podczas II wojny \u015bwiatowej. W latach 1968 \u2013 1975 kierownikiem (a p\u00f3\u013dniej dyrektorem) szko\u0142y by\u0142 Tadeusz Kubica. W tym czasie w wiek szkolny wchodzi\u0142y nowe roczniki wy\u017cu demograficznego. Budynek szkolny nie by\u0142 w stanie pomie\u015bci\u0107 stale wzrastaj\u0105cej liczby uczni\u00f3w. Zacz\u0119to wi\u0119c szuka\u0107 sponsora, kt\u00f3ry by\u0142by zainteresowany rozbudow\u0105 szko\u0142y. 15 grudnia 1972 roku w Warszawie Inspektor O\u015bwiaty w Bielsku-Bia\u0142ej, dyrektor szko\u0142y w Mesznej oraz przedstawiciele Komitetu Rodzicielskiego podpisali umow\u0119 z Hut\u0105 \u201eWarszawa\u201d. Prace budowlane trwa\u0142y w latach 1973 \u2013 1975. W wyniku rozbudowy szko\u0142a powi\u0119kszy\u0142a si\u0119 o: trzy nowe pomieszczenia na parterze, kuchni\u0119 i natryski oraz o sal\u0119 gimnastyczn\u0105 z zapleczem, pomieszczenia socjalne pracownik\u00f3w huty i sanitariaty.<\/p>\r\n\r\n\r\n\r\n<p>W latach 1975 -1987 dyrektorem szko\u0142y by\u0142 Antoni Sromek. Na terenie szko\u0142y utworzono w 1975 roku \u201eeksperymentaln\u0105 zer\u00f3wk\u0119\u201d, a rok p\u00f3\u013dniej powsta\u0142o przedszkole mieszcz\u0105ce si\u0119 pod sal\u0105 gimnastyczn\u0105 na niskim parterze. W 1984 roku w budynku szkolnym rozpocz\u0119\u0142a dzia\u0142alno\u015b\u0107 Mi\u0119dzyszkolna Poradnia Zdrowia z gabinetami lekarza pediatry i stomatologa. W latach 1987 \u2013 1994 funkcj\u0119 dyrektora szko\u0142y pe\u0142ni\u0142 Jacek Zgierski. Z powodu stale wzrastaj\u0105cej liczby uczni\u00f3w nauka odbywa\u0142a si\u0119 na dwie zmiany, a w latach 1990 \u2013 1992 nawet na trzy zmiany. Zaj\u0119cia trwa\u0142y od 7.10 do 17.30. Konieczna sta\u0142a si\u0119 trzecia ju\u017c rozbudowa szko\u0142y, kt\u00f3ra trwa\u0142a w latach 1992 \u2013 1993. W dobudowanej cz\u0119\u015bci szko\u0142y powsta\u0142y trzy nowe sale lekcyjne, biblioteka i sanitariaty. W latach 1994 \u2013 1999 szko\u0142\u0105 kierowa\u0142a dyrektor Zofia Sromek.<\/p>\r\n\r\n\r\n\r\n<p>W 1999 roku wprowadzono w Polsce reform\u0119 systemu edukacji. W jej wyniku szko\u0142a w Mesznej sta\u0142a si\u0119 sze\u015bcioletni\u0105 szko\u0142\u0105 podstawow\u0105. W czerwcu 1999 roku szko\u0142\u0119 po raz pierwszy uko\u0144czyli r\u00f3wnocze\u015bnie uczniowie klas \u00f3smych i sz\u00f3stych. W latach 1999 \u2013 2007 zreformowan\u0105 sze\u015bcioletni\u0105 szko\u0142\u0105 kierowa\u0142a dyrektor Janina Dyrda. Absolwenci Szko\u0142y w Mesznej kontynuowali nauk\u0119 w trzyletnim gimnazjum w Bystrej. Na mocy uchwa\u0142y Rady Gminy z dniem 1 wrze\u015bnia 2007 roku po\u0142\u0105czono Szko\u0142\u0119 Podstawow\u0105 im. Alojzego Sikory i Przedszkole Publiczne w Zesp\u00f3\u0142 Szkolno-Przedszkolny. Dyrektorem Zespo\u0142u zosta\u0142a Ma\u0142gorzata D\u0142ugosz. W 2011 roku rodzice, uczniowie i nauczyciele wybrali nowego patrona szko\u0142y, kt\u00f3rym zosta\u0142 b\u0142ogos\u0142awiony Jan Pawe\u0142 II. Uroczysto\u015b\u0107 nadania nowego patrona odby\u0142a si\u0119 1 wrze\u015bnia 2011 roku. 17 wrze\u015bnia 2011 roku uroczy\u015bcie \u015bwi\u0119towano stulecie dzia\u0142alno\u015bci szko\u0142y w Mesznej.<\/p>\r\n<p>1 wrze\u015bnia 2023 r. dyrektorem Zespo\u0142u Szkolno-Przedszkolnego zosta\u0142 pan Jakub Klimczy\u0144ski. Z tym dniem przedszkole rozpocz\u0119\u0142o dzia\u0142alno\u015b\u0107 w nowej lokalizacji przy ulicy Agrestowej 1. Nowe skrzyd\u0142o szko\u0142y przeznaczone dla uczni\u00f3w klas 4-8 zosta\u0142o oddane do u\u017cytku 12 lutego 2024 r.\u00a0<\/p>\r\n\r\n\r\n\r\n<p><strong>Opracowa\u0142a Joanna Szkoda-Stwora<\/strong><\/p>\r\n","protected":false},"excerpt":{"rendered":"<p>Sto lat temu w 1911 roku Meszna wchodzi\u0142a w sk\u0142ad tzw. Galicji, czyli ziem zabranych przez Austri\u0119 w I rozbiorze Polski w 1772 roku. Szko\u0142a w Mesznej zosta\u0142a wybudowana w latach 1910-1911 dzi\u0119ki staraniom Ludwika Dobiji, pos\u0142a do sejmu austriackiego. Na zakupionej w 1908 roku przez Jana K\u0119pysa \u2013 naczelnika gminy Meszna \u2013 parceli, postawiono [&hellip;]<\/p>\n","protected":false},"author":1,"featured_media":0,"parent":0,"menu_order":0,"comment_status":"closed","ping_status":"closed","template":"","meta":{"footnotes":""},"class_list":["post-18","page","type-page","status-publish","hentry"],"_links":{"self":[{"href":"https:\/\/zspmeszna.edu.pl\/szkola\/index.php?rest_route=\/wp\/v2\/pages\/18","targetHints":{"allow":["GET"]}}],"collection":[{"href":"https:\/\/zspmeszna.edu.pl\/szkola\/index.php?rest_route=\/wp\/v2\/pages"}],"about":[{"href":"https:\/\/zspmeszna.edu.pl\/szkola\/index.php?rest_route=\/wp\/v2\/types\/page"}],"author":[{"embeddable":true,"href":"https:\/\/zspmeszna.edu.pl\/szkola\/index.php?rest_route=\/wp\/v2\/users\/1"}],"replies":[{"embeddable":true,"href":"https:\/\/zspmeszna.edu.pl\/szkola\/index.php?rest_route=%2Fwp%2Fv2%2Fcomments&post=18"}],"version-history":[{"count":3,"href":"https:\/\/zspmeszna.edu.pl\/szkola\/index.php?rest_route=\/wp\/v2\/pages\/18\/revisions"}],"predecessor-version":[{"id":589,"href":"https:\/\/zspmeszna.edu.pl\/szkola\/index.php?rest_route=\/wp\/v2\/pages\/18\/revisions\/589"}],"wp:attachment":[{"href":"https:\/\/zspmeszna.edu.pl\/szkola\/index.php?rest_route=%2Fwp%2Fv2%2Fmedia&parent=18"}],"curies":[{"name":"wp","href":"https:\/\/api.w.org\/{rel}","templated":true}]}}