{"id":1915,"date":"2025-10-01T18:30:28","date_gmt":"2025-10-01T18:30:28","guid":{"rendered":"https:\/\/zspmeszna.edu.pl\/szkola\/?page_id=1915"},"modified":"2025-10-01T19:45:47","modified_gmt":"2025-10-01T19:45:47","slug":"wrzesien-w-swietlicy","status":"publish","type":"page","link":"https:\/\/zspmeszna.edu.pl\/szkola\/?page_id=1915","title":{"rendered":"Wrzesie\u0144 w \u015bwietlicy"},"content":{"rendered":"<p>\u2728 Wrzesie\u0144 w naszej \u015bwietlicy \u2728<\/p>\n<p>Pierwszy miesi\u0105c roku szkolnego up\u0142yn\u0105\u0142 nam na integracji, wspomnieniach z wakacji, nauce zasad bezpiecze\u0144stwa i obserwacji zmian w przyrodzie \ud83c\udf42.<\/p>\n<p>\ud83d\udc49 Dzieci uczestniczy\u0142y w zabawach zapoznawczych i grach zespo\u0142owych, wsp\u00f3lnie ustali\u0142y zasady \u015bwietlicy, a tak\u017ce stworzy\u0142y barwne \u201ePoczt\u00f3wki z wakacji\u201d.<br \/>\n\ud83d\udc49 Du\u017co uwagi po\u015bwi\u0119cili\u015bmy bezpiecze\u0144stwu \u2013 poznali\u015bmy znaki drogowe, zasady poruszania si\u0119 po drodze i bawili\u015bmy si\u0119 w \u201eMa\u0142ego pieszego \u2013 bezpiecznego pieszego\u201d.<br \/>\n\ud83d\udc49 Pod koniec miesi\u0105ca odkrywali\u015bmy uroki jesieni podczas zabaw na \u015bwie\u017cym powietrzu i tworzenia prac plastycznych inspirowanych przyrod\u0105.<\/p>\n<p>Wrzesie\u0144 by\u0142 pe\u0142en u\u015bmiechu, kreatywno\u015bci i wsp\u00f3\u0142pracy \ud83d\udc9b. Cieszymy si\u0119, \u017ce dzieci tak ch\u0119tnie uczestnicz\u0105 w zaj\u0119ciach i wsp\u00f3lnie tworzymy przyjazne miejsce po lekcjach \ud83d\ude0a.<\/p>\n<p><img loading=\"lazy\" decoding=\"async\" class=\"alignnone size-large wp-image-1921\" src=\"https:\/\/zspmeszna.edu.pl\/szkola\/wp-content\/uploads\/2025\/10\/d5808d7f789a9073979ee9a9ca0df219-1024x1024.jpeg\" alt=\"\" width=\"640\" height=\"640\" srcset=\"https:\/\/zspmeszna.edu.pl\/szkola\/wp-content\/uploads\/2025\/10\/d5808d7f789a9073979ee9a9ca0df219-1024x1024.jpeg 1024w, https:\/\/zspmeszna.edu.pl\/szkola\/wp-content\/uploads\/2025\/10\/d5808d7f789a9073979ee9a9ca0df219-300x300.jpeg 300w, https:\/\/zspmeszna.edu.pl\/szkola\/wp-content\/uploads\/2025\/10\/d5808d7f789a9073979ee9a9ca0df219-150x150.jpeg 150w, https:\/\/zspmeszna.edu.pl\/szkola\/wp-content\/uploads\/2025\/10\/d5808d7f789a9073979ee9a9ca0df219-768x768.jpeg 768w, https:\/\/zspmeszna.edu.pl\/szkola\/wp-content\/uploads\/2025\/10\/d5808d7f789a9073979ee9a9ca0df219-1536x1536.jpeg 1536w, https:\/\/zspmeszna.edu.pl\/szkola\/wp-content\/uploads\/2025\/10\/d5808d7f789a9073979ee9a9ca0df219-600x600.jpeg 600w, https:\/\/zspmeszna.edu.pl\/szkola\/wp-content\/uploads\/2025\/10\/d5808d7f789a9073979ee9a9ca0df219.jpeg 1600w\" sizes=\"auto, (max-width: 640px) 100vw, 640px\" \/><\/p>\n<p><img loading=\"lazy\" decoding=\"async\" class=\"alignnone size-large wp-image-1922\" src=\"https:\/\/zspmeszna.edu.pl\/szkola\/wp-content\/uploads\/2025\/10\/144963ab8b154c5db9f952b4b7e120ba-1024x1024.jpeg\" alt=\"\" width=\"640\" height=\"640\" srcset=\"https:\/\/zspmeszna.edu.pl\/szkola\/wp-content\/uploads\/2025\/10\/144963ab8b154c5db9f952b4b7e120ba-1024x1024.jpeg 1024w, https:\/\/zspmeszna.edu.pl\/szkola\/wp-content\/uploads\/2025\/10\/144963ab8b154c5db9f952b4b7e120ba-300x300.jpeg 300w, https:\/\/zspmeszna.edu.pl\/szkola\/wp-content\/uploads\/2025\/10\/144963ab8b154c5db9f952b4b7e120ba-150x150.jpeg 150w, https:\/\/zspmeszna.edu.pl\/szkola\/wp-content\/uploads\/2025\/10\/144963ab8b154c5db9f952b4b7e120ba-768x768.jpeg 768w, https:\/\/zspmeszna.edu.pl\/szkola\/wp-content\/uploads\/2025\/10\/144963ab8b154c5db9f952b4b7e120ba-1536x1536.jpeg 1536w, https:\/\/zspmeszna.edu.pl\/szkola\/wp-content\/uploads\/2025\/10\/144963ab8b154c5db9f952b4b7e120ba-600x600.jpeg 600w, https:\/\/zspmeszna.edu.pl\/szkola\/wp-content\/uploads\/2025\/10\/144963ab8b154c5db9f952b4b7e120ba.jpeg 1600w\" sizes=\"auto, (max-width: 640px) 100vw, 640px\" \/><\/p>\n","protected":false},"excerpt":{"rendered":"<p>\u2728 Wrzesie\u0144 w naszej \u015bwietlicy \u2728 Pierwszy miesi\u0105c roku szkolnego up\u0142yn\u0105\u0142 nam na integracji, wspomnieniach z wakacji, nauce zasad bezpiecze\u0144stwa i obserwacji zmian w przyrodzie \ud83c\udf42. \ud83d\udc49 Dzieci uczestniczy\u0142y w zabawach zapoznawczych i grach zespo\u0142owych, wsp\u00f3lnie ustali\u0142y zasady \u015bwietlicy, a tak\u017ce stworzy\u0142y barwne \u201ePoczt\u00f3wki z wakacji\u201d. \ud83d\udc49 Du\u017co uwagi po\u015bwi\u0119cili\u015bmy bezpiecze\u0144stwu \u2013 poznali\u015bmy znaki drogowe, [&hellip;]<\/p>\n","protected":false},"author":1,"featured_media":0,"parent":0,"menu_order":0,"comment_status":"closed","ping_status":"closed","template":"","meta":{"footnotes":""},"class_list":["post-1915","page","type-page","status-publish","hentry"],"_links":{"self":[{"href":"https:\/\/zspmeszna.edu.pl\/szkola\/index.php?rest_route=\/wp\/v2\/pages\/1915","targetHints":{"allow":["GET"]}}],"collection":[{"href":"https:\/\/zspmeszna.edu.pl\/szkola\/index.php?rest_route=\/wp\/v2\/pages"}],"about":[{"href":"https:\/\/zspmeszna.edu.pl\/szkola\/index.php?rest_route=\/wp\/v2\/types\/page"}],"author":[{"embeddable":true,"href":"https:\/\/zspmeszna.edu.pl\/szkola\/index.php?rest_route=\/wp\/v2\/users\/1"}],"replies":[{"embeddable":true,"href":"https:\/\/zspmeszna.edu.pl\/szkola\/index.php?rest_route=%2Fwp%2Fv2%2Fcomments&post=1915"}],"version-history":[{"count":3,"href":"https:\/\/zspmeszna.edu.pl\/szkola\/index.php?rest_route=\/wp\/v2\/pages\/1915\/revisions"}],"predecessor-version":[{"id":1923,"href":"https:\/\/zspmeszna.edu.pl\/szkola\/index.php?rest_route=\/wp\/v2\/pages\/1915\/revisions\/1923"}],"wp:attachment":[{"href":"https:\/\/zspmeszna.edu.pl\/szkola\/index.php?rest_route=%2Fwp%2Fv2%2Fmedia&parent=1915"}],"curies":[{"name":"wp","href":"https:\/\/api.w.org\/{rel}","templated":true}]}}