{"id":193,"date":"2024-11-02T17:19:07","date_gmt":"2024-11-02T17:19:07","guid":{"rendered":"https:\/\/zspmeszna.edu.pl\/szkola\/?page_id=193"},"modified":"2026-03-15T20:06:23","modified_gmt":"2026-03-15T20:06:23","slug":"biblioteka","status":"publish","type":"page","link":"https:\/\/zspmeszna.edu.pl\/szkola\/?page_id=193","title":{"rendered":"Biblioteka"},"content":{"rendered":"\r\n<p class=\"kt-adv-heading193_746609-9e wp-block-kadence-advancedheading\" style=\"text-align: left;\" data-kb-block=\"kb-adv-heading193_746609-9e\"><strong> <a href=\"https:\/\/zspmeszna.edu.pl\/szkola\/wp-content\/uploads\/2024\/12\/biblioteka-4.jpg\" data-lbwps-width=\"1000\" data-lbwps-height=\"1333\" data-lbwps-srcsmall=\"https:\/\/zspmeszna.edu.pl\/szkola\/wp-content\/uploads\/2024\/12\/biblioteka-4-225x300.jpg\"><img loading=\"lazy\" decoding=\"async\" class=\"wp-image-770 size-medium alignleft\" src=\"https:\/\/zspmeszna.edu.pl\/szkola\/wp-content\/uploads\/2024\/12\/biblioteka-4-225x300.jpg\" alt=\"\" width=\"225\" height=\"300\" srcset=\"https:\/\/zspmeszna.edu.pl\/szkola\/wp-content\/uploads\/2024\/12\/biblioteka-4-225x300.jpg 225w, https:\/\/zspmeszna.edu.pl\/szkola\/wp-content\/uploads\/2024\/12\/biblioteka-4-768x1024.jpg 768w, https:\/\/zspmeszna.edu.pl\/szkola\/wp-content\/uploads\/2024\/12\/biblioteka-4-600x800.jpg 600w, https:\/\/zspmeszna.edu.pl\/szkola\/wp-content\/uploads\/2024\/12\/biblioteka-4.jpg 1000w\" sizes=\"auto, (max-width: 225px) 100vw, 225px\" \/><\/a> HARMONOGRAM PRACY BIBLIOTEKI SZKOLNEJ<\/strong><\/p>\r\n<table style=\"border-collapse: collapse; width: 50%; height: 120px;\">\r\n<tbody>\r\n<tr style=\"height: 16px;\">\r\n<td style=\"width: 33.3333%; height: 16px; text-align: left;\"><strong>Poniedzia\u0142ek:<\/strong><\/td>\r\n<td style=\"width: 33.3333%; height: 16px; text-align: left;\"><strong>7.15 &#8211; 8.45,<\/strong><br \/><strong>10.00 &#8211; 10.40<\/strong><\/td>\r\n<td style=\"width: 33.3333%; height: 16px; text-align: left;\"><strong>11.50 &#8211; 14.40<\/strong><\/td>\r\n<\/tr>\r\n<tr style=\"height: 26px;\">\r\n<td style=\"width: 33.3333%; height: 26px; text-align: left;\"><strong>Wtorek:<\/strong><\/td>\r\n<td style=\"width: 33.3333%; height: 26px; text-align: left;\"><strong>7.15 &#8211; 10.40<\/strong><\/td>\r\n<td style=\"width: 33.3333%; height: 26px; text-align: left;\"><strong>11.50 &#8211; 14.25<\/strong><\/td>\r\n<\/tr>\r\n<tr style=\"height: 26px;\">\r\n<td style=\"width: 33.3333%; height: 26px; text-align: left;\"><strong>\u015aroda<\/strong><\/td>\r\n<td style=\"width: 33.3333%; height: 26px; text-align: left;\"><strong>7.30 &#8211; 11.30<\/strong><\/td>\r\n<td style=\"width: 33.3333%; height: 26px; text-align: left;\"><strong>13.40 &#8211; 15.40<\/strong><\/td>\r\n<\/tr>\r\n<tr style=\"height: 26px;\">\r\n<td style=\"width: 33.3333%; height: 26px; text-align: left;\"><strong>Czwartek:<\/strong><\/td>\r\n<td style=\"width: 33.3333%; height: 26px; text-align: left;\"><strong>7.30 &#8211; 10.30<\/strong><\/td>\r\n<td style=\"width: 33.3333%; height: 26px; text-align: left;\">\u00a0<\/td>\r\n<\/tr>\r\n<tr style=\"height: 26px;\">\r\n<td style=\"width: 33.3333%; height: 26px; text-align: left;\"><strong>Pi\u0105tek:<\/strong><\/td>\r\n<td style=\"width: 33.3333%; height: 26px; text-align: left;\"><strong>7.30 &#8211; 11.30<\/strong><\/td>\r\n<td style=\"width: 33.3333%; height: 26px; text-align: left;\">\u00a0<\/td>\r\n<\/tr>\r\n<\/tbody>\r\n<\/table>\r\n<p class=\"kt-adv-heading193_746609-9e wp-block-kadence-advancedheading\" style=\"text-align: justify;\" data-kb-block=\"kb-adv-heading193_746609-9e\"><strong><br \/><\/strong><br \/><strong><em>Dlaczego warto przychodzi\u0107 do biblioteki?<\/em><\/strong><br \/>Biblioteka szkolna w Zespole Szkolno-Przedszkolnym w Mesznej to miejsce otwarte dla ka\u017cdego dziecka, ale i doros\u0142ego &#8211; nauczyciela, rodzica, opiekuna. Czytanie ksi\u0105\u017cek to jeden z najwa\u017cniejszych element\u00f3w kszta\u0142tuj\u0105cych m\u0142odego cz\u0142owieka. Ksi\u0105\u017cki pomagaj\u0105 w budowaniu u dzieci poczucia w\u0142asnej warto\u015bci, odporno\u015bci psychicznej oraz budowaniu relacji z r\u00f3wie\u015bnikami. Nierzadko si\u0119 zdarza, \u017ce kierujemy swoje kroki do biblioteki, bo chcemy wypo\u017cyczy\u0107 znany tytu\u0142 lub poczyta\u0107 co\u015b na miejscu. Jednak najwspanialsz\u0105 funkcj\u0105 biblioteki jest odkrywanie ksi\u0105\u017cek, kt\u00f3rych istnienia nie podejrzewali\u015bmy, a kt\u00f3re, jak si\u0119 okazuje, s\u0105 dla nas niezwykle wa\u017cne.<\/p>\r\n\r\n\r\n\r\n<p class=\"kt-adv-heading193_53a257-86 wp-block-kadence-advancedheading\" style=\"text-align: right;\" data-kb-block=\"kb-adv-heading193_53a257-86\"><strong><em>nauczyciel bibliotekarz\u00a0<\/em><\/strong><\/p>\r\n<div id='gallery-1' class='gallery galleryid-193 gallery-columns-6 gallery-size-thumbnail'><figure class='gallery-item'>\n\t\t\t<div class='gallery-icon portrait'>\n\t\t\t\t<a href='https:\/\/zspmeszna.edu.pl\/szkola\/wp-content\/uploads\/2024\/12\/biblioteka-6.jpg' data-lbwps-gid=\"2\"><img loading=\"lazy\" decoding=\"async\" width=\"150\" height=\"150\" src=\"https:\/\/zspmeszna.edu.pl\/szkola\/wp-content\/uploads\/2024\/12\/biblioteka-6-150x150.jpg\" class=\"attachment-thumbnail size-thumbnail\" alt=\"\" \/><\/a>\n\t\t\t<\/div><\/figure><figure class='gallery-item'>\n\t\t\t<div class='gallery-icon landscape'>\n\t\t\t\t<a href='https:\/\/zspmeszna.edu.pl\/szkola\/wp-content\/uploads\/2024\/12\/biblioteka-5.jpg' data-lbwps-gid=\"2\"><img loading=\"lazy\" decoding=\"async\" width=\"150\" height=\"150\" src=\"https:\/\/zspmeszna.edu.pl\/szkola\/wp-content\/uploads\/2024\/12\/biblioteka-5-150x150.jpg\" class=\"attachment-thumbnail size-thumbnail\" alt=\"\" \/><\/a>\n\t\t\t<\/div><\/figure><figure class='gallery-item'>\n\t\t\t<div class='gallery-icon portrait'>\n\t\t\t\t<a href='https:\/\/zspmeszna.edu.pl\/szkola\/wp-content\/uploads\/2024\/12\/biblioteka-4.jpg' data-lbwps-gid=\"2\"><img loading=\"lazy\" decoding=\"async\" width=\"150\" height=\"150\" src=\"https:\/\/zspmeszna.edu.pl\/szkola\/wp-content\/uploads\/2024\/12\/biblioteka-4-150x150.jpg\" class=\"attachment-thumbnail size-thumbnail\" alt=\"\" \/><\/a>\n\t\t\t<\/div><\/figure><figure class='gallery-item'>\n\t\t\t<div class='gallery-icon portrait'>\n\t\t\t\t<a href='https:\/\/zspmeszna.edu.pl\/szkola\/wp-content\/uploads\/2024\/12\/biblioteka-3.jpg' data-lbwps-gid=\"2\"><img loading=\"lazy\" decoding=\"async\" width=\"150\" height=\"150\" src=\"https:\/\/zspmeszna.edu.pl\/szkola\/wp-content\/uploads\/2024\/12\/biblioteka-3-150x150.jpg\" class=\"attachment-thumbnail size-thumbnail\" alt=\"\" \/><\/a>\n\t\t\t<\/div><\/figure><figure class='gallery-item'>\n\t\t\t<div class='gallery-icon landscape'>\n\t\t\t\t<a href='https:\/\/zspmeszna.edu.pl\/szkola\/wp-content\/uploads\/2024\/12\/biblioteka-2.jpg' data-lbwps-gid=\"2\"><img loading=\"lazy\" decoding=\"async\" width=\"150\" height=\"150\" src=\"https:\/\/zspmeszna.edu.pl\/szkola\/wp-content\/uploads\/2024\/12\/biblioteka-2-150x150.jpg\" class=\"attachment-thumbnail size-thumbnail\" alt=\"\" \/><\/a>\n\t\t\t<\/div><\/figure><figure class='gallery-item'>\n\t\t\t<div class='gallery-icon portrait'>\n\t\t\t\t<a href='https:\/\/zspmeszna.edu.pl\/szkola\/wp-content\/uploads\/2024\/12\/biblioteka-1.jpg' data-lbwps-gid=\"2\"><img loading=\"lazy\" decoding=\"async\" width=\"150\" height=\"150\" src=\"https:\/\/zspmeszna.edu.pl\/szkola\/wp-content\/uploads\/2024\/12\/biblioteka-1-150x150.jpg\" class=\"attachment-thumbnail size-thumbnail\" alt=\"\" \/><\/a>\n\t\t\t<\/div><\/figure>\n\t\t<\/div>\n\r\n","protected":false},"excerpt":{"rendered":"","protected":false},"author":1,"featured_media":0,"parent":0,"menu_order":0,"comment_status":"closed","ping_status":"closed","template":"","meta":{"footnotes":""},"class_list":["post-193","page","type-page","status-publish","hentry"],"_links":{"self":[{"href":"https:\/\/zspmeszna.edu.pl\/szkola\/index.php?rest_route=\/wp\/v2\/pages\/193","targetHints":{"allow":["GET"]}}],"collection":[{"href":"https:\/\/zspmeszna.edu.pl\/szkola\/index.php?rest_route=\/wp\/v2\/pages"}],"about":[{"href":"https:\/\/zspmeszna.edu.pl\/szkola\/index.php?rest_route=\/wp\/v2\/types\/page"}],"author":[{"embeddable":true,"href":"https:\/\/zspmeszna.edu.pl\/szkola\/index.php?rest_route=\/wp\/v2\/users\/1"}],"replies":[{"embeddable":true,"href":"https:\/\/zspmeszna.edu.pl\/szkola\/index.php?rest_route=%2Fwp%2Fv2%2Fcomments&post=193"}],"version-history":[{"count":21,"href":"https:\/\/zspmeszna.edu.pl\/szkola\/index.php?rest_route=\/wp\/v2\/pages\/193\/revisions"}],"predecessor-version":[{"id":2425,"href":"https:\/\/zspmeszna.edu.pl\/szkola\/index.php?rest_route=\/wp\/v2\/pages\/193\/revisions\/2425"}],"wp:attachment":[{"href":"https:\/\/zspmeszna.edu.pl\/szkola\/index.php?rest_route=%2Fwp%2Fv2%2Fmedia&parent=193"}],"curies":[{"name":"wp","href":"https:\/\/api.w.org\/{rel}","templated":true}]}}