{"id":2001,"date":"2025-10-23T18:31:27","date_gmt":"2025-10-23T18:31:27","guid":{"rendered":"https:\/\/zspmeszna.edu.pl\/szkola\/?page_id=2001"},"modified":"2026-02-12T16:48:33","modified_gmt":"2026-02-12T16:48:33","slug":"zajecia-dodatkowe-w-roku-szkolnym-2025-2026","status":"publish","type":"page","link":"https:\/\/zspmeszna.edu.pl\/szkola\/?page_id=2001","title":{"rendered":"Zaj\u0119cia dodatkowe w roku szkolnym 2025\/2026"},"content":{"rendered":"<h4 style=\"text-align: center;\"><strong>Zaj\u0119cia prowadzone w ramach pomocy psychologiczno \u2013 pedagogicznej,<br \/>\n<\/strong><strong>ko\u0142a zainteresowa\u0144, zaj\u0119cia dodatkowe <\/strong><strong>w roku szkolnym 2025\/2026<\/strong><\/h4>\n<p><strong>\u00a0<\/strong><\/p>\n<table style=\"width: 100%; height: 983px;\" width=\"776\">\n<tbody>\n<tr style=\"height: 26px;\">\n<td style=\"height: 26px;\" width=\"259\"><strong>Nazwa<\/strong><\/td>\n<td style=\"height: 26px;\" width=\"258\"><strong>Prowadz\u0105cy<\/strong><\/td>\n<td style=\"height: 26px;\" width=\"258\"><strong>Termin<\/strong><\/td>\n<\/tr>\n<tr style=\"height: 33px;\">\n<td style=\"height: 33px;\" width=\"259\"><strong>Ko\u0142o ekologiczne<\/strong><\/td>\n<td style=\"height: 33px;\" width=\"258\">mgr Renata Trela &#8211; Ptaszek<\/td>\n<td style=\"height: 33px;\" width=\"258\">czwartek 12.55 \u2013 13.40<\/td>\n<\/tr>\n<tr style=\"height: 26px;\">\n<td style=\"height: 26px;\" width=\"259\"><strong>Ko\u0142o biblijne <\/strong><\/td>\n<td style=\"height: 26px;\" width=\"258\">mgr Gra\u017cyna Kubica<\/td>\n<td style=\"height: 26px;\" width=\"258\">\u015broda 13.45 \u2013 14.30<\/td>\n<\/tr>\n<tr style=\"height: 26px;\">\n<td style=\"height: 26px;\" width=\"259\"><strong>Ko\u0142o teatralne <\/strong><\/td>\n<td style=\"height: 26px;\" width=\"258\">mgr Gra\u017cyna Kubica<\/td>\n<td style=\"height: 26px;\" width=\"258\">\u015broda 12.55 \u2013 13.40<\/td>\n<\/tr>\n<tr style=\"height: 58px;\">\n<td style=\"height: 58px;\" width=\"259\"><strong>Zaj\u0119cia dydaktyczno &#8211; wyr\u00f3wnawcze <\/strong><strong>z matematyki<\/strong><\/td>\n<td style=\"height: 58px;\" width=\"258\">mgr Kalina Oleksy<\/td>\n<td style=\"height: 58px;\" width=\"258\">poniedzia\u0142ek 7.05 \u2013 7.50 (klasa IV)<\/td>\n<\/tr>\n<tr style=\"height: 26px;\">\n<td style=\"height: 26px;\" width=\"259\"><strong>Zaj\u0119cia dydaktyczno &#8211; wyr\u00f3wnawcze <\/strong><strong>z matematyki <\/strong><\/td>\n<td style=\"height: 26px;\" width=\"258\">mgr Ma\u0142gorzata Wi\u0119zik<\/td>\n<td style=\"height: 26px;\" width=\"258\">\u015broda 11.50 \u2013 12.35 (klasa V a)<\/td>\n<\/tr>\n<tr style=\"height: 60px;\">\n<td style=\"height: 60px;\" width=\"259\"><strong>Zaj\u0119cia dydaktyczno &#8211; wyr\u00f3wnawcze <\/strong><strong>z j\u0119zyka polskiego<\/strong><\/td>\n<td style=\"height: 60px;\" width=\"258\">mgr Monika Noco\u0144<\/td>\n<td style=\"height: 60px;\" width=\"258\">\u015broda 7.05 \u2013 7.50 (klasa VIII)<\/td>\n<\/tr>\n<tr style=\"height: 66px;\">\n<td style=\"height: 66px;\" width=\"259\"><strong>Zaj\u0119cia dydaktyczno &#8211; wyr\u00f3wnawcze <\/strong><strong>z j\u0119zyka polskiego<\/strong><\/td>\n<td style=\"height: 66px;\" width=\"258\">mgr Marzena Dobrowolska<\/td>\n<td style=\"height: 66px;\" width=\"258\">\u015broda 7.05 \u2013 7.50 (klasa VI)<\/td>\n<\/tr>\n<tr style=\"height: 40px;\">\n<td style=\"height: 40px;\" width=\"259\"><strong>Zaj\u0119cia dydaktyczno &#8211; wyr\u00f3wnawcze <\/strong><strong>z j\u0119zyka angielskiego<\/strong><\/td>\n<td style=\"height: 40px;\" width=\"258\">mgr Gabriela K\u0142osowska<\/td>\n<td style=\"height: 40px;\" width=\"258\">wtorek\u00a0 7.05 \u2013 7.50 (klasa VIII)<br \/>\npi\u0105tek 7.05 \u2013 7.50 (klasa IV)<\/td>\n<\/tr>\n<tr style=\"height: 51px;\">\n<td style=\"height: 51px;\" width=\"259\"><strong>Zaj\u0119cia dydaktyczno &#8211; wyr\u00f3wnawcze <\/strong><strong>z j\u0119zyka angielskiego<\/strong><\/td>\n<td style=\"height: 51px;\" width=\"258\">mgr Anna Rajba &#8211; Michalik<\/td>\n<td style=\"height: 51px;\" width=\"258\">\u015broda 11.45 \u2013 12.30 (klasa I)<\/td>\n<\/tr>\n<tr style=\"height: 10px;\">\n<td style=\"height: 10px;\" width=\"259\"><strong>Zaj\u0119cia dydaktyczno &#8211; wyr\u00f3wnawcze <\/strong><strong>z j\u0119zyka angielskiego<\/strong><\/td>\n<td style=\"height: 10px;\" width=\"258\">mgr Sabina Urba\u015b &#8211; Bednarz<\/td>\n<td style=\"height: 10px;\" width=\"258\">pi\u0105tek 11.45 \u2013 12.30 (klasa III b)<\/td>\n<\/tr>\n<tr style=\"height: 45px;\">\n<td style=\"height: 45px;\" width=\"259\"><strong>Zaj\u0119cia dydaktyczno &#8211; wyr\u00f3wnawcze <\/strong><strong>z j\u0119zyka angielskiego<\/strong><\/td>\n<td style=\"height: 45px;\" width=\"258\">mgr Monika Noco\u0144<\/td>\n<td style=\"height: 45px;\" width=\"258\">poniedzia\u0142ek 7.05 \u2013 7.50 (klasa VII)<\/td>\n<\/tr>\n<tr style=\"height: 75px;\">\n<td style=\"height: 75px;\" width=\"259\"><strong>Zaj\u0119cia dydaktyczno &#8211; wyr\u00f3wnawcze z kodowania i programowania<\/strong><\/td>\n<td style=\"height: 75px;\" width=\"258\">mgr Beata Jakubiec<\/td>\n<td style=\"height: 75px;\" width=\"258\">wtorek 12.15 \u2013 13.45 (klasa II)<\/td>\n<\/tr>\n<tr style=\"height: 13px;\">\n<td style=\"height: 13px;\" width=\"259\"><strong>Zaj\u0119cia dydaktyczno &#8211; wyr\u00f3wnawcze <\/strong><\/td>\n<td style=\"height: 13px;\" width=\"258\">mgr Monika D\u0105browska &#8211; \u0141o\u015b<\/td>\n<td style=\"height: 13px;\" width=\"258\">pi\u0105tek 12.45 \u2013 13.30 (klasa III)<\/td>\n<\/tr>\n<tr style=\"height: 15px;\">\n<td style=\"height: 15px;\" width=\"259\"><strong>Zaj\u0119cia dydaktyczno &#8211; wyr\u00f3wnawcze<\/strong><\/td>\n<td style=\"height: 15px;\" width=\"258\">mgr Krystyna Laszczak<\/td>\n<td style=\"height: 15px;\" width=\"258\">wtorek 11.35 \u2013 12.20 (klasa I)<\/td>\n<\/tr>\n<tr style=\"height: 53px;\">\n<td style=\"height: 53px;\" width=\"259\"><strong>Zaj\u0119cia dydaktyczno \u2013 wyr\u00f3wnawcze \u2013 integracja bilateralna <\/strong><\/td>\n<td style=\"height: 53px;\" width=\"258\">mgr Miros\u0142awa Kryger<\/td>\n<td style=\"height: 53px;\" width=\"258\">wg ustale\u0144 nauczyciela<\/td>\n<\/tr>\n<tr style=\"height: 39px;\">\n<td style=\"height: 39px;\" width=\"259\"><strong>Zaj\u0119cia korekcyjno \u2013 kompensacyjne <\/strong><\/td>\n<td style=\"height: 39px;\" width=\"258\">mgr Monika D\u0105browska &#8211; \u0141o\u015b<\/td>\n<td style=\"height: 39px;\" width=\"258\">wtorek 7.05 \u2013 7.50 (klasa III b)<\/td>\n<\/tr>\n<tr style=\"height: 10px;\">\n<td style=\"height: 10px;\" width=\"259\"><strong>Zaj\u0119cia korekcyjno \u2013 kompensacyjne <\/strong><\/td>\n<td style=\"height: 10px;\" width=\"258\">mgr Sylwia Konior<\/td>\n<td style=\"height: 10px;\" width=\"258\">wg ustale\u0144 nauczyciela<\/td>\n<\/tr>\n<tr style=\"height: 26px;\">\n<td style=\"height: 26px;\" width=\"259\"><strong>Ko\u0142o matematyczne <\/strong><\/td>\n<td style=\"height: 26px;\" width=\"258\">mgr Kalina Oleksy<\/td>\n<td style=\"height: 26px;\" width=\"258\">czwartek 7.05 \u2013 7.50<\/td>\n<\/tr>\n<tr style=\"height: 37px;\">\n<td style=\"height: 37px;\" width=\"259\"><strong>Ko\u0142o matematyczne <\/strong><\/td>\n<td style=\"height: 37px;\" width=\"258\">mgr Ma\u0142gorzata Wi\u0119zik<\/td>\n<td style=\"height: 37px;\" width=\"258\">poniedzia\u0142ek 8.00 \u2013 8.45 (klasa VIII)<\/td>\n<\/tr>\n<tr style=\"height: 26px;\">\n<td style=\"height: 26px;\" width=\"259\"><strong>Terapia logopedyczna<\/strong><\/td>\n<td style=\"height: 26px;\" width=\"258\">mgr Krystyna Laszczak<\/td>\n<td style=\"height: 26px;\" width=\"258\">wg ustale\u0144 nauczyciela<\/td>\n<\/tr>\n<tr style=\"height: 26px;\">\n<td style=\"height: 26px;\" width=\"259\"><strong>Terapia logopedyczna<\/strong><\/td>\n<td style=\"height: 26px;\" width=\"258\">mgr Aleksandra Ha\u0142at &#8211; Ratusznik<\/td>\n<td style=\"height: 26px;\" width=\"258\">wg ustale\u0144 nauczyciela<\/td>\n<\/tr>\n<tr style=\"height: 53px;\">\n<td style=\"height: 53px;\" width=\"259\"><strong>Zaj\u0119cia rozwijaj\u0105ce kompetencje emocjonalno &#8211; spo\u0142eczne<\/strong><\/td>\n<td style=\"height: 53px;\" width=\"258\">mgr Ewelina Kostko<\/td>\n<td style=\"height: 53px;\" width=\"258\">\u015broda 13.00 \u2013 14.00<\/td>\n<\/tr>\n<tr style=\"height: 10px;\">\n<td style=\"height: 10px;\" width=\"259\"><strong>Ko\u0142o krajoznawczo-turystyczne PTTK \u201eW\u0119drowiec\u201d<\/strong><\/td>\n<td style=\"height: 10px;\" width=\"258\">mgr Barbara Rojek<\/td>\n<td style=\"height: 10px;\" width=\"258\">wycieczki\/wyj\u015bcia, wg ustale\u0144<\/td>\n<\/tr>\n<tr style=\"height: 10px;\">\n<td style=\"height: 10px;\" width=\"259\"><strong>Szkolne Ko\u0142o Wolontariusza<\/strong><\/td>\n<td style=\"height: 10px;\" width=\"258\">mgr Dorota Klimczy\u0144ska<\/td>\n<td style=\"height: 10px;\" width=\"258\">ca\u0142y rok, wg ustale\u0144 nauczyciela<\/td>\n<\/tr>\n<tr style=\"height: 41px;\">\n<td style=\"height: 41px;\" width=\"259\"><strong>Gimnastyka korekcyjna<\/strong><\/td>\n<td style=\"height: 41px;\" width=\"258\">mgr Marek Konwa<br \/>\nmgr Mateusz Radaczy\u0144ski<\/td>\n<td style=\"height: 41px;\" width=\"258\">wg ustale\u0144 nauczyciela<\/td>\n<\/tr>\n<tr style=\"height: 45px;\">\n<td style=\"height: 45px;\" width=\"259\"><strong>Szkolny klub sportowy<\/strong><\/td>\n<td style=\"height: 45px;\" width=\"258\">mgr S\u0142awomir Trojak<br \/>\nmgr Mateusz Radaczy\u0144ski<\/td>\n<td style=\"height: 45px;\" width=\"258\">wg ustale\u0144 nauczyciela<\/td>\n<\/tr>\n<tr style=\"height: 27px;\">\n<td style=\"height: 27px;\" width=\"259\"><strong>Edukacja zdrowotna<\/strong><\/td>\n<td style=\"height: 27px;\" width=\"258\">mgr Marek Konwa,<br \/>\nmgr Ewelina Kostko<\/td>\n<td style=\"height: 27px;\" width=\"258\">wg ustale\u0144 nauczyciela<\/td>\n<\/tr>\n<tr style=\"height: 10px;\">\n<td style=\"height: 10px;\" width=\"259\"><strong>Programowanie<\/strong><\/td>\n<td style=\"height: 10px;\" width=\"258\">mgr Beata Jakubiec<\/td>\n<td style=\"height: 10px;\" width=\"258\">\u015broda 11.50 \u2013 12.35 (klasa III b)<br \/>\nczwartek 10.45 \u2013 11.30 (klasa III a)<\/td>\n<\/tr>\n<\/tbody>\n<\/table>\n<h4 style=\"text-align: center;\"><strong>Zaj\u0119cia prowadzone w ramach kszta\u0142cenia specjalnego w roku szkolnym 2025\/2026<\/strong><\/h4>\n<table style=\"width: 100%; height: 473px;\" width=\"765\">\n<tbody>\n<tr style=\"height: 26px;\">\n<td style=\"height: 26px;\" width=\"259\"><strong>Nazwa<\/strong><\/td>\n<td style=\"height: 26px;\" width=\"253\"><strong>Prowadz\u0105cy<\/strong><\/td>\n<td style=\"height: 26px;\" width=\"253\"><strong>Termin<\/strong><\/td>\n<\/tr>\n<tr style=\"height: 52px;\">\n<td style=\"height: 52px;\" width=\"259\"><strong>Zaj\u0119cia rewalidacyjne kszta\u0142tuj\u0105ce kompetencje <\/strong><strong>spo\u0142eczno \u2013 emocjonalne i\u00a0komunikacyjne<\/strong><\/td>\n<td style=\"height: 52px;\" width=\"253\">mgr Monika D\u0105browska &#8211; \u0141o\u015b<\/td>\n<td style=\"height: 52px;\" width=\"253\">wg ustale\u0144 nauczyciela<\/td>\n<\/tr>\n<tr style=\"height: 79px;\">\n<td style=\"height: 79px;\" width=\"259\"><strong>Zaj\u0119cia rewalidacyjne kszta\u0142tuj\u0105ce kompetencje <\/strong><strong>spo\u0142eczno \u2013 emocjonalne i\u00a0komunikacyjne<\/strong><\/td>\n<td style=\"height: 79px;\" width=\"253\">mgr Elwira Jopek<\/td>\n<td style=\"height: 79px;\" width=\"253\">wg ustale\u0144 nauczyciela<\/td>\n<\/tr>\n<tr style=\"height: 53px;\">\n<td style=\"height: 53px;\" width=\"259\"><strong>Zaj\u0119cia rewalidacyjne kszta\u0142tuj\u0105ce kompetencje <\/strong><strong>spo\u0142eczno &#8211; emocjonalne<\/strong><\/td>\n<td style=\"height: 53px;\" width=\"253\">mgr Iwona Pastwa<\/td>\n<td style=\"height: 53px;\" width=\"253\">wg ustale\u0144 nauczyciela<\/td>\n<\/tr>\n<tr style=\"height: 53px;\">\n<td style=\"height: 53px;\" width=\"259\"><strong>Zaj\u0119cia rewalidacyjne kszta\u0142tuj\u0105ce kompetencje <\/strong><strong>spo\u0142eczno &#8211; emocjonalne<\/strong><\/td>\n<td style=\"height: 53px;\" width=\"253\">mgr Katarzyna Migda\u0142<\/td>\n<td style=\"height: 53px;\" width=\"253\">wg ustale\u0144 nauczyciela<\/td>\n<\/tr>\n<tr style=\"height: 53px;\">\n<td style=\"height: 53px;\" width=\"259\"><strong>Zaj\u0119cia rewalidacyjne o charakterze socjoterapeutycznym\u00a0<\/strong><\/td>\n<td style=\"height: 53px;\" width=\"253\">mgr Sylwia Konior<\/td>\n<td style=\"height: 53px;\" width=\"253\">wg ustale\u0144 nauczyciela<\/td>\n<\/tr>\n<tr style=\"height: 26px;\">\n<td style=\"height: 26px;\" width=\"259\"><strong>Terapia biofeedback<\/strong><\/td>\n<td style=\"height: 26px;\" width=\"253\">mgr Elwira Jopek<\/td>\n<td style=\"height: 26px;\" width=\"253\">wg ustale\u0144 nauczyciela<\/td>\n<\/tr>\n<tr style=\"height: 53px;\">\n<td style=\"height: 53px;\" width=\"259\"><strong>Zaj\u0119cia rewalidacyjne &#8211; integracja sensoryczna <\/strong><\/td>\n<td style=\"height: 53px;\" width=\"253\">mgr Miros\u0142awa Kryger<\/td>\n<td style=\"height: 53px;\" width=\"253\">wg ustale\u0144 nauczyciela<\/td>\n<\/tr>\n<tr style=\"height: 26px;\">\n<td style=\"height: 26px;\" width=\"259\"><strong>Terapia logopedyczna<\/strong><\/td>\n<td style=\"height: 26px;\" width=\"253\">mgr Krystyna Laszczak<\/td>\n<td style=\"height: 26px;\" width=\"253\">wg ustale\u0144 nauczyciela<\/td>\n<\/tr>\n<tr style=\"height: 26px;\">\n<td style=\"height: 26px;\" width=\"259\"><strong>Terapia logopedyczna<\/strong><\/td>\n<td style=\"height: 26px;\" width=\"253\">mgr Aleksandra Ha\u0142at &#8211; Ratusznik<\/td>\n<td style=\"height: 26px;\" width=\"253\">wg ustale\u0144 nauczyciela<\/td>\n<\/tr>\n<tr style=\"height: 26px;\">\n<td style=\"height: 26px;\" width=\"259\"><strong>Zaj\u0119cia rewalidacyjne \u2013 tyflopedagogika <\/strong><\/td>\n<td style=\"height: 26px;\" width=\"253\">mgr Krystyna Laszczak<\/td>\n<td style=\"height: 26px;\" width=\"253\">wg ustale\u0144 nauczyciela<\/td>\n<\/tr>\n<\/tbody>\n<\/table>\n<p><strong>\u00a0<\/strong><\/p>\n","protected":false},"excerpt":{"rendered":"<p>Zaj\u0119cia prowadzone w ramach pomocy psychologiczno \u2013 pedagogicznej, ko\u0142a zainteresowa\u0144, zaj\u0119cia dodatkowe w roku szkolnym 2025\/2026 \u00a0 Nazwa Prowadz\u0105cy Termin Ko\u0142o ekologiczne mgr Renata Trela &#8211; Ptaszek czwartek 12.55 \u2013 13.40 Ko\u0142o biblijne mgr Gra\u017cyna Kubica \u015broda 13.45 \u2013 14.30 Ko\u0142o teatralne mgr Gra\u017cyna Kubica \u015broda 12.55 \u2013 13.40 Zaj\u0119cia dydaktyczno &#8211; wyr\u00f3wnawcze z matematyki [&hellip;]<\/p>\n","protected":false},"author":1,"featured_media":0,"parent":0,"menu_order":0,"comment_status":"closed","ping_status":"closed","template":"","meta":{"footnotes":""},"class_list":["post-2001","page","type-page","status-publish","hentry"],"_links":{"self":[{"href":"https:\/\/zspmeszna.edu.pl\/szkola\/index.php?rest_route=\/wp\/v2\/pages\/2001","targetHints":{"allow":["GET"]}}],"collection":[{"href":"https:\/\/zspmeszna.edu.pl\/szkola\/index.php?rest_route=\/wp\/v2\/pages"}],"about":[{"href":"https:\/\/zspmeszna.edu.pl\/szkola\/index.php?rest_route=\/wp\/v2\/types\/page"}],"author":[{"embeddable":true,"href":"https:\/\/zspmeszna.edu.pl\/szkola\/index.php?rest_route=\/wp\/v2\/users\/1"}],"replies":[{"embeddable":true,"href":"https:\/\/zspmeszna.edu.pl\/szkola\/index.php?rest_route=%2Fwp%2Fv2%2Fcomments&post=2001"}],"version-history":[{"count":14,"href":"https:\/\/zspmeszna.edu.pl\/szkola\/index.php?rest_route=\/wp\/v2\/pages\/2001\/revisions"}],"predecessor-version":[{"id":2330,"href":"https:\/\/zspmeszna.edu.pl\/szkola\/index.php?rest_route=\/wp\/v2\/pages\/2001\/revisions\/2330"}],"wp:attachment":[{"href":"https:\/\/zspmeszna.edu.pl\/szkola\/index.php?rest_route=%2Fwp%2Fv2%2Fmedia&parent=2001"}],"curies":[{"name":"wp","href":"https:\/\/api.w.org\/{rel}","templated":true}]}}