{"id":201,"date":"2024-11-02T17:24:49","date_gmt":"2024-11-02T17:24:49","guid":{"rendered":"https:\/\/zspmeszna.edu.pl\/szkola\/?page_id=201"},"modified":"2024-11-02T17:24:49","modified_gmt":"2024-11-02T17:24:49","slug":"laboratorium-przyszlosci","status":"publish","type":"page","link":"https:\/\/zspmeszna.edu.pl\/szkola\/?page_id=201","title":{"rendered":"Laboratorium przysz\u0142o\u015bci"},"content":{"rendered":"\n<p class=\"kt-adv-heading201_62404a-ba wp-block-kadence-advancedheading\" data-kb-block=\"kb-adv-heading201_62404a-ba\">Laboratoria Przysz\u0142o\u015bci to inicjatywa edukacyjna realizowana przez Ministerstwo Edukacji i Nauki we wsp\u00f3\u0142pracy z Centrum GovTech w Kancelarii Prezesa Rady Ministr\u00f3w. misj\u0105 programu jest stworzenie nowoczesnej szko\u0142y, w kt\u00f3rej zaj\u0119cia b\u0119d\u0105 prowadzone w spos\u00f3b ciekawy, anga\u017cuj\u0105cy uczni\u00f3w oraz sprzyjaj\u0105cy odkrywaniu ich talent\u00f3w i rozwijaniu zainteresowa\u0144.\u00a0Celem inicjatywy jest wsparcie wszystkich szk\u00f3\u0142 podstawowych w budowaniu w\u015br\u00f3d uczni\u00f3w kompetencji przysz\u0142o\u015bci z tzw. kierunk\u00f3w STEAM (nauka, technologia, in\u017cynieria, sztuka oraz matematyka).<br>Wykaz sprz\u0119tu zakupionego przez Szko\u0142\u0119 Podstawow\u0105 w Mesznej w ramach rz\u0105dowego programu \u201eLaboratorium Przysz\u0142o\u015bci\u201d:<br>Mikrokontroler z czujnikami i akcesoriami. Atmega2560 Arduino<br>Zestaw 37 Czujnik\u00f3w i modu\u0142\u00f3w Sensor Kit \u2013 Arduino<br>Mikrokontroler z czujnikami i akcesoriami. Zestawu startowy dla Arduinu UNO R3<br>Zestaw RFID \u2013 kompletny zestaw startowy do nauki Arduino<br>Rozszerzenie zestawu startowego do nauki Arduino dla UNO R3<br>Zestaw startowy do nauki Arduino<br>Stacja lutownicza z gor\u0105cym powietrzem<br>Kamera cyfrowa. SONY HDR-CX405B<br>Statyw Fancier Wt-3750 \u2013 183cm<br>Statyw Camrock TC63 Black \u2013 Mobile K<br>Synco G1 A1 bezprzewodowy system mikrofonowy 2,4 GHz<br>Zestaw mikrofon\u00f3w nag\u0142ownych VHF Vonyx WM522B<br>Zestaw Lampa Mini Boom \u017buraw O\u015bwietleniowy Softbox + \u017bar\u00f3wka fotograficzna 85W<br>Mikrofon kierunkowy nakamerowy Synco M3 kardioidalny z ods\u0142uchem<br>Mikrofon kierunkowy Boya BY-MM1<br>Gimbal r\u0119czny FeiyuTech G6 Max<br>Aparat fotograficzny. Lustrzanka Canon EOS 250D + 18-55mm IS STM<br>Zestaw 4x mBot Explorer Kit + akcesoria<br>Mikroskop 40x \u2013 1280x z kamer\u0105 w walizce<br>Teleskop<br>Lupa z pod\u015bwietleniem LED 90 mm<br>Zestaw elektronika 1<br>Zestaw elektronika 2<br>Fizyka. Zestaw 21 tablic<br>Zoologia. Zestaw 18 tablic<br>Botanika. Zestaw 20 tablic<br>Ekologia. Zestaw 20 tablic<br>Chemia. Zestaw 22 tablic<br>Matematyka. Zestaw 20 tablic<br>Kompletny estradowy zestaw nag\u0142o\u015bnieniowy 1200W: subwoofer + satelity + statywy<br>Zestaw mikrofon nag\u0142owny + odbiornik + bodypack<br>Zestaw mikrofon\u00f3w nag\u0142ownych<br>Mikrofon dynamiczny Vonyx bezprzewodowy<br>Statyw mikrofonowy z uchwytem<br>Krzes\u0142o szkolne obrotowe szare<br>Bia\u0142a tablica suchocieralna magnetyczna mobilna du\u017ca<br>Programming Time. Zestaw do nauki kodowania i programowania.<br>Statyw studyjny GlareOne o\u015bwietleniowy G-803<br>O\u015bwietlenie do realizacji nagra\u0144. Lampa LED<br>Robot mBot2<br>Morphun Klocki Technik<br>Robot Codey Rocky<br>Adaptery Bluetooth BT 4.0 do robot\u00f3w<br>Edukacyjny zestaw z robotem, kartami pracy i scenariuszami lekcji<br>Robot mBot Ranger<br>Robot mBot Explorer Kit<br>Robot Pro Bot<br>Oprogramowanie jednostanowiskowe do robota Pro Bot<br>Aplikacja Corinth. Geometria<br>Mikroskop 100x-1000x<br>Mikroskop cyfrowy 20\u2013500x z ekranem LCD i kamer\u0105 5Mpix<br>Laptop multimedialny<br>Drukarka 3D Banach School<br>Filament PLA: czerwony, niebieski, szary, \u017c\u00f3\u0142ty, zielony, bia\u0142y, czarny, R\u00f3\u017cowy, Pomara\u0144czowy, \u017b\u00f3\u0142ty fluorestencyjny \u2013 10 x 1kg do Drukarki 3D<br>Sprz\u0119t zakupiony w ramach rz\u0105dowego programu Laboratoria Przysz\u0142o\u015bci b\u0119dzie wykorzystywany w trakcie zaj\u0119\u0107 dydaktycznych w szkole jako pomoc i uzupe\u0142nienie form i \u015brodk\u00f3w podczas realizacji podstawy programowej przewidzianej w rozk\u0142adach materia\u0142u w klasach 1-3 oraz podczas realizacji podstawy programowej na lekcjach matematyki, przyrody i biologii, chemii, fizyki, techniki i informatyki, muzyki i plastyki oraz zaj\u0119ciach wychowania fizycznego w klasach 4 \u2013 8.<br>#LaboratoriaPrzysz\u0142o\u015bci<br>#LaboratoriaPrzyszlosci<\/p>\n\n\n\n<p class=\"kt-adv-heading201_c26b49-c1 wp-block-kadence-advancedheading\" data-kb-block=\"kb-adv-heading201_c26b49-c1\"><\/p>\n","protected":false},"excerpt":{"rendered":"","protected":false},"author":1,"featured_media":0,"parent":0,"menu_order":0,"comment_status":"closed","ping_status":"closed","template":"","meta":{"footnotes":""},"class_list":["post-201","page","type-page","status-publish","hentry"],"_links":{"self":[{"href":"https:\/\/zspmeszna.edu.pl\/szkola\/index.php?rest_route=\/wp\/v2\/pages\/201","targetHints":{"allow":["GET"]}}],"collection":[{"href":"https:\/\/zspmeszna.edu.pl\/szkola\/index.php?rest_route=\/wp\/v2\/pages"}],"about":[{"href":"https:\/\/zspmeszna.edu.pl\/szkola\/index.php?rest_route=\/wp\/v2\/types\/page"}],"author":[{"embeddable":true,"href":"https:\/\/zspmeszna.edu.pl\/szkola\/index.php?rest_route=\/wp\/v2\/users\/1"}],"replies":[{"embeddable":true,"href":"https:\/\/zspmeszna.edu.pl\/szkola\/index.php?rest_route=%2Fwp%2Fv2%2Fcomments&post=201"}],"version-history":[{"count":1,"href":"https:\/\/zspmeszna.edu.pl\/szkola\/index.php?rest_route=\/wp\/v2\/pages\/201\/revisions"}],"predecessor-version":[{"id":202,"href":"https:\/\/zspmeszna.edu.pl\/szkola\/index.php?rest_route=\/wp\/v2\/pages\/201\/revisions\/202"}],"wp:attachment":[{"href":"https:\/\/zspmeszna.edu.pl\/szkola\/index.php?rest_route=%2Fwp%2Fv2%2Fmedia&parent=201"}],"curies":[{"name":"wp","href":"https:\/\/api.w.org\/{rel}","templated":true}]}}