{"id":2097,"date":"2025-11-15T18:10:27","date_gmt":"2025-11-15T18:10:27","guid":{"rendered":"https:\/\/zspmeszna.edu.pl\/szkola\/?page_id=2097"},"modified":"2025-11-15T18:13:03","modified_gmt":"2025-11-15T18:13:03","slug":"pazdziernik-w-swietlicy","status":"publish","type":"page","link":"https:\/\/zspmeszna.edu.pl\/szkola\/?page_id=2097","title":{"rendered":"Pa\u017adziernik w \u015bwietlicy"},"content":{"rendered":"<p><strong><a href=\"https:\/\/zspmeszna.edu.pl\/szkola\/wp-content\/uploads\/2025\/11\/swietlica_10_2025.jpg\" data-lbwps-width=\"1600\" data-lbwps-height=\"1600\" data-lbwps-srcsmall=\"https:\/\/zspmeszna.edu.pl\/szkola\/wp-content\/uploads\/2025\/11\/swietlica_10_2025-300x300.jpg\"><img loading=\"lazy\" decoding=\"async\" class=\"aligncenter size-large wp-image-2098\" src=\"https:\/\/zspmeszna.edu.pl\/szkola\/wp-content\/uploads\/2025\/11\/swietlica_10_2025-1024x1024.jpg\" alt=\"\" width=\"640\" height=\"640\" srcset=\"https:\/\/zspmeszna.edu.pl\/szkola\/wp-content\/uploads\/2025\/11\/swietlica_10_2025-1024x1024.jpg 1024w, https:\/\/zspmeszna.edu.pl\/szkola\/wp-content\/uploads\/2025\/11\/swietlica_10_2025-300x300.jpg 300w, https:\/\/zspmeszna.edu.pl\/szkola\/wp-content\/uploads\/2025\/11\/swietlica_10_2025-150x150.jpg 150w, https:\/\/zspmeszna.edu.pl\/szkola\/wp-content\/uploads\/2025\/11\/swietlica_10_2025-768x768.jpg 768w, https:\/\/zspmeszna.edu.pl\/szkola\/wp-content\/uploads\/2025\/11\/swietlica_10_2025-1536x1536.jpg 1536w, https:\/\/zspmeszna.edu.pl\/szkola\/wp-content\/uploads\/2025\/11\/swietlica_10_2025-600x600.jpg 600w, https:\/\/zspmeszna.edu.pl\/szkola\/wp-content\/uploads\/2025\/11\/swietlica_10_2025.jpg 1600w\" sizes=\"auto, (max-width: 640px) 100vw, 640px\" \/><\/a><\/strong><\/p>\n<p><strong>Pa\u017adziernik w \u015bwietlicy szkolnej<\/strong><\/p>\n<p>Miniony miesi\u0105c up\u0142yn\u0105\u0142 w atmosferze nauki, zabawy i wsp\u00f3\u0142pracy. Na pocz\u0105tku dzieci przypomnia\u0142y sobie zasady dobrego zachowania, tworz\u0105c ilustrowany \u201e<strong>Kodeks dobrego zachowania<\/strong>\u201d.<\/p>\n<p>Z okazji <strong>\u015awiatowego Dnia Zwierz\u0105t<\/strong> rozmawia\u0142y o roli zwierz\u0105t w \u017cyciu cz\u0142owieka i wykona\u0142y pi\u0119kne prace plastyczne przedstawiaj\u0105ce swoich ulubie\u0144c\u00f3w.<\/p>\n<p>Przygotowuj\u0105c si\u0119 do <strong>Dnia Edukacji Narodowej<\/strong>, uczniowie poznali zawody pracownik\u00f3w szko\u0142y oraz wykonali laurki i podzi\u0119kowania.<\/p>\n<p>W ramach cyklu \u201e<strong>Bez z\u0142o\u015bci jest wi\u0119cej rado\u015bc<\/strong>i\u201d omawiano emocje, przyja\u017a\u0144 i sposoby radzenia sobie z trudnymi uczuciami.<\/p>\n<p>Jesienne zaj\u0119cia plastyczne inspirowane by\u0142y barwami natury \u2013 powsta\u0142y prace o tematyce sadu, ogrodu i lasu.<br \/>\n\u015awietlicow\u0105 \u015bcian\u0119 ozdobi\u0142y natomiast kolorowe naklejki przedstawiaj\u0105ce postacie z le\u015bnego \u015bwiata, kt\u00f3re wprowadzi\u0142y ciep\u0142y, bajkowy klimat.<\/p>\n<p>Pod koniec miesi\u0105ca dzieci pozna\u0142y tradycje zwi\u0105zane ze <strong>\u015awi\u0119tem Wszystkich \u015awi\u0119tych<\/strong> i przygotowa\u0142y symboliczne znicze.<\/p>\n<p>Pa\u017adziernik by\u0142 czasem pe\u0142nym kreatywno\u015bci, empatii i zaanga\u017cowania!<\/p>\n","protected":false},"excerpt":{"rendered":"<p>Pa\u017adziernik w \u015bwietlicy szkolnej Miniony miesi\u0105c up\u0142yn\u0105\u0142 w atmosferze nauki, zabawy i wsp\u00f3\u0142pracy. Na pocz\u0105tku dzieci przypomnia\u0142y sobie zasady dobrego zachowania, tworz\u0105c ilustrowany \u201eKodeks dobrego zachowania\u201d. Z okazji \u015awiatowego Dnia Zwierz\u0105t rozmawia\u0142y o roli zwierz\u0105t w \u017cyciu cz\u0142owieka i wykona\u0142y pi\u0119kne prace plastyczne przedstawiaj\u0105ce swoich ulubie\u0144c\u00f3w. Przygotowuj\u0105c si\u0119 do Dnia Edukacji Narodowej, uczniowie poznali zawody [&hellip;]<\/p>\n","protected":false},"author":1,"featured_media":0,"parent":0,"menu_order":0,"comment_status":"closed","ping_status":"closed","template":"","meta":{"footnotes":""},"class_list":["post-2097","page","type-page","status-publish","hentry"],"_links":{"self":[{"href":"https:\/\/zspmeszna.edu.pl\/szkola\/index.php?rest_route=\/wp\/v2\/pages\/2097","targetHints":{"allow":["GET"]}}],"collection":[{"href":"https:\/\/zspmeszna.edu.pl\/szkola\/index.php?rest_route=\/wp\/v2\/pages"}],"about":[{"href":"https:\/\/zspmeszna.edu.pl\/szkola\/index.php?rest_route=\/wp\/v2\/types\/page"}],"author":[{"embeddable":true,"href":"https:\/\/zspmeszna.edu.pl\/szkola\/index.php?rest_route=\/wp\/v2\/users\/1"}],"replies":[{"embeddable":true,"href":"https:\/\/zspmeszna.edu.pl\/szkola\/index.php?rest_route=%2Fwp%2Fv2%2Fcomments&post=2097"}],"version-history":[{"count":3,"href":"https:\/\/zspmeszna.edu.pl\/szkola\/index.php?rest_route=\/wp\/v2\/pages\/2097\/revisions"}],"predecessor-version":[{"id":2102,"href":"https:\/\/zspmeszna.edu.pl\/szkola\/index.php?rest_route=\/wp\/v2\/pages\/2097\/revisions\/2102"}],"wp:attachment":[{"href":"https:\/\/zspmeszna.edu.pl\/szkola\/index.php?rest_route=%2Fwp%2Fv2%2Fmedia&parent=2097"}],"curies":[{"name":"wp","href":"https:\/\/api.w.org\/{rel}","templated":true}]}}