{"id":2394,"date":"2026-03-09T13:32:18","date_gmt":"2026-03-09T13:32:18","guid":{"rendered":"https:\/\/zspmeszna.edu.pl\/szkola\/?page_id=2394"},"modified":"2026-03-10T08:27:03","modified_gmt":"2026-03-10T08:27:03","slug":"grudzien-w-swietlicy","status":"publish","type":"page","link":"https:\/\/zspmeszna.edu.pl\/szkola\/?page_id=2394","title":{"rendered":"Grudzie\u0144 w \u015bwietlicy"},"content":{"rendered":"<div>\ud83c\udf84 Grudzie\u0144 w \u015bwietlicy szkolnej \u2013 pe\u0142en magii i \u015bwi\u0105tecznej rado\u015bci \ud83c\udf84<\/div>\n<div>Grudzie\u0144 w naszej \u015bwietlicy up\u0142yn\u0105\u0142 w wyj\u0105tkowo ciep\u0142ej, \u015bwi\u0105tecznej atmosferze. Dzieci z rado\u015bci\u0105 uczestniczy\u0142y w zaj\u0119ciach po\u015bwi\u0119conych tradycjom bo\u017conarodzeniowym oraz zimowym zwyczajom.<\/div>\n<div>\ud83c\udf85 Obchodzili\u015bmy Miko\u0142ajki, podczas kt\u00f3rych nie zabrak\u0142o rozm\u00f3w o \u015bw. Miko\u0142aju, wsp\u00f3lnych zabaw oraz tematycznych prac plastycznych.<\/div>\n<div>\ud83c\udfa8 Powsta\u0142y pi\u0119kne, kolorowe choinki, a tak\u017ce w\u0142asnor\u0119cznie wykonane kartki \u015bwi\u0105teczne, kt\u00f3re zachwyca\u0142y pomys\u0142owo\u015bci\u0105 i staranno\u015bci\u0105.<\/div>\n<div>\ud83d\udcda We wsp\u00f3\u0142pracy z bibliotek\u0105 szkoln\u0105 zorganizowano konkurs na \u015bwi\u0105teczno-zimowy wiersz, kt\u00f3ry pokaza\u0142 literackie talenty naszych uczni\u00f3w. Zwyci\u0119skie prace zawis\u0142y na gazetce przed \u015bwietlic\u0105, a ich autorzy otrzymaj\u0105 nagrody ksi\u0105\u017ckowe.<\/div>\n<div>Nie zabrak\u0142o r\u00f3wnie\u017c innych dzia\u0142a\u0144 zwi\u0105zanych ze \u015bwi\u0119tami \u2013 rozm\u00f3w o tradycjach, zimowych zagadek i wsp\u00f3lnego kol\u0119dowania \ud83c\udfb6<\/div>\n<div>Dzi\u0119kujemy wszystkim dzieciom za zaanga\u017cowanie, kreatywno\u015b\u0107 i wsp\u00f3lnie sp\u0119dzony czas \u2764\ufe0f<\/div>\n<div>Grudzie\u0144 na d\u0142ugo pozostanie w naszej pami\u0119ci jako miesi\u0105c pe\u0142en u\u015bmiechu, tw\u00f3rczej pracy i \u015bwi\u0105tecznej magii \u2728<img loading=\"lazy\" decoding=\"async\" class=\"alignnone size-large wp-image-2412\" src=\"https:\/\/zspmeszna.edu.pl\/szkola\/wp-content\/uploads\/2026\/03\/IMG_6632-1024x1024.jpg\" alt=\"\" width=\"640\" height=\"640\" srcset=\"https:\/\/zspmeszna.edu.pl\/szkola\/wp-content\/uploads\/2026\/03\/IMG_6632-1024x1024.jpg 1024w, https:\/\/zspmeszna.edu.pl\/szkola\/wp-content\/uploads\/2026\/03\/IMG_6632-300x300.jpg 300w, https:\/\/zspmeszna.edu.pl\/szkola\/wp-content\/uploads\/2026\/03\/IMG_6632-150x150.jpg 150w, https:\/\/zspmeszna.edu.pl\/szkola\/wp-content\/uploads\/2026\/03\/IMG_6632-768x768.jpg 768w, https:\/\/zspmeszna.edu.pl\/szkola\/wp-content\/uploads\/2026\/03\/IMG_6632-1536x1536.jpg 1536w, https:\/\/zspmeszna.edu.pl\/szkola\/wp-content\/uploads\/2026\/03\/IMG_6632-600x600.jpg 600w, https:\/\/zspmeszna.edu.pl\/szkola\/wp-content\/uploads\/2026\/03\/IMG_6632.jpg 1600w\" sizes=\"auto, (max-width: 640px) 100vw, 640px\" \/><\/div>\n","protected":false},"excerpt":{"rendered":"<p>\ud83c\udf84 Grudzie\u0144 w \u015bwietlicy szkolnej \u2013 pe\u0142en magii i \u015bwi\u0105tecznej rado\u015bci \ud83c\udf84 Grudzie\u0144 w naszej \u015bwietlicy up\u0142yn\u0105\u0142 w wyj\u0105tkowo ciep\u0142ej, \u015bwi\u0105tecznej atmosferze. Dzieci z rado\u015bci\u0105 uczestniczy\u0142y w zaj\u0119ciach po\u015bwi\u0119conych tradycjom bo\u017conarodzeniowym oraz zimowym zwyczajom. \ud83c\udf85 Obchodzili\u015bmy Miko\u0142ajki, podczas kt\u00f3rych nie zabrak\u0142o rozm\u00f3w o \u015bw. Miko\u0142aju, wsp\u00f3lnych zabaw oraz tematycznych prac plastycznych. \ud83c\udfa8 Powsta\u0142y pi\u0119kne, kolorowe [&hellip;]<\/p>\n","protected":false},"author":1,"featured_media":0,"parent":0,"menu_order":0,"comment_status":"closed","ping_status":"closed","template":"","meta":{"footnotes":""},"class_list":["post-2394","page","type-page","status-publish","hentry"],"_links":{"self":[{"href":"https:\/\/zspmeszna.edu.pl\/szkola\/index.php?rest_route=\/wp\/v2\/pages\/2394","targetHints":{"allow":["GET"]}}],"collection":[{"href":"https:\/\/zspmeszna.edu.pl\/szkola\/index.php?rest_route=\/wp\/v2\/pages"}],"about":[{"href":"https:\/\/zspmeszna.edu.pl\/szkola\/index.php?rest_route=\/wp\/v2\/types\/page"}],"author":[{"embeddable":true,"href":"https:\/\/zspmeszna.edu.pl\/szkola\/index.php?rest_route=\/wp\/v2\/users\/1"}],"replies":[{"embeddable":true,"href":"https:\/\/zspmeszna.edu.pl\/szkola\/index.php?rest_route=%2Fwp%2Fv2%2Fcomments&post=2394"}],"version-history":[{"count":3,"href":"https:\/\/zspmeszna.edu.pl\/szkola\/index.php?rest_route=\/wp\/v2\/pages\/2394\/revisions"}],"predecessor-version":[{"id":2414,"href":"https:\/\/zspmeszna.edu.pl\/szkola\/index.php?rest_route=\/wp\/v2\/pages\/2394\/revisions\/2414"}],"wp:attachment":[{"href":"https:\/\/zspmeszna.edu.pl\/szkola\/index.php?rest_route=%2Fwp%2Fv2%2Fmedia&parent=2394"}],"curies":[{"name":"wp","href":"https:\/\/api.w.org\/{rel}","templated":true}]}}