{"id":2396,"date":"2026-03-09T13:32:44","date_gmt":"2026-03-09T13:32:44","guid":{"rendered":"https:\/\/zspmeszna.edu.pl\/szkola\/?page_id=2396"},"modified":"2026-03-10T08:22:23","modified_gmt":"2026-03-10T08:22:23","slug":"styczen-w-swietlicy","status":"publish","type":"page","link":"https:\/\/zspmeszna.edu.pl\/szkola\/?page_id=2396","title":{"rendered":"Stycze\u0144 w \u015bwietlicy"},"content":{"rendered":"<div>W styczniu w \u015bwietlicy szkolnej realizowano r\u00f3\u017cnorodne zaj\u0119cia opieku\u0144czo-wychowawcze, edukacyjne oraz artystyczne, dostosowane do potrzeb i zainteresowa\u0144 dzieci.<\/div>\n<div><\/div>\n<div>Po przerwie \u015bwi\u0105tecznej dzieci wspomina\u0142y miniony, \u015bwi\u0105teczny czas. Prowadzone by\u0142y rozmowy na temat \u015awi\u0105t Bo\u017cego Narodzenia, prezent\u00f3w oraz sposob\u00f3w sp\u0119dzania wolnego czasu z rodzin\u0105. Uczniowie ch\u0119tnie dzielili si\u0119 swoimi prze\u017cyciami i do\u015bwiadczeniami.<\/div>\n<div><\/div>\n<div>Kolejnym tematem by\u0142a zima. Dzieci bra\u0142y udzia\u0142 w quizie o tematyce zimowej, podczas kt\u00f3rego utrwala\u0142y wiedz\u0119 o cechach tej pory roku. Wykona\u0142y tak\u017ce prace plastyczne pt. \u201eZimowa zabawa\u201d oraz \u201eZimowy krajobraz\u201d, rozwijaj\u0105c kreatywno\u015b\u0107 i zdolno\u015bci manualne.<\/div>\n<div><\/div>\n<div>W sprzyjaj\u0105cych warunkach pogodowych organizowane by\u0142y zabawy na \u015bwie\u017cym powietrzu. W \u015bwietlicy dzieci ch\u0119tnie budowa\u0142y r\u00f3\u017cne konstrukcje z klock\u00f3w, \u0107wicz\u0105c wsp\u00f3\u0142prac\u0119 oraz wyobra\u017ani\u0119 przestrzenn\u0105.<\/div>\n<div><\/div>\n<div>Podczas zaj\u0119\u0107 poruszono r\u00f3wnie\u017c temat zwierz\u0105t zim\u0105. Rozmawiano o sposobach przetrwania zwierz\u0105t w okresie zimowym oraz o konieczno\u015bci niesienia im pomocy. Dzieci wykona\u0142y prace plastyczne przedstawiaj\u0105ce karmniki dla ptak\u00f3w.<\/div>\n<div><\/div>\n<div>Uczniowie uczestniczyli w zabawach edukacyjnych z wykorzystaniem interaktywnej pod\u0142ogi, kt\u00f3re \u0142\u0105czy\u0142y nauk\u0119 z aktywno\u015bci\u0105 ruchow\u0105 i dobr\u0105 zabaw\u0105.<\/div>\n<div><\/div>\n<div>W zwi\u0105zku z obchodami Dnia Babci i Dnia Dziadka przeprowadzono rozmowy na temat roli dziadk\u00f3w w rodzinie. Dzieci wykona\u0142y laurki oraz prace plastyczne jako wyraz wdzi\u0119czno\u015bci i mi\u0142o\u015bci dla swoich dziadk\u00f3w.<\/div>\n<div><\/div>\n<div>W ramach zaj\u0119\u0107 czytelniczych dzieci wys\u0142ucha\u0142y audiobooka \u201eKr\u00f3lowa \u015aniegu\u201d Hansa Christiana Andersena, rozwijaj\u0105c umiej\u0119tno\u015b\u0107 s\u0142uchania ze zrozumieniem oraz zainteresowanie literatur\u0105.<\/div>\n<div><\/div>\n<div><img loading=\"lazy\" decoding=\"async\" class=\"alignnone size-large wp-image-2409\" src=\"https:\/\/zspmeszna.edu.pl\/szkola\/wp-content\/uploads\/2026\/03\/IMG_6631-1024x1024.jpg\" alt=\"\" width=\"640\" height=\"640\" srcset=\"https:\/\/zspmeszna.edu.pl\/szkola\/wp-content\/uploads\/2026\/03\/IMG_6631-1024x1024.jpg 1024w, https:\/\/zspmeszna.edu.pl\/szkola\/wp-content\/uploads\/2026\/03\/IMG_6631-300x300.jpg 300w, https:\/\/zspmeszna.edu.pl\/szkola\/wp-content\/uploads\/2026\/03\/IMG_6631-150x150.jpg 150w, https:\/\/zspmeszna.edu.pl\/szkola\/wp-content\/uploads\/2026\/03\/IMG_6631-768x768.jpg 768w, https:\/\/zspmeszna.edu.pl\/szkola\/wp-content\/uploads\/2026\/03\/IMG_6631-1536x1536.jpg 1536w, https:\/\/zspmeszna.edu.pl\/szkola\/wp-content\/uploads\/2026\/03\/IMG_6631-600x600.jpg 600w, https:\/\/zspmeszna.edu.pl\/szkola\/wp-content\/uploads\/2026\/03\/IMG_6631.jpg 1600w\" sizes=\"auto, (max-width: 640px) 100vw, 640px\" \/> <img loading=\"lazy\" decoding=\"async\" class=\"alignnone size-large wp-image-2410\" src=\"https:\/\/zspmeszna.edu.pl\/szkola\/wp-content\/uploads\/2026\/03\/IMG_6630-1024x1024.jpg\" alt=\"\" width=\"640\" height=\"640\" srcset=\"https:\/\/zspmeszna.edu.pl\/szkola\/wp-content\/uploads\/2026\/03\/IMG_6630-1024x1024.jpg 1024w, https:\/\/zspmeszna.edu.pl\/szkola\/wp-content\/uploads\/2026\/03\/IMG_6630-300x300.jpg 300w, https:\/\/zspmeszna.edu.pl\/szkola\/wp-content\/uploads\/2026\/03\/IMG_6630-150x150.jpg 150w, https:\/\/zspmeszna.edu.pl\/szkola\/wp-content\/uploads\/2026\/03\/IMG_6630-768x768.jpg 768w, https:\/\/zspmeszna.edu.pl\/szkola\/wp-content\/uploads\/2026\/03\/IMG_6630-1536x1536.jpg 1536w, https:\/\/zspmeszna.edu.pl\/szkola\/wp-content\/uploads\/2026\/03\/IMG_6630-600x600.jpg 600w, https:\/\/zspmeszna.edu.pl\/szkola\/wp-content\/uploads\/2026\/03\/IMG_6630.jpg 1600w\" sizes=\"auto, (max-width: 640px) 100vw, 640px\" \/><\/div>\n","protected":false},"excerpt":{"rendered":"<p>W styczniu w \u015bwietlicy szkolnej realizowano r\u00f3\u017cnorodne zaj\u0119cia opieku\u0144czo-wychowawcze, edukacyjne oraz artystyczne, dostosowane do potrzeb i zainteresowa\u0144 dzieci. Po przerwie \u015bwi\u0105tecznej dzieci wspomina\u0142y miniony, \u015bwi\u0105teczny czas. Prowadzone by\u0142y rozmowy na temat \u015awi\u0105t Bo\u017cego Narodzenia, prezent\u00f3w oraz sposob\u00f3w sp\u0119dzania wolnego czasu z rodzin\u0105. Uczniowie ch\u0119tnie dzielili si\u0119 swoimi prze\u017cyciami i do\u015bwiadczeniami. Kolejnym tematem by\u0142a zima. Dzieci [&hellip;]<\/p>\n","protected":false},"author":1,"featured_media":0,"parent":0,"menu_order":0,"comment_status":"closed","ping_status":"closed","template":"","meta":{"footnotes":""},"class_list":["post-2396","page","type-page","status-publish","hentry"],"_links":{"self":[{"href":"https:\/\/zspmeszna.edu.pl\/szkola\/index.php?rest_route=\/wp\/v2\/pages\/2396","targetHints":{"allow":["GET"]}}],"collection":[{"href":"https:\/\/zspmeszna.edu.pl\/szkola\/index.php?rest_route=\/wp\/v2\/pages"}],"about":[{"href":"https:\/\/zspmeszna.edu.pl\/szkola\/index.php?rest_route=\/wp\/v2\/types\/page"}],"author":[{"embeddable":true,"href":"https:\/\/zspmeszna.edu.pl\/szkola\/index.php?rest_route=\/wp\/v2\/users\/1"}],"replies":[{"embeddable":true,"href":"https:\/\/zspmeszna.edu.pl\/szkola\/index.php?rest_route=%2Fwp%2Fv2%2Fcomments&post=2396"}],"version-history":[{"count":2,"href":"https:\/\/zspmeszna.edu.pl\/szkola\/index.php?rest_route=\/wp\/v2\/pages\/2396\/revisions"}],"predecessor-version":[{"id":2411,"href":"https:\/\/zspmeszna.edu.pl\/szkola\/index.php?rest_route=\/wp\/v2\/pages\/2396\/revisions\/2411"}],"wp:attachment":[{"href":"https:\/\/zspmeszna.edu.pl\/szkola\/index.php?rest_route=%2Fwp%2Fv2%2Fmedia&parent=2396"}],"curies":[{"name":"wp","href":"https:\/\/api.w.org\/{rel}","templated":true}]}}