{"id":24,"date":"2024-04-24T17:32:21","date_gmt":"2024-04-24T17:32:21","guid":{"rendered":"https:\/\/zspmeszna.edu.pl\/szkola\/?page_id=24"},"modified":"2024-11-05T17:34:16","modified_gmt":"2024-11-05T17:34:16","slug":"polityka-prywatnosci","status":"publish","type":"page","link":"https:\/\/zspmeszna.edu.pl\/szkola\/?page_id=24","title":{"rendered":"Polityka prywatno\u015bci"},"content":{"rendered":"<p><strong>Polityka prywatno\u015bci<\/strong><\/p>\n<p><strong>KLAUZULA INFORMACYJNA O PRZETWARZANIU DANYCH OSOBOWYCH<\/strong><\/p>\n<p>Maj\u0105c na uwadze realizacj\u0119 wymog\u00f3w Rozporz\u0105dzenia Parlamentu Europejskiego i Rady (UE) 2016\/679 z dnia 27 kwietnia 2016 r. w sprawie ochrony os\u00f3b fizycznych w zwi\u0105zku z przetwarzaniem danych osobowych i w sprawie swobodnego przep\u0142ywu takich danych oraz uchylenia dyrektywy 95\/46\/WE (og\u00f3lne rozporz\u0105dzenie o ochronie danych) \u2013 RODO, informujemy o zasadach przetwarzania Pani\/Pana danych osobowych oraz o przys\u0142uguj\u0105cych w zwi\u0105zku z tym prawach od dnia 25 maja 2018 r.<br \/>1. Administratorami Pa\u0144stwa danych jest Zesp\u00f3\u0142 Szkolno \u2013 Przedszkolny w Mesznej reprezentowany przez dyrektora, z siedzib\u0105 43-360 \u2013 Meszna ul. Szkolna 1. tel. 33 8171213.<br \/>2. Wszelkie pytania dotycz\u0105ce sposobu i zakresu przetwarzania Pani\/Pana danych osobowych w zakresie dzia\u0142ania Zespo\u0142u Szkolno \u2013 Przedszkolnego w Mesznej, a tak\u017ce przys\u0142uguj\u0105cych Pani\/Panu uprawnie\u0144, mo\u017cna kierowa\u0107 do Inspektora Ochrony Danych Osobowych w Zespole Szkolno \u2013 Przedszkolnym w Mesznej za pomoc\u0105 adresu iod@zspmeszna.pl.<br \/>3. Administrator \u2013 Zesp\u00f3\u0142 Szkolno \u2013 Przedszkolny w Mesznej &#8211; przetwarza Pani\/Pana dane osobowe na podstawie obowi\u0105zuj\u0105cych przepis\u00f3w prawa, zawartych um\u00f3w oraz udzielonej zgody.<br \/>4. Pani\/Pana dane osobowe przetwarzane s\u0105 w nast\u0119puj\u0105cym\/ych celu\/celach:<br \/>a) wype\u0142nienia obowi\u0105zk\u00f3w prawnych ci\u0105\u017c\u0105cych na Zespole Szkolno \u2013 Przedszkolnym w Mesznej;<br \/>b) realizacji um\u00f3w zawartych z kontrahentami Zespo\u0142u Szkolno \u2013 Przedszkolnego w Mesznej;<br \/>c) w pozosta\u0142ych przypadkach Pani\/Pana dane osobowe przetwarzane s\u0105 wy\u0142\u0105cznie na podstawie wcze\u015bniej udzielonej zgody w zakresie i celu okre\u015blonym w tre\u015bci zgody.<br \/>5. W zwi\u0105zku z przetwarzaniem danych w celach o kt\u00f3rych mowa w pkt 4 odbiorcami Pani\/Pana danych osobowych mog\u0105 byd:<br \/>a) organy w\u0142adzy publicznej oraz podmioty wykonuj\u0105ce zadania publiczne lub dzia\u0142aj\u0105ce na zlecenie organ\u00f3w w\u0142adzy publicznej, w zakresie i w celach, kt\u00f3re wynikaj\u0105 z przepis\u00f3w powszechnie obowi\u0105zuj\u0105cego prawa;<br \/>b) inne podmioty, kt\u00f3re na podstawie stosownych um\u00f3w podpisanych z Zespo\u0142em Szkolno \u2013 Przedszkolnym w Mesznej przetwarzaj\u0105 dane osobowe dla kt\u00f3rych Administratorem jest Zesp\u00f3l Szkolno \u2013 Przedszkolny w Mesznej;<br \/>6. Pani\/Pana dane osobowe b\u0119d\u0105 przechowywane przez okres niezb\u0119dny do realizacji cel\u00f3w okre\u015blonych w pkt 4, a po tym czasie przez okres oraz w zakresie wymaganym przez przepisy powszechnie obowi\u0105zuj\u0105cego prawa.<br \/>7. W zwi\u0105zku z przetwarzaniem Pani\/Pana danych osobowych przys\u0142uguj\u0105 Pani\/Panu nast\u0119puj\u0105ce uprawnienia:<br \/>a) prawo dost\u0119pu do danych osobowych, w tym prawo do uzyskania kopii tych danych;<br \/>b) prawo do \u017c\u0105dania poprawiania danych osobowych \u2013 w przypadku gdy dane s\u0105 nieprawid\u0142owe lub niekompletne; <br \/>c) prawo do \u017c\u0105dania usuni\u0119cia danych osobowych (tzw. prawo do bycia zapomnianym), w przypadku gdy: <br \/>&#8211; dane nie s\u0105 ju\u017c niezb\u0119dne do cel\u00f3w, dla kt\u00f3rych by\u0142y zebrane lub w inny spos\u00f3b przetwarzane,<br \/>&#8211; osoba, kt\u00f3rej dane dotycz\u0105, wnios\u0142a sprzeciw wobec przetwarzania danych osobowych,<br \/>&#8211; osoba, kt\u00f3rej dane dotycz\u0105 wycofa\u0142a zgod\u0119 na przetwarzanie danych osobowych, kt\u00f3ra jest podstaw\u0105 przetwarzania danych i nie ma innej podstawy prawnej przetwarzania danych,<br \/>&#8211; dane osobowe przetwarzane s\u0105 niezgodnie z prawem,<br \/>&#8211; dane osobowe musz\u0105 by\u0107 usuni\u0119te w celu wywi\u0105zania si\u0119 z obowi\u0105zku wynikaj\u0105cego z przepis\u00f3w prawa;<br \/>d) prawo do \u017c\u0105dania ograniczenia przetwarzania danych osobowych \u2013 w przypadku, gdy: &#8211; osoba, kt\u00f3rej dane dotycz\u0105 kwestionuje prawid\u0142owo\u015b\u0107 danych osobowych,<br \/>&#8211; przetwarzanie danych jest niezgodne z prawem, a osoba, kt\u00f3rej dane dotycz\u0105, sprzeciwia si\u0119 usuni\u0119ciu danych, \u017c\u0105daj\u0105c w zamian ich ograniczenia,<br \/>&#8211; Administrator nie potrzebuje ju\u017c danych dla swoich cel\u00f3w, ale osoba, kt\u00f3rej dane dotycz\u0105, potrzebuje ich do ustalenia, obrony lub dochodzenia roszcze\u0144,<br \/>&#8211; osoba, kt\u00f3rej dane dotycz\u0105, wnios\u0142a sprzeciw wobec przetwarzania danych, do czasu ustalenia czy prawnie uzasadnione podstawy po stronie administratora s\u0105 nadrz\u0119dne wobec podstawy sprzeciwu;<br \/>e) prawo do przenoszenia danych \u2013 w przypadku gdy \u0142\u0105cznie spe\u0142nione s\u0105 nast\u0119puj\u0105ce przes\u0142anki:<br \/>&#8211; przetwarzanie danych odbywa si\u0119 na podstawie umowy zawartej z osob\u0105, kt\u00f3rej dane dotycz\u0105 lub na podstawie zgody wyra\u017conej przez t\u0105 osob\u0119,<br \/>&#8211; przetwarzanie odbywa si\u0119 w spos\u00f3b zautomatyzowany;<br \/>f) prawo sprzeciwu wobec przetwarzania danych \u2013 w przypadku gdy \u0142\u0105cznie spe\u0142nione s\u0105 nast\u0119puj\u0105ce przes\u0142anki:<br \/>&#8211; zaistniej\u0105 przyczyny zwi\u0105zane z Pani\/Pana szczeg\u00f3ln\u0105 sytuacj\u0105, w przypadku przetwarzania danych na podstawie zadania realizowanego w interesie publicznym lub w ramach sprawowania w\u0142adzy publicznej przez Administratora,<br \/>&#8211; przetwarzanie jest niezb\u0119dne do cel\u00f3w wynikaj\u0105cych z prawnie uzasadnionych interes\u00f3w realizowanych przez Administratora lub przez stron\u0119 trzeci\u0105, z wyj\u0105tkiem sytuacji, w kt\u00f3rych nadrz\u0119dny charakter wobec tych interes\u00f3w maj\u0105 interesy lub podstawowe prawa i wolno\u015bci osoby, kt\u00f3rej dane dotycz\u0105, wymagaj\u0105ce ochrony danych osobowych, w szczeg\u00f3lno\u015bci gdy osoba, kt\u00f3rej dane dotycz\u0105 jest dzieckiem.<br \/>8. W przypadku gdy przetwarzanie danych osobowych odbywa si\u0119 na podstawie zgody osoby na przetwarzanie danych osobowych (art. 6 ust. 1 lit a RODO), przys\u0142uguje Pani\/Panu prawo do cofni\u0119cia tej zgody w dowolnym momencie. Cofni\u0119cie to nie ma wp\u0142ywu na zgodno\u015b\u0107 przetwarzania, kt\u00f3rego dokonano na podstawie zgody przed jej cofni\u0119ciem, z obowi\u0105zuj\u0105cym praw<br \/>9. W przypadku powzi\u0119cia informacji o niezgodnym z prawem przetwarzaniu w Zespole Szkolno \u2013 Przedszkolnym w Mesznej Pani\/Pana danych osobowych, przys\u0142uguje Pani\/Panu prawo wniesienia skargi do organu nadzorczego w\u0142a\u015bciwego w sprawach ochrony danych osobowych.<br \/>10. W sytuacji, gdy przetwarzanie danych osobowych odbywa si\u0119 na podstawie zgody osoby, kt\u00f3rej dane dotycz\u0105, podanie przez Pani\u0105\/Pana danych osobowych Administratorowi Danych Osobowych ma charakter dobrowolny.<br \/>11. Podanie przez Pani\u0105\/Pana danych osobowych jest obowi\u0105zkowe, w sytuacji gdy przes\u0142ank\u0119 przetwarzania danych osobowych stanowi przepis prawa lub zawarta mi\u0119dzy stronami umowa.<br \/>12. Pani\/Pana dane mog\u0105 by\u0107 przetwarzane w spos\u00f3b zautomatyzowany i nie b\u0119d\u0105 profilowane.<\/p>\n","protected":false},"excerpt":{"rendered":"<p>Polityka prywatno\u015bci KLAUZULA INFORMACYJNA O PRZETWARZANIU DANYCH OSOBOWYCH Maj\u0105c na uwadze realizacj\u0119 wymog\u00f3w Rozporz\u0105dzenia Parlamentu Europejskiego i Rady (UE) 2016\/679 z dnia 27 kwietnia 2016 r. w sprawie ochrony os\u00f3b fizycznych w zwi\u0105zku z przetwarzaniem danych osobowych i w sprawie swobodnego przep\u0142ywu takich danych oraz uchylenia dyrektywy 95\/46\/WE (og\u00f3lne rozporz\u0105dzenie o ochronie danych) \u2013 RODO, [&hellip;]<\/p>\n","protected":false},"author":1,"featured_media":0,"parent":0,"menu_order":0,"comment_status":"closed","ping_status":"closed","template":"","meta":{"footnotes":""},"class_list":["post-24","page","type-page","status-publish","hentry"],"_links":{"self":[{"href":"https:\/\/zspmeszna.edu.pl\/szkola\/index.php?rest_route=\/wp\/v2\/pages\/24","targetHints":{"allow":["GET"]}}],"collection":[{"href":"https:\/\/zspmeszna.edu.pl\/szkola\/index.php?rest_route=\/wp\/v2\/pages"}],"about":[{"href":"https:\/\/zspmeszna.edu.pl\/szkola\/index.php?rest_route=\/wp\/v2\/types\/page"}],"author":[{"embeddable":true,"href":"https:\/\/zspmeszna.edu.pl\/szkola\/index.php?rest_route=\/wp\/v2\/users\/1"}],"replies":[{"embeddable":true,"href":"https:\/\/zspmeszna.edu.pl\/szkola\/index.php?rest_route=%2Fwp%2Fv2%2Fcomments&post=24"}],"version-history":[{"count":3,"href":"https:\/\/zspmeszna.edu.pl\/szkola\/index.php?rest_route=\/wp\/v2\/pages\/24\/revisions"}],"predecessor-version":[{"id":273,"href":"https:\/\/zspmeszna.edu.pl\/szkola\/index.php?rest_route=\/wp\/v2\/pages\/24\/revisions\/273"}],"wp:attachment":[{"href":"https:\/\/zspmeszna.edu.pl\/szkola\/index.php?rest_route=%2Fwp%2Fv2%2Fmedia&parent=24"}],"curies":[{"name":"wp","href":"https:\/\/api.w.org\/{rel}","templated":true}]}}