{"id":2400,"date":"2026-03-09T13:33:34","date_gmt":"2026-03-09T13:33:34","guid":{"rendered":"https:\/\/zspmeszna.edu.pl\/szkola\/?page_id=2400"},"modified":"2026-04-10T10:37:03","modified_gmt":"2026-04-10T10:37:03","slug":"marzec-w-swietlicy","status":"publish","type":"page","link":"https:\/\/zspmeszna.edu.pl\/szkola\/?page_id=2400","title":{"rendered":"Marzec w \u015bwietlicy"},"content":{"rendered":"<p>\ud83c\udf3c Marzec w \u015bwietlicy szkolnej \ud83c\udf3c<\/p>\n<p>Po powrocie z ferii przywita\u0142a nas pi\u0119kna pogoda \u2600\ufe0f, dlatego ch\u0119tnie sp\u0119dzali\u015bmy czas na \u015bwie\u017cym powietrzu, bawi\u0105c si\u0119 na placu zabaw i rozwijaj\u0105c nasz\u0105 sprawno\u015b\u0107 ruchow\u0105 \ud83c\udfc3\u200d\u2640\ufe0f\ud83c\udfc3\u200d\u2642\ufe0f W marcu nie zabrak\u0142o te\u017c wa\u017cnych temat\u00f3w \ud83d\udc90 Z okazji Dnia Kobiet dzieci przygotowa\u0142y pi\u0119kne laurki i drobne upominki \ud83c\udf81 Nast\u0119pnie powitali\u015bmy wiosn\u0119 \ud83c\udf37, tworz\u0105c kolorowe prace plastyczne pe\u0142ne rado\u015bci i kreatywno\u015bci \ud83c\udfa8 Pod koniec miesi\u0105ca skupili\u015bmy si\u0119 na \u015awi\u0119tach Wielkanocnych \ud83d\udc23 Dzieci rozwi\u0105zywa\u0142y \u0142amig\u0142\u00f3wki, a tak\u017ce wykona\u0142y przepi\u0119kne pisanki \ud83e\udd5a\u2728 W mi\u0119dzyczasie odbywa\u0142y si\u0119 r\u00f3wnie\u017c r\u00f3\u017cnorodne zaj\u0119cia rozwijaj\u0105ce \ud83d\udcda\ud83c\udfb6\ud83c\uddec\ud83c\udde7 \u2013 j\u0119zyk angielski, zaj\u0119cia muzyczne i czytelnicze, kt\u00f3re wspiera\u0142y rozw\u00f3j kluczowych umiej\u0119tno\u015bci naszych uczni\u00f3w \ud83e\udd1d\ud83d\udca1 To by\u0142 bardzo aktywny i radosny miesi\u0105c! \ud83d\ude0a<\/p>\n<p><img loading=\"lazy\" decoding=\"async\" class=\"alignnone size-large wp-image-2484\" src=\"https:\/\/zspmeszna.edu.pl\/szkola\/wp-content\/uploads\/2026\/04\/att.VIcjE1i8ApmEL8aKM0JgsWLuK1BUH-Df2Aa3uT2n_hw-1024x1024.jpg\" alt=\"\" width=\"640\" height=\"640\" srcset=\"https:\/\/zspmeszna.edu.pl\/szkola\/wp-content\/uploads\/2026\/04\/att.VIcjE1i8ApmEL8aKM0JgsWLuK1BUH-Df2Aa3uT2n_hw-1024x1024.jpg 1024w, https:\/\/zspmeszna.edu.pl\/szkola\/wp-content\/uploads\/2026\/04\/att.VIcjE1i8ApmEL8aKM0JgsWLuK1BUH-Df2Aa3uT2n_hw-300x300.jpg 300w, https:\/\/zspmeszna.edu.pl\/szkola\/wp-content\/uploads\/2026\/04\/att.VIcjE1i8ApmEL8aKM0JgsWLuK1BUH-Df2Aa3uT2n_hw-150x150.jpg 150w, https:\/\/zspmeszna.edu.pl\/szkola\/wp-content\/uploads\/2026\/04\/att.VIcjE1i8ApmEL8aKM0JgsWLuK1BUH-Df2Aa3uT2n_hw-768x768.jpg 768w, https:\/\/zspmeszna.edu.pl\/szkola\/wp-content\/uploads\/2026\/04\/att.VIcjE1i8ApmEL8aKM0JgsWLuK1BUH-Df2Aa3uT2n_hw-1536x1536.jpg 1536w, https:\/\/zspmeszna.edu.pl\/szkola\/wp-content\/uploads\/2026\/04\/att.VIcjE1i8ApmEL8aKM0JgsWLuK1BUH-Df2Aa3uT2n_hw-600x600.jpg 600w, https:\/\/zspmeszna.edu.pl\/szkola\/wp-content\/uploads\/2026\/04\/att.VIcjE1i8ApmEL8aKM0JgsWLuK1BUH-Df2Aa3uT2n_hw.jpg 2048w\" sizes=\"auto, (max-width: 640px) 100vw, 640px\" \/> <img loading=\"lazy\" decoding=\"async\" class=\"alignnone size-large wp-image-2485\" src=\"https:\/\/zspmeszna.edu.pl\/szkola\/wp-content\/uploads\/2026\/04\/att.cDv8e_sxzoRfUIW3n0vQiviXgtDWFjoZIDfTmEm0kCo-1024x1024.jpg\" alt=\"\" width=\"640\" height=\"640\" srcset=\"https:\/\/zspmeszna.edu.pl\/szkola\/wp-content\/uploads\/2026\/04\/att.cDv8e_sxzoRfUIW3n0vQiviXgtDWFjoZIDfTmEm0kCo-1024x1024.jpg 1024w, https:\/\/zspmeszna.edu.pl\/szkola\/wp-content\/uploads\/2026\/04\/att.cDv8e_sxzoRfUIW3n0vQiviXgtDWFjoZIDfTmEm0kCo-300x300.jpg 300w, https:\/\/zspmeszna.edu.pl\/szkola\/wp-content\/uploads\/2026\/04\/att.cDv8e_sxzoRfUIW3n0vQiviXgtDWFjoZIDfTmEm0kCo-150x150.jpg 150w, https:\/\/zspmeszna.edu.pl\/szkola\/wp-content\/uploads\/2026\/04\/att.cDv8e_sxzoRfUIW3n0vQiviXgtDWFjoZIDfTmEm0kCo-768x768.jpg 768w, https:\/\/zspmeszna.edu.pl\/szkola\/wp-content\/uploads\/2026\/04\/att.cDv8e_sxzoRfUIW3n0vQiviXgtDWFjoZIDfTmEm0kCo-1536x1536.jpg 1536w, https:\/\/zspmeszna.edu.pl\/szkola\/wp-content\/uploads\/2026\/04\/att.cDv8e_sxzoRfUIW3n0vQiviXgtDWFjoZIDfTmEm0kCo-600x600.jpg 600w, https:\/\/zspmeszna.edu.pl\/szkola\/wp-content\/uploads\/2026\/04\/att.cDv8e_sxzoRfUIW3n0vQiviXgtDWFjoZIDfTmEm0kCo.jpg 2048w\" sizes=\"auto, (max-width: 640px) 100vw, 640px\" \/><\/p>\n","protected":false},"excerpt":{"rendered":"<p>\ud83c\udf3c Marzec w \u015bwietlicy szkolnej \ud83c\udf3c Po powrocie z ferii przywita\u0142a nas pi\u0119kna pogoda \u2600\ufe0f, dlatego ch\u0119tnie sp\u0119dzali\u015bmy czas na \u015bwie\u017cym powietrzu, bawi\u0105c si\u0119 na placu zabaw i rozwijaj\u0105c nasz\u0105 sprawno\u015b\u0107 ruchow\u0105 \ud83c\udfc3\u200d\u2640\ufe0f\ud83c\udfc3\u200d\u2642\ufe0f W marcu nie zabrak\u0142o te\u017c wa\u017cnych temat\u00f3w \ud83d\udc90 Z okazji Dnia Kobiet dzieci przygotowa\u0142y pi\u0119kne laurki i drobne upominki \ud83c\udf81 Nast\u0119pnie powitali\u015bmy [&hellip;]<\/p>\n","protected":false},"author":1,"featured_media":0,"parent":0,"menu_order":0,"comment_status":"closed","ping_status":"closed","template":"","meta":{"footnotes":""},"class_list":["post-2400","page","type-page","status-publish","hentry"],"_links":{"self":[{"href":"https:\/\/zspmeszna.edu.pl\/szkola\/index.php?rest_route=\/wp\/v2\/pages\/2400","targetHints":{"allow":["GET"]}}],"collection":[{"href":"https:\/\/zspmeszna.edu.pl\/szkola\/index.php?rest_route=\/wp\/v2\/pages"}],"about":[{"href":"https:\/\/zspmeszna.edu.pl\/szkola\/index.php?rest_route=\/wp\/v2\/types\/page"}],"author":[{"embeddable":true,"href":"https:\/\/zspmeszna.edu.pl\/szkola\/index.php?rest_route=\/wp\/v2\/users\/1"}],"replies":[{"embeddable":true,"href":"https:\/\/zspmeszna.edu.pl\/szkola\/index.php?rest_route=%2Fwp%2Fv2%2Fcomments&post=2400"}],"version-history":[{"count":3,"href":"https:\/\/zspmeszna.edu.pl\/szkola\/index.php?rest_route=\/wp\/v2\/pages\/2400\/revisions"}],"predecessor-version":[{"id":2487,"href":"https:\/\/zspmeszna.edu.pl\/szkola\/index.php?rest_route=\/wp\/v2\/pages\/2400\/revisions\/2487"}],"wp:attachment":[{"href":"https:\/\/zspmeszna.edu.pl\/szkola\/index.php?rest_route=%2Fwp%2Fv2%2Fmedia&parent=2400"}],"curies":[{"name":"wp","href":"https:\/\/api.w.org\/{rel}","templated":true}]}}