{"id":85,"date":"2024-10-24T19:46:43","date_gmt":"2024-10-24T19:46:43","guid":{"rendered":"https:\/\/zspmeszna.edu.pl\/szkola\/?page_id=85"},"modified":"2025-09-17T07:58:33","modified_gmt":"2025-09-17T07:58:33","slug":"rada-rodzicow","status":"publish","type":"page","link":"https:\/\/zspmeszna.edu.pl\/szkola\/?page_id=85","title":{"rendered":"Rada Rodzic\u00f3w"},"content":{"rendered":"\r\n<p>S<strong>K\u0141AD RADY RODZIC\u00d3W SZKO\u0141Y PODSTAWOWEJ:<\/strong><\/p>\r\n\r\n\r\n\r\n<p>Przewodnicz\u0105ca \u2013 p. Jolanta Kajstura<\/p>\r\n\r\n\r\n\r\n<p>Zast\u0119pca \u2013 p. Agnieszka Moszczy\u0144ska<\/p>\r\n\r\n\r\n\r\n<p>Skarbnik \u2013 p. Agnieszka \u0141yczba<\/p>\r\n\r\n\r\n\r\n<p>Sekretarz \u2013 p. Izabela Szczutowska<\/p>\r\n\r\n\r\n<hr class=\"wp-block-separator has-alpha-channel-opacity\" \/>\r\n\r\n\r\n<p><strong><u>Numer konta Rady Rodzic\u00f3w<\/u><\/strong><\/p>\r\n\r\n\r\n\r\n<p>Bank Sp\u00f3\u0142dzielczy Bystra &#8211; konto nr: <strong>19 8133 0003 0003 0658 2000 0001<\/strong><\/p>\r\n\r\n\r\n\r\n<p>Wysoko\u015b\u0107 sk\u0142adki na <strong>Rad\u0119 Rodzic\u00f3w Szko\u0142y<\/strong> w roku szkolnym 2025\/2026:<\/p>\r\n\r\n\r\n\r\n<p>\u2013 pierwsze dziecko w szkole \u2013 100 z\u0142.<\/p>\r\n\r\n\r\n\r\n<p>\u2013 drugie dziecko w szkole \u2013 70 z\u0142<\/p>\r\n\r\n\r\n\r\n<p>\u2013 trzecie dziecko w szkole \u2013 40 z\u0142<\/p>\r\n\r\n\r\n\r\n<p>\u2013 ka\u017cde kolejne dziecko w szkole \u2013 nie p\u0142aci.<\/p>\r\n\r\n\r\n\r\n<p>W tytule przelewu nale\u017cy wpisa\u0107 imi\u0119 i nazwisko dziecka oraz klas\u0119 (mo\u017cna dopisa\u0107 czy to sk\u0142adka za pierwsze czy drugie czy trzecie dziecko).<\/p>\r\n","protected":false},"excerpt":{"rendered":"<p>SK\u0141AD RADY RODZIC\u00d3W SZKO\u0141Y PODSTAWOWEJ: Przewodnicz\u0105ca \u2013 p. Jolanta Kajstura Zast\u0119pca \u2013 p. Agnieszka Moszczy\u0144ska Skarbnik \u2013 p. Agnieszka \u0141yczba Sekretarz \u2013 p. Izabela Szczutowska Numer konta Rady Rodzic\u00f3w Bank Sp\u00f3\u0142dzielczy Bystra &#8211; konto nr: 19 8133 0003 0003 0658 2000 0001 Wysoko\u015b\u0107 sk\u0142adki na Rad\u0119 Rodzic\u00f3w Szko\u0142y w roku szkolnym 2025\/2026: \u2013 pierwsze dziecko [&hellip;]<\/p>\n","protected":false},"author":1,"featured_media":0,"parent":0,"menu_order":0,"comment_status":"closed","ping_status":"closed","template":"","meta":{"footnotes":""},"class_list":["post-85","page","type-page","status-publish","hentry"],"_links":{"self":[{"href":"https:\/\/zspmeszna.edu.pl\/szkola\/index.php?rest_route=\/wp\/v2\/pages\/85","targetHints":{"allow":["GET"]}}],"collection":[{"href":"https:\/\/zspmeszna.edu.pl\/szkola\/index.php?rest_route=\/wp\/v2\/pages"}],"about":[{"href":"https:\/\/zspmeszna.edu.pl\/szkola\/index.php?rest_route=\/wp\/v2\/types\/page"}],"author":[{"embeddable":true,"href":"https:\/\/zspmeszna.edu.pl\/szkola\/index.php?rest_route=\/wp\/v2\/users\/1"}],"replies":[{"embeddable":true,"href":"https:\/\/zspmeszna.edu.pl\/szkola\/index.php?rest_route=%2Fwp%2Fv2%2Fcomments&post=85"}],"version-history":[{"count":3,"href":"https:\/\/zspmeszna.edu.pl\/szkola\/index.php?rest_route=\/wp\/v2\/pages\/85\/revisions"}],"predecessor-version":[{"id":1866,"href":"https:\/\/zspmeszna.edu.pl\/szkola\/index.php?rest_route=\/wp\/v2\/pages\/85\/revisions\/1866"}],"wp:attachment":[{"href":"https:\/\/zspmeszna.edu.pl\/szkola\/index.php?rest_route=%2Fwp%2Fv2%2Fmedia&parent=85"}],"curies":[{"name":"wp","href":"https:\/\/api.w.org\/{rel}","templated":true}]}}