{"id":915,"date":"2025-01-08T21:16:50","date_gmt":"2025-01-08T21:16:50","guid":{"rendered":"https:\/\/zspmeszna.edu.pl\/szkola\/?page_id=915"},"modified":"2025-01-08T22:46:35","modified_gmt":"2025-01-08T22:46:35","slug":"edukacja-przez-szachy","status":"publish","type":"page","link":"https:\/\/zspmeszna.edu.pl\/szkola\/?page_id=915","title":{"rendered":"Edukacja przez szachy"},"content":{"rendered":"<p><strong>Edukacja przez szachy<\/strong><\/p>\n<p style=\"text-align: justify;\"><strong>Zaj\u0119cia Og\u00f3lnopolskiego Projektu Polskiego Zwi\u0105zku Szachowego \u201eEdukacja przez Szachy w Szkole\u201d w roku szkolnym 2024\/2025.<\/strong><\/p>\n<p style=\"text-align: justify;\">\u00a0\u00a0\u00a0 W roku szkolnym 2024\/2025 do projektu \u201eEdukacja przez szachy w szkole\u201d do\u0142\u0105czy\u0142a klasa IIa p.Kamili Bator-Krawcow i klasa IIb p. Moniki \u0141o\u015b-D\u0105browskiej. Klasy trzecie kontynuuj\u0105 projekt, kt\u00f3ry rozpocz\u0119li w poprzednim roku szkolnym.<\/p>\n<p style=\"text-align: justify;\">\u00a0Pocz\u0105tkuj\u0105cy szachi\u015bci realizuj\u0105 tematyk\u0119 Szachowej Krainy poznaj\u0105c poszczeg\u00f3lne figury szachowe. W oparciu o wiersze rymowane, ilustracje oraz diagramy ucz\u0105 si\u0119 poruszania bierkami na szachownicy. Ju\u017c na tym etapie dzieci potrafi\u0105 prawid\u0142owo porusza\u0107 figurami, ustawia\u0107 bierki w pozycji wyj\u015bciowej. Wiedz\u0105, czym jest \u201epromocja pionka\u201d oraz przedstawiaj\u0105 poznane wiadomo\u015bci na szachownicy.<\/p>\n<p style=\"text-align: justify;\">Uczniowie klas trzecich, kt\u00f3rzy kontynuuj\u0105 udzia\u0142 w programie \u00a0realizuj\u0105 tematy zwi\u0105zane z matowaniem, aby motywy te prawid\u0142owo wykorzysta\u0107 w partii i zespo\u0142owo w grze dru\u017cynowej na dywanie szachowym. Ucz\u0105 si\u0119 wsp\u00f3lnie podejmowa\u0107 decyzje dotycz\u0105ce utrzymania przewagi w grze.<\/p>\n<p>&nbsp;<\/p>\n<div id='gallery-1' class='gallery galleryid-915 gallery-columns-2 gallery-size-large'><figure class='gallery-item'>\n\t\t\t<div class='gallery-icon landscape'>\n\t\t\t\t<a href='https:\/\/zspmeszna.edu.pl\/szkola\/?attachment_id=936' data-lbwps-gid=\"2\"><img loading=\"lazy\" decoding=\"async\" width=\"640\" height=\"359\" src=\"https:\/\/zspmeszna.edu.pl\/szkola\/wp-content\/uploads\/2025\/01\/2.jpg\" class=\"attachment-large size-large\" alt=\"\" srcset=\"https:\/\/zspmeszna.edu.pl\/szkola\/wp-content\/uploads\/2025\/01\/2.jpg 800w, https:\/\/zspmeszna.edu.pl\/szkola\/wp-content\/uploads\/2025\/01\/2-300x168.jpg 300w, https:\/\/zspmeszna.edu.pl\/szkola\/wp-content\/uploads\/2025\/01\/2-768x432.jpg 768w, https:\/\/zspmeszna.edu.pl\/szkola\/wp-content\/uploads\/2025\/01\/2-600x337.jpg 600w\" sizes=\"auto, (max-width: 640px) 100vw, 640px\" \/><\/a>\n\t\t\t<\/div><\/figure><figure class='gallery-item'>\n\t\t\t<div class='gallery-icon landscape'>\n\t\t\t\t<a href='https:\/\/zspmeszna.edu.pl\/szkola\/?attachment_id=937' data-lbwps-gid=\"2\"><img loading=\"lazy\" decoding=\"async\" width=\"640\" height=\"359\" src=\"https:\/\/zspmeszna.edu.pl\/szkola\/wp-content\/uploads\/2025\/01\/3.jpg\" class=\"attachment-large size-large\" alt=\"\" srcset=\"https:\/\/zspmeszna.edu.pl\/szkola\/wp-content\/uploads\/2025\/01\/3.jpg 800w, https:\/\/zspmeszna.edu.pl\/szkola\/wp-content\/uploads\/2025\/01\/3-300x168.jpg 300w, https:\/\/zspmeszna.edu.pl\/szkola\/wp-content\/uploads\/2025\/01\/3-768x432.jpg 768w, https:\/\/zspmeszna.edu.pl\/szkola\/wp-content\/uploads\/2025\/01\/3-600x337.jpg 600w\" sizes=\"auto, (max-width: 640px) 100vw, 640px\" \/><\/a>\n\t\t\t<\/div><\/figure><figure class='gallery-item'>\n\t\t\t<div class='gallery-icon landscape'>\n\t\t\t\t<a href='https:\/\/zspmeszna.edu.pl\/szkola\/?attachment_id=938' data-lbwps-gid=\"2\"><img loading=\"lazy\" decoding=\"async\" width=\"640\" height=\"359\" src=\"https:\/\/zspmeszna.edu.pl\/szkola\/wp-content\/uploads\/2025\/01\/4.jpg\" class=\"attachment-large size-large\" alt=\"\" srcset=\"https:\/\/zspmeszna.edu.pl\/szkola\/wp-content\/uploads\/2025\/01\/4.jpg 800w, https:\/\/zspmeszna.edu.pl\/szkola\/wp-content\/uploads\/2025\/01\/4-300x168.jpg 300w, https:\/\/zspmeszna.edu.pl\/szkola\/wp-content\/uploads\/2025\/01\/4-768x432.jpg 768w, https:\/\/zspmeszna.edu.pl\/szkola\/wp-content\/uploads\/2025\/01\/4-600x337.jpg 600w\" sizes=\"auto, (max-width: 640px) 100vw, 640px\" \/><\/a>\n\t\t\t<\/div><\/figure><figure class='gallery-item'>\n\t\t\t<div class='gallery-icon landscape'>\n\t\t\t\t<a href='https:\/\/zspmeszna.edu.pl\/szkola\/?attachment_id=939' data-lbwps-gid=\"2\"><img loading=\"lazy\" decoding=\"async\" width=\"640\" height=\"359\" src=\"https:\/\/zspmeszna.edu.pl\/szkola\/wp-content\/uploads\/2025\/01\/5.jpg\" class=\"attachment-large size-large\" alt=\"\" srcset=\"https:\/\/zspmeszna.edu.pl\/szkola\/wp-content\/uploads\/2025\/01\/5.jpg 800w, https:\/\/zspmeszna.edu.pl\/szkola\/wp-content\/uploads\/2025\/01\/5-300x168.jpg 300w, https:\/\/zspmeszna.edu.pl\/szkola\/wp-content\/uploads\/2025\/01\/5-768x432.jpg 768w, https:\/\/zspmeszna.edu.pl\/szkola\/wp-content\/uploads\/2025\/01\/5-600x337.jpg 600w\" sizes=\"auto, (max-width: 640px) 100vw, 640px\" \/><\/a>\n\t\t\t<\/div><\/figure><figure class='gallery-item'>\n\t\t\t<div class='gallery-icon landscape'>\n\t\t\t\t<a href='https:\/\/zspmeszna.edu.pl\/szkola\/?attachment_id=940' data-lbwps-gid=\"2\"><img loading=\"lazy\" decoding=\"async\" width=\"640\" height=\"359\" src=\"https:\/\/zspmeszna.edu.pl\/szkola\/wp-content\/uploads\/2025\/01\/6.jpg\" class=\"attachment-large size-large\" alt=\"\" srcset=\"https:\/\/zspmeszna.edu.pl\/szkola\/wp-content\/uploads\/2025\/01\/6.jpg 800w, https:\/\/zspmeszna.edu.pl\/szkola\/wp-content\/uploads\/2025\/01\/6-300x168.jpg 300w, https:\/\/zspmeszna.edu.pl\/szkola\/wp-content\/uploads\/2025\/01\/6-768x432.jpg 768w, https:\/\/zspmeszna.edu.pl\/szkola\/wp-content\/uploads\/2025\/01\/6-600x337.jpg 600w\" sizes=\"auto, (max-width: 640px) 100vw, 640px\" \/><\/a>\n\t\t\t<\/div><\/figure><figure class='gallery-item'>\n\t\t\t<div class='gallery-icon landscape'>\n\t\t\t\t<a href='https:\/\/zspmeszna.edu.pl\/szkola\/?attachment_id=944' data-lbwps-gid=\"2\"><img loading=\"lazy\" decoding=\"async\" width=\"640\" height=\"359\" src=\"https:\/\/zspmeszna.edu.pl\/szkola\/wp-content\/uploads\/2025\/01\/10.jpg\" class=\"attachment-large size-large\" alt=\"\" srcset=\"https:\/\/zspmeszna.edu.pl\/szkola\/wp-content\/uploads\/2025\/01\/10.jpg 800w, https:\/\/zspmeszna.edu.pl\/szkola\/wp-content\/uploads\/2025\/01\/10-300x168.jpg 300w, https:\/\/zspmeszna.edu.pl\/szkola\/wp-content\/uploads\/2025\/01\/10-768x432.jpg 768w, https:\/\/zspmeszna.edu.pl\/szkola\/wp-content\/uploads\/2025\/01\/10-600x337.jpg 600w\" sizes=\"auto, (max-width: 640px) 100vw, 640px\" \/><\/a>\n\t\t\t<\/div><\/figure><figure class='gallery-item'>\n\t\t\t<div class='gallery-icon portrait'>\n\t\t\t\t<a href='https:\/\/zspmeszna.edu.pl\/szkola\/?attachment_id=941' data-lbwps-gid=\"2\"><img loading=\"lazy\" decoding=\"async\" width=\"575\" height=\"1024\" src=\"https:\/\/zspmeszna.edu.pl\/szkola\/wp-content\/uploads\/2025\/01\/7-575x1024.jpg\" class=\"attachment-large size-large\" alt=\"\" srcset=\"https:\/\/zspmeszna.edu.pl\/szkola\/wp-content\/uploads\/2025\/01\/7-575x1024.jpg 575w, https:\/\/zspmeszna.edu.pl\/szkola\/wp-content\/uploads\/2025\/01\/7-169x300.jpg 169w, https:\/\/zspmeszna.edu.pl\/szkola\/wp-content\/uploads\/2025\/01\/7.jpg 600w\" sizes=\"auto, (max-width: 575px) 100vw, 575px\" \/><\/a>\n\t\t\t<\/div><\/figure><figure class='gallery-item'>\n\t\t\t<div class='gallery-icon portrait'>\n\t\t\t\t<a href='https:\/\/zspmeszna.edu.pl\/szkola\/?attachment_id=942' data-lbwps-gid=\"2\"><img loading=\"lazy\" decoding=\"async\" width=\"575\" height=\"1024\" src=\"https:\/\/zspmeszna.edu.pl\/szkola\/wp-content\/uploads\/2025\/01\/8-575x1024.jpg\" class=\"attachment-large size-large\" alt=\"\" srcset=\"https:\/\/zspmeszna.edu.pl\/szkola\/wp-content\/uploads\/2025\/01\/8-575x1024.jpg 575w, https:\/\/zspmeszna.edu.pl\/szkola\/wp-content\/uploads\/2025\/01\/8-169x300.jpg 169w, https:\/\/zspmeszna.edu.pl\/szkola\/wp-content\/uploads\/2025\/01\/8.jpg 600w\" sizes=\"auto, (max-width: 575px) 100vw, 575px\" \/><\/a>\n\t\t\t<\/div><\/figure><figure class='gallery-item'>\n\t\t\t<div class='gallery-icon portrait'>\n\t\t\t\t<a href='https:\/\/zspmeszna.edu.pl\/szkola\/?attachment_id=943' data-lbwps-gid=\"2\"><img loading=\"lazy\" decoding=\"async\" width=\"575\" height=\"1024\" src=\"https:\/\/zspmeszna.edu.pl\/szkola\/wp-content\/uploads\/2025\/01\/9-575x1024.jpg\" class=\"attachment-large size-large\" alt=\"\" srcset=\"https:\/\/zspmeszna.edu.pl\/szkola\/wp-content\/uploads\/2025\/01\/9-575x1024.jpg 575w, https:\/\/zspmeszna.edu.pl\/szkola\/wp-content\/uploads\/2025\/01\/9-169x300.jpg 169w, https:\/\/zspmeszna.edu.pl\/szkola\/wp-content\/uploads\/2025\/01\/9.jpg 600w\" sizes=\"auto, (max-width: 575px) 100vw, 575px\" \/><\/a>\n\t\t\t<\/div><\/figure><figure class='gallery-item'>\n\t\t\t<div class='gallery-icon portrait'>\n\t\t\t\t<a href='https:\/\/zspmeszna.edu.pl\/szkola\/?attachment_id=935' data-lbwps-gid=\"2\"><img loading=\"lazy\" decoding=\"async\" width=\"575\" height=\"1024\" src=\"https:\/\/zspmeszna.edu.pl\/szkola\/wp-content\/uploads\/2025\/01\/1-575x1024.jpg\" class=\"attachment-large size-large\" alt=\"\" srcset=\"https:\/\/zspmeszna.edu.pl\/szkola\/wp-content\/uploads\/2025\/01\/1-575x1024.jpg 575w, https:\/\/zspmeszna.edu.pl\/szkola\/wp-content\/uploads\/2025\/01\/1-169x300.jpg 169w, https:\/\/zspmeszna.edu.pl\/szkola\/wp-content\/uploads\/2025\/01\/1.jpg 600w\" sizes=\"auto, (max-width: 575px) 100vw, 575px\" \/><\/a>\n\t\t\t<\/div><\/figure><figure class='gallery-item'>\n\t\t\t<div class='gallery-icon portrait'>\n\t\t\t\t<a href='https:\/\/zspmeszna.edu.pl\/szkola\/?attachment_id=945' data-lbwps-gid=\"2\"><img loading=\"lazy\" decoding=\"async\" width=\"575\" height=\"1024\" src=\"https:\/\/zspmeszna.edu.pl\/szkola\/wp-content\/uploads\/2025\/01\/11-575x1024.jpg\" class=\"attachment-large size-large\" alt=\"\" srcset=\"https:\/\/zspmeszna.edu.pl\/szkola\/wp-content\/uploads\/2025\/01\/11-575x1024.jpg 575w, https:\/\/zspmeszna.edu.pl\/szkola\/wp-content\/uploads\/2025\/01\/11-169x300.jpg 169w, https:\/\/zspmeszna.edu.pl\/szkola\/wp-content\/uploads\/2025\/01\/11.jpg 600w\" sizes=\"auto, (max-width: 575px) 100vw, 575px\" \/><\/a>\n\t\t\t<\/div><\/figure><figure class='gallery-item'>\n\t\t\t<div class='gallery-icon portrait'>\n\t\t\t\t<a href='https:\/\/zspmeszna.edu.pl\/szkola\/?attachment_id=946' data-lbwps-gid=\"2\"><img loading=\"lazy\" decoding=\"async\" width=\"575\" height=\"1024\" src=\"https:\/\/zspmeszna.edu.pl\/szkola\/wp-content\/uploads\/2025\/01\/12-575x1024.jpg\" class=\"attachment-large size-large\" alt=\"\" srcset=\"https:\/\/zspmeszna.edu.pl\/szkola\/wp-content\/uploads\/2025\/01\/12-575x1024.jpg 575w, https:\/\/zspmeszna.edu.pl\/szkola\/wp-content\/uploads\/2025\/01\/12-169x300.jpg 169w, https:\/\/zspmeszna.edu.pl\/szkola\/wp-content\/uploads\/2025\/01\/12.jpg 600w\" sizes=\"auto, (max-width: 575px) 100vw, 575px\" \/><\/a>\n\t\t\t<\/div><\/figure>\n\t\t<\/div>\n\n<p>&nbsp;<\/p>\n","protected":false},"excerpt":{"rendered":"<p>Edukacja przez szachy Zaj\u0119cia Og\u00f3lnopolskiego Projektu Polskiego Zwi\u0105zku Szachowego \u201eEdukacja przez Szachy w Szkole\u201d w roku szkolnym 2024\/2025. \u00a0\u00a0\u00a0 W roku szkolnym 2024\/2025 do projektu \u201eEdukacja przez szachy w szkole\u201d do\u0142\u0105czy\u0142a klasa IIa p.Kamili Bator-Krawcow i klasa IIb p. Moniki \u0141o\u015b-D\u0105browskiej. Klasy trzecie kontynuuj\u0105 projekt, kt\u00f3ry rozpocz\u0119li w poprzednim roku szkolnym. \u00a0Pocz\u0105tkuj\u0105cy szachi\u015bci realizuj\u0105 tematyk\u0119 [&hellip;]<\/p>\n","protected":false},"author":1,"featured_media":0,"parent":0,"menu_order":0,"comment_status":"closed","ping_status":"closed","template":"","meta":{"footnotes":""},"class_list":["post-915","page","type-page","status-publish","hentry"],"_links":{"self":[{"href":"https:\/\/zspmeszna.edu.pl\/szkola\/index.php?rest_route=\/wp\/v2\/pages\/915","targetHints":{"allow":["GET"]}}],"collection":[{"href":"https:\/\/zspmeszna.edu.pl\/szkola\/index.php?rest_route=\/wp\/v2\/pages"}],"about":[{"href":"https:\/\/zspmeszna.edu.pl\/szkola\/index.php?rest_route=\/wp\/v2\/types\/page"}],"author":[{"embeddable":true,"href":"https:\/\/zspmeszna.edu.pl\/szkola\/index.php?rest_route=\/wp\/v2\/users\/1"}],"replies":[{"embeddable":true,"href":"https:\/\/zspmeszna.edu.pl\/szkola\/index.php?rest_route=%2Fwp%2Fv2%2Fcomments&post=915"}],"version-history":[{"count":7,"href":"https:\/\/zspmeszna.edu.pl\/szkola\/index.php?rest_route=\/wp\/v2\/pages\/915\/revisions"}],"predecessor-version":[{"id":951,"href":"https:\/\/zspmeszna.edu.pl\/szkola\/index.php?rest_route=\/wp\/v2\/pages\/915\/revisions\/951"}],"wp:attachment":[{"href":"https:\/\/zspmeszna.edu.pl\/szkola\/index.php?rest_route=%2Fwp%2Fv2%2Fmedia&parent=915"}],"curies":[{"name":"wp","href":"https:\/\/api.w.org\/{rel}","templated":true}]}}