{"id":94,"date":"2024-10-24T20:11:45","date_gmt":"2024-10-24T20:11:45","guid":{"rendered":"https:\/\/zspmeszna.edu.pl\/szkola\/?page_id=94"},"modified":"2026-03-16T08:41:05","modified_gmt":"2026-03-16T08:41:05","slug":"psycholog","status":"publish","type":"page","link":"https:\/\/zspmeszna.edu.pl\/szkola\/?page_id=94","title":{"rendered":"Psycholog"},"content":{"rendered":"\r\n<p>W naszej szkole dbamy nie tylko o rozwijanie wiedzy i umiej\u0119tno\u015bci uczni\u00f3w, ale tak\u017ce o ich zdrowie emocjonalne i dobre samopoczucie. W zwi\u0105zku z tym mo\u017cna skorzysta\u0107 z pomocy psychologa szkolnego. Jest to osoba, kt\u00f3ra zawsze ch\u0119tnie pomaga uczniom w radzeniu sobie ze stresem, l\u0119kiem, problemami emocjonalnymi i innymi trudno\u015bciami, kt\u00f3re mog\u0105 wp\u0142ywa\u0107 na ich samopoczucie i nauk\u0119. Jego praca ma na celu stwarzanie w szkole pozytywnej atmosfery pomi\u0119dzy uczniami oraz nauczycielami, a tak\u017ce budowanie poprawnych relacji. Mo\u017cna uda\u0107 si\u0119 do niego, kiedy ma si\u0119 gorszy dzie\u0144, jest si\u0119 pe\u0142nym negatywnych emocji lub ma si\u0119 jaki\u015b problem, z kt\u00f3rym ci\u0119\u017cko sobie poradzi\u0107 samemu. Mo\u017cna te\u017c podzieli\u0107 si\u0119 rado\u015bci\u0105 lub sukcesem! Rozmowa z psychologiem jest obj\u0119ta tajemnic\u0105, wi\u0119c mo\u017cna porozmawia\u0107 z nim w zaufaniu. Nie przekazuje nikomu dalej uzyskanych w trakcie konsultacji informacji (wyj\u0105tek stanowi\u0105 sytuacje bezpo\u015brednio zagra\u017caj\u0105ce zdrowiu oraz bezpiecze\u0144stwu ucznia).<\/p>\r\n\r\n\r\n\r\n<p>Psycholog nie ocenia. Rozmawiaj\u0105c z uczniem o problemie, pomaga mu znale\u017a\u0107 rozwi\u0105zanie sytuacji, z kt\u00f3r\u0105 si\u0119 zg\u0142osi\u0142. Uczniowie mog\u0105 porozmawia\u0107 z nim, kiedy czuj\u0105 tak\u0105 potrzeb\u0119. <br \/>Przyk\u0142adowe sytuacje:<\/p>\r\n\r\n\r\n\r\n<ul class=\"wp-block-list\">\r\n<li><em>ch\u0119\u0107 rozwijania talent\u00f3w, diagnoza mocnych stron,<\/em><\/li>\r\n\r\n\r\n\r\n<li><em>trudno\u015bci w nauce, stres zwi\u0105zany z chodzeniem do szko\u0142y;<\/em><\/li>\r\n\r\n\r\n\r\n<li><em>problemy w kontaktach z r\u00f3wie\u015bnikami, sytuacje konfliktowe;<\/em><\/li>\r\n\r\n\r\n\r\n<li><em>poczucie bycia wykluczonym z grupy r\u00f3wie\u015bniczej;<\/em><\/li>\r\n\r\n\r\n\r\n<li><em>odczucie bycia niesprawiedliwie b\u0105d\u017a niepoprawnie traktowanym przez nauczyciela;<\/em><\/li>\r\n\r\n\r\n\r\n<li><em>trudno\u015bci w relacjach z rodzicami b\u0105d\u017a innymi bliskimi osobami;<\/em><\/li>\r\n\r\n\r\n\r\n<li><em>brak poczucia bezpiecze\u0144stwa spowodowany sytuacj\u0105 domow\u0105 lub szkoln\u0105;<\/em><\/li>\r\n\r\n\r\n\r\n<li><em>do\u015bwiadczanie przemocy;<\/em><\/li>\r\n\r\n\r\n\r\n<li><em>poczucie smutku, osamotnienia, obni\u017cenie nastroju;<\/em><\/li>\r\n\r\n\r\n\r\n<li><em>r\u00f3\u017cne inne sytuacje, w kt\u00f3rych uczniowie potrzebuj\u0105 wsparcia i pomocy.<\/em><\/li>\r\n<\/ul>\r\n\r\n\r\n\r\n<p>Psycholog szkolny pomaga tak\u017ce nauczycielom \u2013 przyk\u0142adowo w zrozumieniu trudnych sytuacji, z kt\u00f3rymi zmagaj\u0105 si\u0119 niekt\u00f3rzy uczniowie. Jest tak\u017ce mediatorem pomi\u0119dzy uczniem i nauczycielem, wspomaga w nowych formach pracy (maj\u0105cych swoje \u017ar\u00f3d\u0142o w psychologii), konsultuje trudno\u015bci uczni\u00f3w i wypracowuje odpowiednie rozwi\u0105zania dla danej sytuacji.<\/p>\r\n\r\n\r\n\r\n<p>Psycholog wsp\u00f3\u0142pracuje tak\u017ce z pozosta\u0142ymi specjalistami (logoped\u0105, nauczycielami wspomagaj\u0105cymi, pedagogiem) opracowuj\u0105c wsp\u00f3lnie programy, plany i strategie wsparcia dostosowane do indywidualnych potrzeb uczni\u00f3w.<\/p>\r\n\r\n\r\n\r\n<p>Psycholog wspiera r\u00f3wnie\u017c rodzic\u00f3w\/opiekun\u00f3w. Nakre\u015bla funkcje wychowawcze, pomaga w zrozumieniu \u015bwiata dziecka i nastolatka.<\/p>\r\n\r\n\r\n\r\n<p style=\"text-align: center;\"><strong>Zapraszamy:<\/strong><\/p>\r\n<p style=\"text-align: center;\"><strong>psycholog mgr Ewelina Kostko<\/strong><\/p>\r\n<p style=\"text-align: center;\"><strong>poniedzia\u0142ek 12:00 &#8211; 12:55 \/ 13.40 &#8211; 14:20<\/strong><\/p>\r\n<p style=\"text-align: center;\"><strong>wtorek\u00a0 6:45 &#8211; 8:00, 12:35 &#8211; 13:00<\/strong><\/p>\r\n<p style=\"text-align: center;\"><strong>\u015broda 10:30 &#8211; 11:50 \/ 12:35 &#8211; 14:00<\/strong><\/p>\r\n<p style=\"text-align: center;\"><br \/><strong>psycholog mgr Jakub Klimczy\u0144ski<\/strong><\/p>\r\n<p style=\"text-align: center;\"><strong>pi\u0105tek 10:00 \u2013 14:00<\/strong><\/p>\r\n","protected":false},"excerpt":{"rendered":"<p>W naszej szkole dbamy nie tylko o rozwijanie wiedzy i umiej\u0119tno\u015bci uczni\u00f3w, ale tak\u017ce o ich zdrowie emocjonalne i dobre samopoczucie. W zwi\u0105zku z tym mo\u017cna skorzysta\u0107 z pomocy psychologa szkolnego. Jest to osoba, kt\u00f3ra zawsze ch\u0119tnie pomaga uczniom w radzeniu sobie ze stresem, l\u0119kiem, problemami emocjonalnymi i innymi trudno\u015bciami, kt\u00f3re mog\u0105 wp\u0142ywa\u0107 na ich [&hellip;]<\/p>\n","protected":false},"author":1,"featured_media":0,"parent":0,"menu_order":0,"comment_status":"closed","ping_status":"closed","template":"","meta":{"footnotes":""},"class_list":["post-94","page","type-page","status-publish","hentry"],"_links":{"self":[{"href":"https:\/\/zspmeszna.edu.pl\/szkola\/index.php?rest_route=\/wp\/v2\/pages\/94","targetHints":{"allow":["GET"]}}],"collection":[{"href":"https:\/\/zspmeszna.edu.pl\/szkola\/index.php?rest_route=\/wp\/v2\/pages"}],"about":[{"href":"https:\/\/zspmeszna.edu.pl\/szkola\/index.php?rest_route=\/wp\/v2\/types\/page"}],"author":[{"embeddable":true,"href":"https:\/\/zspmeszna.edu.pl\/szkola\/index.php?rest_route=\/wp\/v2\/users\/1"}],"replies":[{"embeddable":true,"href":"https:\/\/zspmeszna.edu.pl\/szkola\/index.php?rest_route=%2Fwp%2Fv2%2Fcomments&post=94"}],"version-history":[{"count":9,"href":"https:\/\/zspmeszna.edu.pl\/szkola\/index.php?rest_route=\/wp\/v2\/pages\/94\/revisions"}],"predecessor-version":[{"id":2430,"href":"https:\/\/zspmeszna.edu.pl\/szkola\/index.php?rest_route=\/wp\/v2\/pages\/94\/revisions\/2430"}],"wp:attachment":[{"href":"https:\/\/zspmeszna.edu.pl\/szkola\/index.php?rest_route=%2Fwp%2Fv2%2Fmedia&parent=94"}],"curies":[{"name":"wp","href":"https:\/\/api.w.org\/{rel}","templated":true}]}}